{"id":22013,"date":"2019-06-04T11:11:47","date_gmt":"2019-06-04T09:11:47","guid":{"rendered":"https:\/\/newimages-hub.com\/?page_id=22013"},"modified":"2019-06-13T09:37:05","modified_gmt":"2019-06-13T07:37:05","slug":"360vr","status":"publish","type":"page","link":"https:\/\/newimages-hub.com\/en\/360vr\/","title":{"rendered":"R\u00e9alit\u00e9 augment\u00e9e"},"content":{"rendered":"\n<div class=\"ghostkit-grid ghostkit-grid-gap-md\">\n<div class=\"ghostkit-col ghostkit-col-md-12 ghostkit-col-6\"><div class=\"ghostkit-col-content is-layout-flow wp-block-grid-column-is-layout-flow\"><h1     class=\"main-title \">Paris augmented, Paris revisited\u2026 AR photo exhibition<\/h1>\n<\/div><\/div>\n\n\n\n<div class=\"ghostkit-col ghostkit-col-md-12 ghostkit-col-6\"><div class=\"ghostkit-col-content is-layout-flow wp-block-grid-column-is-layout-flow\"><div      class=\"chapo \"><p>Opera, Eiffel Tower, Notre-Dame\u2026 discover these famous monuments of the French capital<br \/>\nin another way!<br \/>\nAn exhibition in Augmented Reality with NewImages Festival and TV5MONDE<\/p>\n<\/div>\n<\/div><\/div>\n<\/div>\n\n\n\n<div style=\"height:30px\" aria-hidden=\"true\" class=\"wp-block-spacer\"><\/div>\n\n\n\n<div class=\"ghostkit-grid ghostkit-grid-gap-md\">\n<div class=\"ghostkit-col ghostkit-col-md-12 ghostkit-col-6\"><div class=\"ghostkit-col-content is-layout-flow wp-block-grid-column-is-layout-flow\">\n<figure class=\"wp-block-image\"><img loading=\"lazy\" decoding=\"async\" width=\"683\" height=\"1024\" src=\"https:\/\/newimages-hub.com\/wp-content\/uploads\/2019\/06\/sebastiano-giuseppe-garilli-1345271-unsplash-683x1024.jpg\" alt=\"\" class=\"wp-image-29227\" srcset=\"https:\/\/newimages-hub.com\/wp-content\/uploads\/2019\/06\/sebastiano-giuseppe-garilli-1345271-unsplash-683x1024.jpg 683w, https:\/\/newimages-hub.com\/wp-content\/uploads\/2019\/06\/sebastiano-giuseppe-garilli-1345271-unsplash-200x300.jpg 200w, https:\/\/newimages-hub.com\/wp-content\/uploads\/2019\/06\/sebastiano-giuseppe-garilli-1345271-unsplash-768x1152.jpg 768w\" sizes=\"auto, (max-width: 683px) 100vw, 683px\" \/><figcaption>Photo by&nbsp;<a href=\"https:\/\/unsplash.com\/@garilli?utm_source=unsplash&amp;utm_medium=referral&amp;utm_content=creditCopyText\">Sebastiano Giuseppe Garilli<\/a>&nbsp;on&nbsp;<a href=\"https:\/\/unsplash.com\/?utm_source=unsplash&amp;utm_medium=referral&amp;utm_content=creditCopyText\">Unsplash<\/a><\/figcaption><\/figure>\n\n\n\n<p><\/p>\n<\/div><\/div>\n\n\n\n<div class=\"ghostkit-col ghostkit-col-md-12 ghostkit-col-6\"><div class=\"ghostkit-col-content is-layout-flow wp-block-grid-column-is-layout-flow\">\n<p>To discover these 360\u00b0 films, click on the button <img decoding=\"async\" class=\"wp-image-29206\" style=\"width: 40px;\" src=\"https:\/\/newimages-hub.com\/wp-content\/uploads\/2019\/06\/blinkl.svg\" alt=\"Blinkl\"> , scan these photographs and enjoy a new experience!<\/p>\n\n\n\n<p><\/p>\n<\/div><\/div>\n<\/div>\n","protected":false},"excerpt":{"rendered":"","protected":false},"author":1,"featured_media":0,"parent":0,"menu_order":288,"comment_status":"closed","ping_status":"closed","template":"controllers\/template-blinkl.php","meta":{"ghostkit_customizer_options":"","ghostkit_custom_css":"","ghostkit_custom_js_head":"","ghostkit_custom_js_foot":"","ghostkit_typography":"","footnotes":""},"class_list":["post-22013","page","type-page","status-publish","hentry"],"acf":[],"yoast_head":"<!-- This site is optimized with the Yoast SEO plugin v24.7 - https:\/\/yoast.com\/wordpress\/plugins\/seo\/ -->\n<title>R\u00e9alit\u00e9 augment\u00e9e | NewImages Festival<\/title>\n<meta name=\"robots\" content=\"index, follow, max-snippet:-1, max-image-preview:large, max-video-preview:-1\" \/>\n<link rel=\"canonical\" href=\"https:\/\/newimages-hub.com\/en\/360vr\/\" \/>\n<meta property=\"og:locale\" content=\"en_US\" \/>\n<meta property=\"og:type\" content=\"article\" \/>\n<meta property=\"og:title\" content=\"R\u00e9alit\u00e9 augment\u00e9e | NewImages Festival\" \/>\n<meta property=\"og:url\" content=\"https:\/\/newimages-hub.com\/en\/360vr\/\" \/>\n<meta property=\"og:site_name\" content=\"NewImages Festival\" \/>\n<meta property=\"article:publisher\" content=\"https:\/\/www.facebook.com\/Newimages.Festival\/\" \/>\n<meta property=\"article:modified_time\" content=\"2019-06-13T07:37:05+00:00\" \/>\n<meta property=\"og:image\" content=\"https:\/\/newimages-hub.com\/wp-content\/uploads\/2019\/06\/sebastiano-giuseppe-garilli-1345271-unsplash-683x1024.jpg\" \/>\n<meta name=\"twitter:card\" content=\"summary_large_image\" \/>\n<meta name=\"twitter:site\" content=\"@Newimages_Paris\" \/>\n<script type=\"application\/ld+json\" class=\"yoast-schema-graph\">{\"@context\":\"https:\/\/schema.org\",\"@graph\":[{\"@type\":\"WebPage\",\"@id\":\"https:\/\/newimages-hub.com\/en\/360vr\/\",\"url\":\"https:\/\/newimages-hub.com\/en\/360vr\/\",\"name\":\"R\u00e9alit\u00e9 augment\u00e9e | NewImages Festival\",\"isPartOf\":{\"@id\":\"https:\/\/newimages-hub.com\/en\/#website\"},\"primaryImageOfPage\":{\"@id\":\"https:\/\/newimages-hub.com\/en\/360vr\/#primaryimage\"},\"image\":{\"@id\":\"https:\/\/newimages-hub.com\/en\/360vr\/#primaryimage\"},\"thumbnailUrl\":\"https:\/\/newimages-hub.com\/wp-content\/uploads\/2019\/06\/sebastiano-giuseppe-garilli-1345271-unsplash-683x1024.jpg\",\"datePublished\":\"2019-06-04T09:11:47+00:00\",\"dateModified\":\"2019-06-13T07:37:05+00:00\",\"breadcrumb\":{\"@id\":\"https:\/\/newimages-hub.com\/en\/360vr\/#breadcrumb\"},\"inLanguage\":\"en-US\",\"potentialAction\":[{\"@type\":\"ReadAction\",\"target\":[\"https:\/\/newimages-hub.com\/en\/360vr\/\"]}]},{\"@type\":\"ImageObject\",\"inLanguage\":\"en-US\",\"@id\":\"https:\/\/newimages-hub.com\/en\/360vr\/#primaryimage\",\"url\":\"https:\/\/newimages-hub.com\/wp-content\/uploads\/2019\/06\/sebastiano-giuseppe-garilli-1345271-unsplash-683x1024.jpg\",\"contentUrl\":\"https:\/\/newimages-hub.com\/wp-content\/uploads\/2019\/06\/sebastiano-giuseppe-garilli-1345271-unsplash-683x1024.jpg\"},{\"@type\":\"BreadcrumbList\",\"@id\":\"https:\/\/newimages-hub.com\/en\/360vr\/#breadcrumb\",\"itemListElement\":[{\"@type\":\"ListItem\",\"position\":1,\"name\":\"Home\",\"item\":\"https:\/\/newimages-hub.com\/en\/\"},{\"@type\":\"ListItem\",\"position\":2,\"name\":\"R\u00e9alit\u00e9 augment\u00e9e\"}]},{\"@type\":\"WebSite\",\"@id\":\"https:\/\/newimages-hub.com\/en\/#website\",\"url\":\"https:\/\/newimages-hub.com\/en\/\",\"name\":\"NewImages Festival\",\"description\":\"Le festival de la cr\u00e9ation num\u00e9rique et des mondes virtuels\",\"publisher\":{\"@id\":\"https:\/\/newimages-hub.com\/en\/#organization\"},\"potentialAction\":[{\"@type\":\"SearchAction\",\"target\":{\"@type\":\"EntryPoint\",\"urlTemplate\":\"https:\/\/newimages-hub.com\/en\/?s={search_term_string}\"},\"query-input\":{\"@type\":\"PropertyValueSpecification\",\"valueRequired\":true,\"valueName\":\"search_term_string\"}}],\"inLanguage\":\"en-US\"},{\"@type\":\"Organization\",\"@id\":\"https:\/\/newimages-hub.com\/en\/#organization\",\"name\":\"NewImages Festival\",\"url\":\"https:\/\/newimages-hub.com\/en\/\",\"logo\":{\"@type\":\"ImageObject\",\"inLanguage\":\"en-US\",\"@id\":\"https:\/\/newimages-hub.com\/en\/#\/schema\/logo\/image\/\",\"url\":\"https:\/\/newimages-hub.com\/wp-content\/uploads\/2025\/12\/NI_LOGO_ROSE_RVB-2.png\",\"contentUrl\":\"https:\/\/newimages-hub.com\/wp-content\/uploads\/2025\/12\/NI_LOGO_ROSE_RVB-2.png\",\"width\":1181,\"height\":447,\"caption\":\"NewImages Festival\"},\"image\":{\"@id\":\"https:\/\/newimages-hub.com\/en\/#\/schema\/logo\/image\/\"},\"sameAs\":[\"https:\/\/www.facebook.com\/Newimages.Festival\/\",\"https:\/\/x.com\/Newimages_Paris\",\"http:\/\/newimages.festival\",\"https:\/\/fr.linkedin.com\/company\/newimagesart\/\"]}]}<\/script>\n<!-- \/ Yoast SEO plugin. -->","yoast_head_json":{"title":"R\u00e9alit\u00e9 augment\u00e9e | NewImages Festival","robots":{"index":"index","follow":"follow","max-snippet":"max-snippet:-1","max-image-preview":"max-image-preview:large","max-video-preview":"max-video-preview:-1"},"canonical":"https:\/\/newimages-hub.com\/en\/360vr\/","og_locale":"en_US","og_type":"article","og_title":"R\u00e9alit\u00e9 augment\u00e9e | NewImages Festival","og_url":"https:\/\/newimages-hub.com\/en\/360vr\/","og_site_name":"NewImages Festival","article_publisher":"https:\/\/www.facebook.com\/Newimages.Festival\/","article_modified_time":"2019-06-13T07:37:05+00:00","og_image":[{"url":"https:\/\/newimages-hub.com\/wp-content\/uploads\/2019\/06\/sebastiano-giuseppe-garilli-1345271-unsplash-683x1024.jpg","type":"","width":"","height":""}],"twitter_card":"summary_large_image","twitter_site":"@Newimages_Paris","schema":{"@context":"https:\/\/schema.org","@graph":[{"@type":"WebPage","@id":"https:\/\/newimages-hub.com\/en\/360vr\/","url":"https:\/\/newimages-hub.com\/en\/360vr\/","name":"R\u00e9alit\u00e9 augment\u00e9e | NewImages Festival","isPartOf":{"@id":"https:\/\/newimages-hub.com\/en\/#website"},"primaryImageOfPage":{"@id":"https:\/\/newimages-hub.com\/en\/360vr\/#primaryimage"},"image":{"@id":"https:\/\/newimages-hub.com\/en\/360vr\/#primaryimage"},"thumbnailUrl":"https:\/\/newimages-hub.com\/wp-content\/uploads\/2019\/06\/sebastiano-giuseppe-garilli-1345271-unsplash-683x1024.jpg","datePublished":"2019-06-04T09:11:47+00:00","dateModified":"2019-06-13T07:37:05+00:00","breadcrumb":{"@id":"https:\/\/newimages-hub.com\/en\/360vr\/#breadcrumb"},"inLanguage":"en-US","potentialAction":[{"@type":"ReadAction","target":["https:\/\/newimages-hub.com\/en\/360vr\/"]}]},{"@type":"ImageObject","inLanguage":"en-US","@id":"https:\/\/newimages-hub.com\/en\/360vr\/#primaryimage","url":"https:\/\/newimages-hub.com\/wp-content\/uploads\/2019\/06\/sebastiano-giuseppe-garilli-1345271-unsplash-683x1024.jpg","contentUrl":"https:\/\/newimages-hub.com\/wp-content\/uploads\/2019\/06\/sebastiano-giuseppe-garilli-1345271-unsplash-683x1024.jpg"},{"@type":"BreadcrumbList","@id":"https:\/\/newimages-hub.com\/en\/360vr\/#breadcrumb","itemListElement":[{"@type":"ListItem","position":1,"name":"Home","item":"https:\/\/newimages-hub.com\/en\/"},{"@type":"ListItem","position":2,"name":"R\u00e9alit\u00e9 augment\u00e9e"}]},{"@type":"WebSite","@id":"https:\/\/newimages-hub.com\/en\/#website","url":"https:\/\/newimages-hub.com\/en\/","name":"NewImages Festival","description":"Le festival de la cr\u00e9ation num\u00e9rique et des mondes virtuels","publisher":{"@id":"https:\/\/newimages-hub.com\/en\/#organization"},"potentialAction":[{"@type":"SearchAction","target":{"@type":"EntryPoint","urlTemplate":"https:\/\/newimages-hub.com\/en\/?s={search_term_string}"},"query-input":{"@type":"PropertyValueSpecification","valueRequired":true,"valueName":"search_term_string"}}],"inLanguage":"en-US"},{"@type":"Organization","@id":"https:\/\/newimages-hub.com\/en\/#organization","name":"NewImages Festival","url":"https:\/\/newimages-hub.com\/en\/","logo":{"@type":"ImageObject","inLanguage":"en-US","@id":"https:\/\/newimages-hub.com\/en\/#\/schema\/logo\/image\/","url":"https:\/\/newimages-hub.com\/wp-content\/uploads\/2025\/12\/NI_LOGO_ROSE_RVB-2.png","contentUrl":"https:\/\/newimages-hub.com\/wp-content\/uploads\/2025\/12\/NI_LOGO_ROSE_RVB-2.png","width":1181,"height":447,"caption":"NewImages Festival"},"image":{"@id":"https:\/\/newimages-hub.com\/en\/#\/schema\/logo\/image\/"},"sameAs":["https:\/\/www.facebook.com\/Newimages.Festival\/","https:\/\/x.com\/Newimages_Paris","http:\/\/newimages.festival","https:\/\/fr.linkedin.com\/company\/newimagesart\/"]}]}},"_links":{"self":[{"href":"https:\/\/newimages-hub.com\/en\/wp-json\/wp\/v2\/pages\/22013","targetHints":{"allow":["GET"]}}],"collection":[{"href":"https:\/\/newimages-hub.com\/en\/wp-json\/wp\/v2\/pages"}],"about":[{"href":"https:\/\/newimages-hub.com\/en\/wp-json\/wp\/v2\/types\/page"}],"author":[{"embeddable":true,"href":"https:\/\/newimages-hub.com\/en\/wp-json\/wp\/v2\/users\/1"}],"replies":[{"embeddable":true,"href":"https:\/\/newimages-hub.com\/en\/wp-json\/wp\/v2\/comments?post=22013"}],"version-history":[{"count":4,"href":"https:\/\/newimages-hub.com\/en\/wp-json\/wp\/v2\/pages\/22013\/revisions"}],"predecessor-version":[{"id":29420,"href":"https:\/\/newimages-hub.com\/en\/wp-json\/wp\/v2\/pages\/22013\/revisions\/29420"}],"wp:attachment":[{"href":"https:\/\/newimages-hub.com\/en\/wp-json\/wp\/v2\/media?parent=22013"}],"curies":[{"name":"wp","href":"https:\/\/api.w.org\/{rel}","templated":true}]}}