{"id":30998,"date":"2020-01-13T15:51:59","date_gmt":"2020-01-13T14:51:59","guid":{"rendered":"https:\/\/newimages-hub.com\/le-palmares-2019\/"},"modified":"2020-01-22T20:36:03","modified_gmt":"2020-01-22T19:36:03","slug":"winners-2019","status":"publish","type":"page","link":"https:\/\/newimages-hub.com\/en\/archives\/edition-2019\/winners-2019\/","title":{"rendered":"Winners 2019"},"content":{"rendered":"<h1     class=\"main-title \">NewImages Festival 2019<br \/>\r\nWinners<\/h1>\n\n\n\n<div class=\"ghostkit-grid ghostkit-grid-gap-md\">\n<div class=\"ghostkit-col ghostkit-col-md-12 ghostkit-col-6\"><div class=\"ghostkit-col-content is-layout-flow wp-block-grid-column-is-layout-flow\">\n<figure class=\"wp-block-image size-large\"><img loading=\"lazy\" decoding=\"async\" width=\"1024\" height=\"681\" src=\"https:\/\/newimages-hub.com\/wp-content\/uploads\/2019\/06\/AIP2018030D04274.jpg_Forum-des-images_NewImages2018_cPascal-Aimar-1024x681.jpg\" alt=\"\" class=\"wp-image-27319\" srcset=\"https:\/\/newimages-hub.com\/wp-content\/uploads\/2019\/06\/AIP2018030D04274.jpg_Forum-des-images_NewImages2018_cPascal-Aimar-1024x681.jpg 1024w, https:\/\/newimages-hub.com\/wp-content\/uploads\/2019\/06\/AIP2018030D04274.jpg_Forum-des-images_NewImages2018_cPascal-Aimar-300x200.jpg 300w, https:\/\/newimages-hub.com\/wp-content\/uploads\/2019\/06\/AIP2018030D04274.jpg_Forum-des-images_NewImages2018_cPascal-Aimar-768x511.jpg 768w\" sizes=\"auto, (max-width: 1024px) 100vw, 1024px\" \/><figcaption>Festival NewImages au Forum des Images. Paris 06 avril 2018<\/figcaption><\/figure>\n<\/div><\/div>\n\n\n\n<div class=\"ghostkit-col ghostkit-col-md-12 ghostkit-col-3\"><div class=\"ghostkit-col-content is-layout-flow wp-block-grid-column-is-layout-flow\">\n<p>The NewImages Festival, at Forum des Images event, announced the winners of its sophomore edition today. Located in the heart of Paris, NewImages is a celebration of the vibrancy of digital creation and virtual worlds, with an international program that is open to groundbreaking immersive works and experiences <\/p>\n<\/div><\/div>\n<\/div>\n\n\n\n<div style=\"height:30px\" aria-hidden=\"true\" class=\"wp-block-spacer\"><\/div>\n\n\n<h1     class=\"main-title \">3 prizes for the international VR competition<\/h1>\n\n\n\n<div style=\"height:30px\" aria-hidden=\"true\" class=\"wp-block-spacer\"><\/div>\n\n\n\n<div class=\"alignwide ghostkit-grid ghostkit-grid-gap-md ghostkit-grid-justify-content-around\">\n<div class=\"ghostkit-col ghostkit-col-md-12\"><div class=\"ghostkit-col-content is-layout-flow wp-block-grid-column-is-layout-flow\"><div      class=\"push aligncenter background-white\">\n    <h2 class=\"push-title\">Golden Mask<\/h2>        <div class=\"push-content\"><img decoding=\"async\" src=\"https:\/\/newimages-hub.com\/wp-content\/uploads\/2019\/05\/Gloomy-Eyes-poster-cop-ATLASV-3DAR-ARTE-RYOT-HTC-VIVE-web-2-700x1024.jpg\" width=\"250px\" height=\"auto\" \/>\n<h4 class=\"rich-text editor-rich-text__editable block-editor-rich-text__editable is-selected\" role=\"textbox\" contenteditable=\"true\" aria-multiline=\"true\" aria-label=\"R\u00e9digez un titre\u2026\"><a href=\"https:\/\/newimages-hub.com\/festival\/programmes\/vr-competition\/gloomy-eyes\/\"><strong data-rich-text-format-boundary=\"true\">Gloomy Eyes<\/strong><\/a><strong data-rich-text-format-boundary=\"true\">\u00a0<\/strong><\/h4>\n<p><!-- wp:paragraph --><\/p>\n<p>(France, Argentina, Taiwan, USA)<\/p>\n<p><!-- \/wp:paragraph --> <!-- wp:paragraph --><\/p>\n<p><strong>Directors:<\/strong> Jorge Tereso and Fernando Maldonado<\/p>\n<p><strong>Producers:<\/strong> AtlasV, 3DAR, Arte France, RYOT, HTC Vive<\/p>\n<p><strong>Prize worth<\/strong> \u20ac10,000<br \/>\n<!-- \/wp:paragraph --><\/p>\n<\/div>    <\/div>\n<\/div><\/div>\n\n\n\n<div class=\"ghostkit-col ghostkit-col-md-12\"><div class=\"ghostkit-col-content is-layout-flow wp-block-grid-column-is-layout-flow\"><div      class=\"push aligncenter background-white\">\n    <h2 class=\"push-title\">Special prize by the jury<\/h2>        <div class=\"push-content\"><img decoding=\"async\" src=\"https:\/\/newimages-hub.com\/wp-content\/uploads\/2019\/05\/Wolves-in-the-Wall-Its-All-Over-poster-cop-Jonathan-Case-Fable-Studio-Facebook-SoundDesign-web-2-682x1024.jpg\" width=\"250px\" height=\"auto\" \/>\n<h4 class=\"rich-text editor-rich-text__editable block-editor-rich-text__editable is-selected\" role=\"textbox\" contenteditable=\"true\" aria-multiline=\"true\" aria-label=\"R\u00e9digez un titre\u2026\"><strong><a href=\"https:\/\/newimages-hub.com\/festival\/programmes\/vr-competition\/wolves-in-the-wall-its-all-over\/\" data-rich-text-format-boundary=\"true\">Wolves in the Walls : It\u2019s all over<\/a>\u00a0<\/strong><\/h4>\n<p><!-- wp:paragraph --><\/p>\n<p>(USA)<\/p>\n<p><!-- \/wp:paragraph --> <!-- wp:paragraph --><\/p>\n<p><strong>Director:<\/strong> Pete Billington<\/p>\n<p><strong>Producers:<\/strong> Fable Studio, Facebook Sound+Design<br \/>\nSpecial<\/p>\n<p><strong>Prize worth<\/strong> \u20ac5,000<\/p>\n<p><!-- \/wp:paragraph --><\/p>\n<\/div>    <\/div>\n<\/div><\/div>\n\n\n\n<div class=\"ghostkit-col\"><div class=\"ghostkit-col-content is-layout-flow wp-block-grid-column-is-layout-flow\"><div      class=\"push aligncenter background-white\">\n    <h2 class=\"push-title\">Special mention<\/h2>        <div class=\"push-content\"><img decoding=\"async\" src=\"https:\/\/newimages-hub.com\/wp-content\/uploads\/2019\/05\/7-Lives-poster-cop-Red-Corner-web-2-724x1024.jpg\" width=\"250px\" height=\"auto\" \/>\n<h4 class=\"rich-text editor-rich-text__editable block-editor-rich-text__editable is-selected\" role=\"textbox\" contenteditable=\"true\" aria-multiline=\"true\" aria-label=\"R\u00e9digez un titre\u2026\"><strong><a href=\"https:\/\/newimages-hub.com\/festival\/programmes\/vr-competition\/wolves-in-the-wall-its-all-over\/\" data-rich-text-format-boundary=\"true\">Wolves in the Walls : It\u2019s all over<\/a>\u00a0<\/strong><\/h4>\n<p><!-- wp:paragraph --><\/p>\n<p><!-- wp:paragraph --><\/p>\n<p>(France, Belgium, Luxembourg)<\/p>\n<p><strong>Directors:<\/strong> Jan Kounen, Charles Ayats, Sabrina Calvo<\/p>\n<p><strong>Producers:<\/strong> Red Corner, France T\u00e9l\u00e9visions, a_Bahn, Frakas Productions<\/p>\n<p><!-- \/wp:paragraph --><\/p>\n<p><!-- \/wp:paragraph --><\/p>\n<\/div>    <\/div>\n<\/div><\/div>\n<\/div>\n\n\n\n<h2 class=\"wp-block-heading\"> 4 Partner Prizes <\/h2>\n\n\n\n<div class=\"alignwide ghostkit-grid ghostkit-grid-gap-md ghostkit-grid-justify-content-around\">\n<div class=\"ghostkit-col ghostkit-col-md-12\"><div class=\"ghostkit-col-content is-layout-flow wp-block-grid-column-is-layout-flow\"><div      class=\"push aligncenter background-white\">\n    <h2 class=\"push-title\">Kaleidoscope XR Financing Market Award <br \/>\r\nN\u00e9ph\u00e9l\u00e9 <\/h2>        <div class=\"push-content\"><p>&#8211;<\/p>\n<p><strong data-rich-text-format-boundary=\"true\">N\u00e9ph\u00e9l\u00e9 <\/strong>(France)<\/p>\n<p>&#8211;<\/p>\n<p><strong>Director:<\/strong> Alexandre Perez <strong>Producer :<\/strong> Flor\u00e9al Films<br \/>\n<!--more--><\/p>\n<\/div>    <\/div>\n<\/div><\/div>\n\n\n\n<div class=\"ghostkit-col ghostkit-col-md-12\"><div class=\"ghostkit-col-content is-layout-flow wp-block-grid-column-is-layout-flow\"><div      class=\"push aligncenter background-white\">\n    <h2 class=\"push-title\">French-Taiwanese VR Creation residency <\/h2>        <div class=\"push-content\"><p>&#8211;<\/p>\n<p><strong data-rich-text-format-boundary=\"true\">Atlas <\/strong>(France)<\/p>\n<p><!-- wp:paragraph --><\/p>\n<p>&#8211;<\/p>\n<p><strong>Director:<\/strong> Yann Deval (VR Artist)<\/p>\n<p><!-- \/wp:paragraph --><\/p>\n<\/div>    <\/div>\n<\/div><\/div>\n\n\n\n<div class=\"ghostkit-col\"><div class=\"ghostkit-col-content is-layout-flow wp-block-grid-column-is-layout-flow\"><div      class=\"push background-white\">\n    <h2 class=\"push-title\">SCAM prize for new storytelling<\/h2>        <div class=\"push-content\"><p>&#8211;<\/p>\n<h3 class=\"rich-text editor-rich-text__editable block-editor-rich-text__editable is-selected\" role=\"textbox\" contenteditable=\"true\" aria-multiline=\"true\" aria-label=\"R\u00e9digez un titre\u2026\"><strong><a href=\"https:\/\/newimages-hub.com\/festival\/programmes\/les-autres-experiences-du-festival\/22-7c\/\" data-rich-text-format-boundary=\"true\">-22,7\u00b0C<\/a><\/strong>\u00a0 (France)<\/h3>\n<p>&#8211;<\/p>\n<p><strong>Directors:<\/strong> Jan Kounen, Mol\u00e9cule, Amaury La Burthe<br \/>\n<strong>Producers:<\/strong> Zorba, Arte France, Novelab, DVgroup<\/p>\n<\/div>    <\/div>\n<\/div><\/div>\n\n\n\n<div class=\"ghostkit-col\"><div class=\"ghostkit-col-content is-layout-flow wp-block-grid-column-is-layout-flow\"><div      class=\"push aligncenter background-white\">\n    <h2 class=\"push-title\">PXN international prize<\/h2>        <div class=\"push-content\"><p>&#8211;<\/p>\n<p><strong data-rich-text-format-boundary=\"true\">Missing <\/strong>(Australia)<\/p>\n<p><!-- wp:paragraph --><\/p>\n<p>&#8211;<\/p>\n<p><strong>Directors:<\/strong> Kylie Boltin, Matt Smith, Tamara Dean and Jono Yuen <strong>Producer:<\/strong> SBS Australia<\/p>\n<p><!-- \/wp:paragraph --><\/p>\n<\/div>    <\/div>\n<\/div><\/div>\n<\/div>\n","protected":false},"excerpt":{"rendered":"<p>4 Partner Prizes<\/p>\n","protected":false},"author":23,"featured_media":0,"parent":30943,"menu_order":86,"comment_status":"closed","ping_status":"closed","template":"","meta":{"ghostkit_customizer_options":"","ghostkit_custom_css":"","ghostkit_custom_js_head":"","ghostkit_custom_js_foot":"","ghostkit_typography":"","footnotes":""},"class_list":["post-30998","page","type-page","status-publish","hentry"],"acf":[],"yoast_head":"<!-- This site is optimized with the Yoast SEO plugin v24.7 - https:\/\/yoast.com\/wordpress\/plugins\/seo\/ -->\n<title>Winners 2019 | NewImages Festival<\/title>\n<meta name=\"robots\" content=\"index, follow, max-snippet:-1, max-image-preview:large, max-video-preview:-1\" \/>\n<link rel=\"canonical\" href=\"https:\/\/newimages-hub.com\/en\/archives\/edition-2019\/winners-2019\/\" \/>\n<meta property=\"og:locale\" content=\"en_US\" \/>\n<meta property=\"og:type\" content=\"article\" \/>\n<meta property=\"og:title\" content=\"Winners 2019 | NewImages Festival\" \/>\n<meta property=\"og:description\" content=\"4 Partner Prizes\" \/>\n<meta property=\"og:url\" content=\"https:\/\/newimages-hub.com\/en\/archives\/edition-2019\/winners-2019\/\" \/>\n<meta property=\"og:site_name\" content=\"NewImages Festival\" \/>\n<meta property=\"article:publisher\" content=\"https:\/\/www.facebook.com\/Newimages.Festival\/\" \/>\n<meta property=\"article:modified_time\" content=\"2020-01-22T19:36:03+00:00\" \/>\n<meta property=\"og:image\" content=\"https:\/\/newimages-hub.com\/wp-content\/uploads\/2019\/06\/AIP2018030D04274.jpg_Forum-des-images_NewImages2018_cPascal-Aimar-1024x681.jpg\" \/>\n<meta name=\"twitter:card\" content=\"summary_large_image\" \/>\n<meta name=\"twitter:site\" content=\"@Newimages_Paris\" \/>\n<meta name=\"twitter:label1\" content=\"Est. reading time\" \/>\n\t<meta name=\"twitter:data1\" content=\"2 minutes\" \/>\n<script type=\"application\/ld+json\" class=\"yoast-schema-graph\">{\"@context\":\"https:\/\/schema.org\",\"@graph\":[{\"@type\":\"WebPage\",\"@id\":\"https:\/\/newimages-hub.com\/en\/archives\/edition-2019\/winners-2019\/\",\"url\":\"https:\/\/newimages-hub.com\/en\/archives\/edition-2019\/winners-2019\/\",\"name\":\"Winners 2019 | NewImages Festival\",\"isPartOf\":{\"@id\":\"https:\/\/newimages-hub.com\/en\/#website\"},\"primaryImageOfPage\":{\"@id\":\"https:\/\/newimages-hub.com\/en\/archives\/edition-2019\/winners-2019\/#primaryimage\"},\"image\":{\"@id\":\"https:\/\/newimages-hub.com\/en\/archives\/edition-2019\/winners-2019\/#primaryimage\"},\"thumbnailUrl\":\"https:\/\/newimages-hub.com\/wp-content\/uploads\/2019\/06\/AIP2018030D04274.jpg_Forum-des-images_NewImages2018_cPascal-Aimar-1024x681.jpg\",\"datePublished\":\"2020-01-13T14:51:59+00:00\",\"dateModified\":\"2020-01-22T19:36:03+00:00\",\"breadcrumb\":{\"@id\":\"https:\/\/newimages-hub.com\/en\/archives\/edition-2019\/winners-2019\/#breadcrumb\"},\"inLanguage\":\"en-US\",\"potentialAction\":[{\"@type\":\"ReadAction\",\"target\":[\"https:\/\/newimages-hub.com\/en\/archives\/edition-2019\/winners-2019\/\"]}]},{\"@type\":\"ImageObject\",\"inLanguage\":\"en-US\",\"@id\":\"https:\/\/newimages-hub.com\/en\/archives\/edition-2019\/winners-2019\/#primaryimage\",\"url\":\"https:\/\/newimages-hub.com\/wp-content\/uploads\/2019\/06\/AIP2018030D04274.jpg_Forum-des-images_NewImages2018_cPascal-Aimar-1024x681.jpg\",\"contentUrl\":\"https:\/\/newimages-hub.com\/wp-content\/uploads\/2019\/06\/AIP2018030D04274.jpg_Forum-des-images_NewImages2018_cPascal-Aimar-1024x681.jpg\"},{\"@type\":\"BreadcrumbList\",\"@id\":\"https:\/\/newimages-hub.com\/en\/archives\/edition-2019\/winners-2019\/#breadcrumb\",\"itemListElement\":[{\"@type\":\"ListItem\",\"position\":1,\"name\":\"Home\",\"item\":\"https:\/\/newimages-hub.com\/en\/\"},{\"@type\":\"ListItem\",\"position\":2,\"name\":\"Archives\",\"item\":\"https:\/\/newimages-hub.com\/en\/archives\/\"},{\"@type\":\"ListItem\",\"position\":3,\"name\":\"2019 Edition\",\"item\":\"https:\/\/newimages-hub.com\/en\/archives\/edition-2019\/\"},{\"@type\":\"ListItem\",\"position\":4,\"name\":\"Winners 2019\"}]},{\"@type\":\"WebSite\",\"@id\":\"https:\/\/newimages-hub.com\/en\/#website\",\"url\":\"https:\/\/newimages-hub.com\/en\/\",\"name\":\"NewImages Festival\",\"description\":\"Le festival de la cr\u00e9ation num\u00e9rique et des mondes virtuels\",\"publisher\":{\"@id\":\"https:\/\/newimages-hub.com\/en\/#organization\"},\"potentialAction\":[{\"@type\":\"SearchAction\",\"target\":{\"@type\":\"EntryPoint\",\"urlTemplate\":\"https:\/\/newimages-hub.com\/en\/?s={search_term_string}\"},\"query-input\":{\"@type\":\"PropertyValueSpecification\",\"valueRequired\":true,\"valueName\":\"search_term_string\"}}],\"inLanguage\":\"en-US\"},{\"@type\":\"Organization\",\"@id\":\"https:\/\/newimages-hub.com\/en\/#organization\",\"name\":\"NewImages Festival\",\"url\":\"https:\/\/newimages-hub.com\/en\/\",\"logo\":{\"@type\":\"ImageObject\",\"inLanguage\":\"en-US\",\"@id\":\"https:\/\/newimages-hub.com\/en\/#\/schema\/logo\/image\/\",\"url\":\"https:\/\/newimages-hub.com\/wp-content\/uploads\/2025\/12\/NI_LOGO_ROSE_RVB-2.png\",\"contentUrl\":\"https:\/\/newimages-hub.com\/wp-content\/uploads\/2025\/12\/NI_LOGO_ROSE_RVB-2.png\",\"width\":1181,\"height\":447,\"caption\":\"NewImages Festival\"},\"image\":{\"@id\":\"https:\/\/newimages-hub.com\/en\/#\/schema\/logo\/image\/\"},\"sameAs\":[\"https:\/\/www.facebook.com\/Newimages.Festival\/\",\"https:\/\/x.com\/Newimages_Paris\",\"http:\/\/newimages.festival\",\"https:\/\/fr.linkedin.com\/company\/newimagesart\/\"]}]}<\/script>\n<!-- \/ Yoast SEO plugin. -->","yoast_head_json":{"title":"Winners 2019 | NewImages Festival","robots":{"index":"index","follow":"follow","max-snippet":"max-snippet:-1","max-image-preview":"max-image-preview:large","max-video-preview":"max-video-preview:-1"},"canonical":"https:\/\/newimages-hub.com\/en\/archives\/edition-2019\/winners-2019\/","og_locale":"en_US","og_type":"article","og_title":"Winners 2019 | NewImages Festival","og_description":"4 Partner Prizes","og_url":"https:\/\/newimages-hub.com\/en\/archives\/edition-2019\/winners-2019\/","og_site_name":"NewImages Festival","article_publisher":"https:\/\/www.facebook.com\/Newimages.Festival\/","article_modified_time":"2020-01-22T19:36:03+00:00","og_image":[{"url":"https:\/\/newimages-hub.com\/wp-content\/uploads\/2019\/06\/AIP2018030D04274.jpg_Forum-des-images_NewImages2018_cPascal-Aimar-1024x681.jpg","type":"","width":"","height":""}],"twitter_card":"summary_large_image","twitter_site":"@Newimages_Paris","twitter_misc":{"Est. reading time":"2 minutes"},"schema":{"@context":"https:\/\/schema.org","@graph":[{"@type":"WebPage","@id":"https:\/\/newimages-hub.com\/en\/archives\/edition-2019\/winners-2019\/","url":"https:\/\/newimages-hub.com\/en\/archives\/edition-2019\/winners-2019\/","name":"Winners 2019 | NewImages Festival","isPartOf":{"@id":"https:\/\/newimages-hub.com\/en\/#website"},"primaryImageOfPage":{"@id":"https:\/\/newimages-hub.com\/en\/archives\/edition-2019\/winners-2019\/#primaryimage"},"image":{"@id":"https:\/\/newimages-hub.com\/en\/archives\/edition-2019\/winners-2019\/#primaryimage"},"thumbnailUrl":"https:\/\/newimages-hub.com\/wp-content\/uploads\/2019\/06\/AIP2018030D04274.jpg_Forum-des-images_NewImages2018_cPascal-Aimar-1024x681.jpg","datePublished":"2020-01-13T14:51:59+00:00","dateModified":"2020-01-22T19:36:03+00:00","breadcrumb":{"@id":"https:\/\/newimages-hub.com\/en\/archives\/edition-2019\/winners-2019\/#breadcrumb"},"inLanguage":"en-US","potentialAction":[{"@type":"ReadAction","target":["https:\/\/newimages-hub.com\/en\/archives\/edition-2019\/winners-2019\/"]}]},{"@type":"ImageObject","inLanguage":"en-US","@id":"https:\/\/newimages-hub.com\/en\/archives\/edition-2019\/winners-2019\/#primaryimage","url":"https:\/\/newimages-hub.com\/wp-content\/uploads\/2019\/06\/AIP2018030D04274.jpg_Forum-des-images_NewImages2018_cPascal-Aimar-1024x681.jpg","contentUrl":"https:\/\/newimages-hub.com\/wp-content\/uploads\/2019\/06\/AIP2018030D04274.jpg_Forum-des-images_NewImages2018_cPascal-Aimar-1024x681.jpg"},{"@type":"BreadcrumbList","@id":"https:\/\/newimages-hub.com\/en\/archives\/edition-2019\/winners-2019\/#breadcrumb","itemListElement":[{"@type":"ListItem","position":1,"name":"Home","item":"https:\/\/newimages-hub.com\/en\/"},{"@type":"ListItem","position":2,"name":"Archives","item":"https:\/\/newimages-hub.com\/en\/archives\/"},{"@type":"ListItem","position":3,"name":"2019 Edition","item":"https:\/\/newimages-hub.com\/en\/archives\/edition-2019\/"},{"@type":"ListItem","position":4,"name":"Winners 2019"}]},{"@type":"WebSite","@id":"https:\/\/newimages-hub.com\/en\/#website","url":"https:\/\/newimages-hub.com\/en\/","name":"NewImages Festival","description":"Le festival de la cr\u00e9ation num\u00e9rique et des mondes virtuels","publisher":{"@id":"https:\/\/newimages-hub.com\/en\/#organization"},"potentialAction":[{"@type":"SearchAction","target":{"@type":"EntryPoint","urlTemplate":"https:\/\/newimages-hub.com\/en\/?s={search_term_string}"},"query-input":{"@type":"PropertyValueSpecification","valueRequired":true,"valueName":"search_term_string"}}],"inLanguage":"en-US"},{"@type":"Organization","@id":"https:\/\/newimages-hub.com\/en\/#organization","name":"NewImages Festival","url":"https:\/\/newimages-hub.com\/en\/","logo":{"@type":"ImageObject","inLanguage":"en-US","@id":"https:\/\/newimages-hub.com\/en\/#\/schema\/logo\/image\/","url":"https:\/\/newimages-hub.com\/wp-content\/uploads\/2025\/12\/NI_LOGO_ROSE_RVB-2.png","contentUrl":"https:\/\/newimages-hub.com\/wp-content\/uploads\/2025\/12\/NI_LOGO_ROSE_RVB-2.png","width":1181,"height":447,"caption":"NewImages Festival"},"image":{"@id":"https:\/\/newimages-hub.com\/en\/#\/schema\/logo\/image\/"},"sameAs":["https:\/\/www.facebook.com\/Newimages.Festival\/","https:\/\/x.com\/Newimages_Paris","http:\/\/newimages.festival","https:\/\/fr.linkedin.com\/company\/newimagesart\/"]}]}},"_links":{"self":[{"href":"https:\/\/newimages-hub.com\/en\/wp-json\/wp\/v2\/pages\/30998","targetHints":{"allow":["GET"]}}],"collection":[{"href":"https:\/\/newimages-hub.com\/en\/wp-json\/wp\/v2\/pages"}],"about":[{"href":"https:\/\/newimages-hub.com\/en\/wp-json\/wp\/v2\/types\/page"}],"author":[{"embeddable":true,"href":"https:\/\/newimages-hub.com\/en\/wp-json\/wp\/v2\/users\/23"}],"replies":[{"embeddable":true,"href":"https:\/\/newimages-hub.com\/en\/wp-json\/wp\/v2\/comments?post=30998"}],"version-history":[{"count":9,"href":"https:\/\/newimages-hub.com\/en\/wp-json\/wp\/v2\/pages\/30998\/revisions"}],"predecessor-version":[{"id":31438,"href":"https:\/\/newimages-hub.com\/en\/wp-json\/wp\/v2\/pages\/30998\/revisions\/31438"}],"up":[{"embeddable":true,"href":"https:\/\/newimages-hub.com\/en\/wp-json\/wp\/v2\/pages\/30943"}],"wp:attachment":[{"href":"https:\/\/newimages-hub.com\/en\/wp-json\/wp\/v2\/media?parent=30998"}],"curies":[{"name":"wp","href":"https:\/\/api.w.org\/{rel}","templated":true}]}}