{"id":42125,"date":"2020-09-04T12:59:59","date_gmt":"2020-09-04T10:59:59","guid":{"rendered":"https:\/\/newimages-hub.com\/?page_id=42125"},"modified":"2022-03-30T16:03:49","modified_gmt":"2022-03-30T14:03:49","slug":"devenir-benevole","status":"publish","type":"page","link":"https:\/\/newimages-hub.com\/en\/devenir-benevole\/","title":{"rendered":"Devenir b\u00e9n\u00e9vole"},"content":{"rendered":"<h1     class=\"main-title \">Devenir b\u00e9n\u00e9vole<\/h1>\n\n\n\n<div class=\"ghostkit-grid ghostkit-grid-gap-md\"><div class=\"ghostkit-grid-inner\">\n<div class=\"ghostkit-col ghostkit-col-md-12 ghostkit-col-5\"><div class=\"ghostkit-col-content is-layout-flow wp-block-grid-column-is-layout-flow\">\n<figure class=\"wp-block-image size-large is-resized\"><img loading=\"lazy\" decoding=\"async\" src=\"https:\/\/newimages-hub.com\/wp-content\/uploads\/2020\/09\/Gilles-Coulon_Tendance-Floue-_Forum-des-images7873-683x1024.jpg\" alt=\"Appel \u00e0 b\u00e9n\u00e9voles\" class=\"wp-image-42121\" width=\"438\" height=\"655\"\/><figcaption>\u00a9 Gilles Coulon, Tendance Floue, Forum des images<\/figcaption><\/figure>\n<\/div><\/div>\n\n\n\n<div class=\"ghostkit-col ghostkit-col-md-12 ghostkit-col-5\"><div class=\"ghostkit-col-content is-layout-flow wp-block-grid-column-is-layout-flow\"><div      class=\"chapo \"><p>Envie d&#8217;une exp\u00e9rience 100% immersive au c\u0153ur du festival ? Rejoignez les \u00e9quipes du 8 au 12 juin 2022 en tant que b\u00e9n\u00e9vole.<\/p>\n<\/div>\n\n\n\n<p>Un jour, deux jours ou pendant toute la dur\u00e9e du festival&#8230; Votre pr\u00e9sence et votre aide nous sont pr\u00e9cieuses \u2764\ufe0f<\/p>\n\n\n\n<p><span style=\"text-decoration: underline;\">Vos missions<\/span> : en lien direct avec l&#8217;\u00e9quipe du festival,&nbsp;vous serez en charge de l&#8217;accueil des visiteur\u00b7euses (professionnel\u00b7les et grand public) et veillerez au bon d\u00e9roulement des exp\u00e9riences immersives.<\/p>\n\n\n\n<p>L&#8217;appel \u00e0 b\u00e9n\u00e9voles est ouvert et nous n&#8217;attendons plus que vous ! Un grand merci d&#8217;avance.<\/p>\n\n\n\n<div class=\"wp-block-buttons is-layout-flex wp-block-buttons-is-layout-flex\">\n<div class=\"wp-block-button\"><a class=\"wp-block-button__link\" href=\"https:\/\/benevolesnewimages2022.paperform.co\/\" target=\"_blank\" rel=\"noreferrer noopener\">\u2192 S&#8217;inscrire<\/a><\/div>\n<\/div>\n\n\n<div      class=\"chapo \"><\/div>\n<\/div><\/div>\n\n\n\n<div class=\"ghostkit-col ghostkit-col-1 is-layout-flow wp-block-grid-column-is-layout-flow\"><div class=\"ghostkit-col-content\"><\/div><\/div>\n<\/div><\/div>\n","protected":false},"excerpt":{"rendered":"","protected":false},"author":23,"featured_media":0,"parent":0,"menu_order":70,"comment_status":"closed","ping_status":"closed","template":"","meta":{"ghostkit_customizer_options":"","ghostkit_custom_css":"","ghostkit_custom_js_head":"","ghostkit_custom_js_foot":"","ghostkit_typography":"","footnotes":""},"class_list":["post-42125","page","type-page","status-publish","hentry"],"acf":[],"yoast_head":"<!-- This site is optimized with the Yoast SEO plugin v24.7 - https:\/\/yoast.com\/wordpress\/plugins\/seo\/ -->\n<title>Devenir b\u00e9n\u00e9vole | NewImages Festival<\/title>\n<meta name=\"description\" content=\"Envie d\u2019une exp\u00e9rience 100% immersive au c\u0153ur du festival ? Rejoignez les \u00e9quipes du 8 au 12 juin 2022 en tant que b\u00e9n\u00e9vole.\" \/>\n<meta name=\"robots\" content=\"index, follow, max-snippet:-1, max-image-preview:large, max-video-preview:-1\" \/>\n<link rel=\"canonical\" href=\"https:\/\/newimages-hub.com\/en\/devenir-benevole\/\" \/>\n<meta property=\"og:locale\" content=\"en_US\" \/>\n<meta property=\"og:type\" content=\"article\" \/>\n<meta property=\"og:title\" content=\"Devenir b\u00e9n\u00e9vole | NewImages Festival\" \/>\n<meta property=\"og:description\" content=\"Envie d\u2019une exp\u00e9rience 100% immersive au c\u0153ur du festival ? Rejoignez les \u00e9quipes du 8 au 12 juin 2022 en tant que b\u00e9n\u00e9vole.\" \/>\n<meta property=\"og:url\" content=\"https:\/\/newimages-hub.com\/en\/devenir-benevole\/\" \/>\n<meta property=\"og:site_name\" content=\"NewImages Festival\" \/>\n<meta property=\"article:publisher\" content=\"https:\/\/www.facebook.com\/Newimages.Festival\/\" \/>\n<meta property=\"article:modified_time\" content=\"2022-03-30T14:03:49+00:00\" \/>\n<meta property=\"og:image\" content=\"https:\/\/newimages-hub.com\/wp-content\/uploads\/2020\/09\/Gilles-Coulon_Tendance-Floue-_Forum-des-images7873-683x1024.jpg\" \/>\n<meta name=\"twitter:card\" content=\"summary_large_image\" \/>\n<meta name=\"twitter:site\" content=\"@Newimages_Paris\" \/>\n<meta name=\"twitter:label1\" content=\"Est. reading time\" \/>\n\t<meta name=\"twitter:data1\" content=\"1 minute\" \/>\n<script type=\"application\/ld+json\" class=\"yoast-schema-graph\">{\"@context\":\"https:\/\/schema.org\",\"@graph\":[{\"@type\":\"WebPage\",\"@id\":\"https:\/\/newimages-hub.com\/en\/devenir-benevole\/\",\"url\":\"https:\/\/newimages-hub.com\/en\/devenir-benevole\/\",\"name\":\"Devenir b\u00e9n\u00e9vole | NewImages Festival\",\"isPartOf\":{\"@id\":\"https:\/\/newimages-hub.com\/en\/#website\"},\"primaryImageOfPage\":{\"@id\":\"https:\/\/newimages-hub.com\/en\/devenir-benevole\/#primaryimage\"},\"image\":{\"@id\":\"https:\/\/newimages-hub.com\/en\/devenir-benevole\/#primaryimage\"},\"thumbnailUrl\":\"https:\/\/newimages-hub.com\/wp-content\/uploads\/2020\/09\/Gilles-Coulon_Tendance-Floue-_Forum-des-images7873-683x1024.jpg\",\"datePublished\":\"2020-09-04T10:59:59+00:00\",\"dateModified\":\"2022-03-30T14:03:49+00:00\",\"description\":\"Envie d\u2019une exp\u00e9rience 100% immersive au c\u0153ur du festival ? Rejoignez les \u00e9quipes du 8 au 12 juin 2022 en tant que b\u00e9n\u00e9vole.\",\"breadcrumb\":{\"@id\":\"https:\/\/newimages-hub.com\/en\/devenir-benevole\/#breadcrumb\"},\"inLanguage\":\"en-US\",\"potentialAction\":[{\"@type\":\"ReadAction\",\"target\":[\"https:\/\/newimages-hub.com\/en\/devenir-benevole\/\"]}]},{\"@type\":\"ImageObject\",\"inLanguage\":\"en-US\",\"@id\":\"https:\/\/newimages-hub.com\/en\/devenir-benevole\/#primaryimage\",\"url\":\"https:\/\/newimages-hub.com\/wp-content\/uploads\/2020\/09\/Gilles-Coulon_Tendance-Floue-_Forum-des-images7873-683x1024.jpg\",\"contentUrl\":\"https:\/\/newimages-hub.com\/wp-content\/uploads\/2020\/09\/Gilles-Coulon_Tendance-Floue-_Forum-des-images7873-683x1024.jpg\"},{\"@type\":\"BreadcrumbList\",\"@id\":\"https:\/\/newimages-hub.com\/en\/devenir-benevole\/#breadcrumb\",\"itemListElement\":[{\"@type\":\"ListItem\",\"position\":1,\"name\":\"Home\",\"item\":\"https:\/\/newimages-hub.com\/en\/\"},{\"@type\":\"ListItem\",\"position\":2,\"name\":\"Devenir b\u00e9n\u00e9vole\"}]},{\"@type\":\"WebSite\",\"@id\":\"https:\/\/newimages-hub.com\/en\/#website\",\"url\":\"https:\/\/newimages-hub.com\/en\/\",\"name\":\"NewImages Festival\",\"description\":\"Le festival de la cr\u00e9ation num\u00e9rique et des mondes virtuels\",\"publisher\":{\"@id\":\"https:\/\/newimages-hub.com\/en\/#organization\"},\"potentialAction\":[{\"@type\":\"SearchAction\",\"target\":{\"@type\":\"EntryPoint\",\"urlTemplate\":\"https:\/\/newimages-hub.com\/en\/?s={search_term_string}\"},\"query-input\":{\"@type\":\"PropertyValueSpecification\",\"valueRequired\":true,\"valueName\":\"search_term_string\"}}],\"inLanguage\":\"en-US\"},{\"@type\":\"Organization\",\"@id\":\"https:\/\/newimages-hub.com\/en\/#organization\",\"name\":\"NewImages Festival\",\"url\":\"https:\/\/newimages-hub.com\/en\/\",\"logo\":{\"@type\":\"ImageObject\",\"inLanguage\":\"en-US\",\"@id\":\"https:\/\/newimages-hub.com\/en\/#\/schema\/logo\/image\/\",\"url\":\"https:\/\/newimages-hub.com\/wp-content\/uploads\/2025\/12\/NI_LOGO_ROSE_RVB-2.png\",\"contentUrl\":\"https:\/\/newimages-hub.com\/wp-content\/uploads\/2025\/12\/NI_LOGO_ROSE_RVB-2.png\",\"width\":1181,\"height\":447,\"caption\":\"NewImages Festival\"},\"image\":{\"@id\":\"https:\/\/newimages-hub.com\/en\/#\/schema\/logo\/image\/\"},\"sameAs\":[\"https:\/\/www.facebook.com\/Newimages.Festival\/\",\"https:\/\/x.com\/Newimages_Paris\",\"http:\/\/newimages.festival\",\"https:\/\/fr.linkedin.com\/company\/newimagesart\/\"]}]}<\/script>\n<!-- \/ Yoast SEO plugin. -->","yoast_head_json":{"title":"Devenir b\u00e9n\u00e9vole | NewImages Festival","description":"Envie d\u2019une exp\u00e9rience 100% immersive au c\u0153ur du festival ? Rejoignez les \u00e9quipes du 8 au 12 juin 2022 en tant que b\u00e9n\u00e9vole.","robots":{"index":"index","follow":"follow","max-snippet":"max-snippet:-1","max-image-preview":"max-image-preview:large","max-video-preview":"max-video-preview:-1"},"canonical":"https:\/\/newimages-hub.com\/en\/devenir-benevole\/","og_locale":"en_US","og_type":"article","og_title":"Devenir b\u00e9n\u00e9vole | NewImages Festival","og_description":"Envie d\u2019une exp\u00e9rience 100% immersive au c\u0153ur du festival ? Rejoignez les \u00e9quipes du 8 au 12 juin 2022 en tant que b\u00e9n\u00e9vole.","og_url":"https:\/\/newimages-hub.com\/en\/devenir-benevole\/","og_site_name":"NewImages Festival","article_publisher":"https:\/\/www.facebook.com\/Newimages.Festival\/","article_modified_time":"2022-03-30T14:03:49+00:00","og_image":[{"url":"https:\/\/newimages-hub.com\/wp-content\/uploads\/2020\/09\/Gilles-Coulon_Tendance-Floue-_Forum-des-images7873-683x1024.jpg","type":"","width":"","height":""}],"twitter_card":"summary_large_image","twitter_site":"@Newimages_Paris","twitter_misc":{"Est. reading time":"1 minute"},"schema":{"@context":"https:\/\/schema.org","@graph":[{"@type":"WebPage","@id":"https:\/\/newimages-hub.com\/en\/devenir-benevole\/","url":"https:\/\/newimages-hub.com\/en\/devenir-benevole\/","name":"Devenir b\u00e9n\u00e9vole | NewImages Festival","isPartOf":{"@id":"https:\/\/newimages-hub.com\/en\/#website"},"primaryImageOfPage":{"@id":"https:\/\/newimages-hub.com\/en\/devenir-benevole\/#primaryimage"},"image":{"@id":"https:\/\/newimages-hub.com\/en\/devenir-benevole\/#primaryimage"},"thumbnailUrl":"https:\/\/newimages-hub.com\/wp-content\/uploads\/2020\/09\/Gilles-Coulon_Tendance-Floue-_Forum-des-images7873-683x1024.jpg","datePublished":"2020-09-04T10:59:59+00:00","dateModified":"2022-03-30T14:03:49+00:00","description":"Envie d\u2019une exp\u00e9rience 100% immersive au c\u0153ur du festival ? Rejoignez les \u00e9quipes du 8 au 12 juin 2022 en tant que b\u00e9n\u00e9vole.","breadcrumb":{"@id":"https:\/\/newimages-hub.com\/en\/devenir-benevole\/#breadcrumb"},"inLanguage":"en-US","potentialAction":[{"@type":"ReadAction","target":["https:\/\/newimages-hub.com\/en\/devenir-benevole\/"]}]},{"@type":"ImageObject","inLanguage":"en-US","@id":"https:\/\/newimages-hub.com\/en\/devenir-benevole\/#primaryimage","url":"https:\/\/newimages-hub.com\/wp-content\/uploads\/2020\/09\/Gilles-Coulon_Tendance-Floue-_Forum-des-images7873-683x1024.jpg","contentUrl":"https:\/\/newimages-hub.com\/wp-content\/uploads\/2020\/09\/Gilles-Coulon_Tendance-Floue-_Forum-des-images7873-683x1024.jpg"},{"@type":"BreadcrumbList","@id":"https:\/\/newimages-hub.com\/en\/devenir-benevole\/#breadcrumb","itemListElement":[{"@type":"ListItem","position":1,"name":"Home","item":"https:\/\/newimages-hub.com\/en\/"},{"@type":"ListItem","position":2,"name":"Devenir b\u00e9n\u00e9vole"}]},{"@type":"WebSite","@id":"https:\/\/newimages-hub.com\/en\/#website","url":"https:\/\/newimages-hub.com\/en\/","name":"NewImages Festival","description":"Le festival de la cr\u00e9ation num\u00e9rique et des mondes virtuels","publisher":{"@id":"https:\/\/newimages-hub.com\/en\/#organization"},"potentialAction":[{"@type":"SearchAction","target":{"@type":"EntryPoint","urlTemplate":"https:\/\/newimages-hub.com\/en\/?s={search_term_string}"},"query-input":{"@type":"PropertyValueSpecification","valueRequired":true,"valueName":"search_term_string"}}],"inLanguage":"en-US"},{"@type":"Organization","@id":"https:\/\/newimages-hub.com\/en\/#organization","name":"NewImages Festival","url":"https:\/\/newimages-hub.com\/en\/","logo":{"@type":"ImageObject","inLanguage":"en-US","@id":"https:\/\/newimages-hub.com\/en\/#\/schema\/logo\/image\/","url":"https:\/\/newimages-hub.com\/wp-content\/uploads\/2025\/12\/NI_LOGO_ROSE_RVB-2.png","contentUrl":"https:\/\/newimages-hub.com\/wp-content\/uploads\/2025\/12\/NI_LOGO_ROSE_RVB-2.png","width":1181,"height":447,"caption":"NewImages Festival"},"image":{"@id":"https:\/\/newimages-hub.com\/en\/#\/schema\/logo\/image\/"},"sameAs":["https:\/\/www.facebook.com\/Newimages.Festival\/","https:\/\/x.com\/Newimages_Paris","http:\/\/newimages.festival","https:\/\/fr.linkedin.com\/company\/newimagesart\/"]}]}},"_links":{"self":[{"href":"https:\/\/newimages-hub.com\/en\/wp-json\/wp\/v2\/pages\/42125","targetHints":{"allow":["GET"]}}],"collection":[{"href":"https:\/\/newimages-hub.com\/en\/wp-json\/wp\/v2\/pages"}],"about":[{"href":"https:\/\/newimages-hub.com\/en\/wp-json\/wp\/v2\/types\/page"}],"author":[{"embeddable":true,"href":"https:\/\/newimages-hub.com\/en\/wp-json\/wp\/v2\/users\/23"}],"replies":[{"embeddable":true,"href":"https:\/\/newimages-hub.com\/en\/wp-json\/wp\/v2\/comments?post=42125"}],"version-history":[{"count":14,"href":"https:\/\/newimages-hub.com\/en\/wp-json\/wp\/v2\/pages\/42125\/revisions"}],"predecessor-version":[{"id":63203,"href":"https:\/\/newimages-hub.com\/en\/wp-json\/wp\/v2\/pages\/42125\/revisions\/63203"}],"wp:attachment":[{"href":"https:\/\/newimages-hub.com\/en\/wp-json\/wp\/v2\/media?parent=42125"}],"curies":[{"name":"wp","href":"https:\/\/api.w.org\/{rel}","templated":true}]}}