{"id":58482,"date":"2021-09-14T09:42:59","date_gmt":"2021-09-14T07:42:59","guid":{"rendered":"https:\/\/newimages-hub.com\/journees-pro-archives-2021-2\/"},"modified":"2022-10-21T11:04:42","modified_gmt":"2022-10-21T09:04:42","slug":"industry-days-2021-archives","status":"publish","type":"page","link":"https:\/\/newimages-hub.com\/en\/industry-days-2021-archives\/","title":{"rendered":"Industry Days 2021 Archives"},"content":{"rendered":"<h1     class=\"main-title \">Journ\u00e9es pro, archives 2021<\/h1>\n\n<div class=\"ghostkit-grid ghostkit-grid-gap-md\"><div class=\"ghostkit-grid-inner\">\n<div class=\"ghostkit-col ghostkit-col-md-12 ghostkit-col-5\"><div class=\"ghostkit-col-content is-layout-flow wp-block-grid-column-is-layout-flow\"><div      class=\"chapo \"><p>Avec leur double acc\u00e8s in situ et en ligne, les Journ\u00e9es pro 2021 ont une fois encore suscit\u00e9 l\u2019enthousiasme des professionnel\u00b7les.<\/p>\n<\/div>\n\n\n\n<p>Malgr\u00e9 la persistance de certaines restrictions en lien avec la situation sanitaire, les Journ\u00e9es pro 2021 affichent un nouveau record de fr\u00e9quentation avec une hausse de 30% du nombre de participant\u00b7es accr\u00e9dit\u00e9\u00b7es !<\/p>\n\n\n\n<p>Invit\u00e9\u00b7es, conf\u00e9rences, XR Financing Market, workshops&#8230; Retour sur une \u00e9dition riche, plac\u00e9e sous le signe des retrouvailles pour la communaut\u00e9 XR !<\/p>\n\n\n\n<div class=\"wp-block-buttons is-layout-flex wp-block-buttons-is-layout-flex\">\n<div class=\"wp-block-button\"><a class=\"wp-block-button__link\" href=\"https:\/\/app.swapcard.com\/event\/newimages-festival-network\" target=\"_blank\" rel=\"noreferrer noopener\">\u2192 Accr\u00e9dit\u00e9\u00b7es : acc\u00e9dez \u00e0 votre espace pro !<\/a><\/div>\n<\/div>\n<\/div><\/div>\n\n\n\n<div class=\"ghostkit-col ghostkit-col-md-12 ghostkit-col-7\"><div class=\"ghostkit-col-content is-layout-flow wp-block-grid-column-is-layout-flow\">\n<figure class=\"wp-block-image size-large\"><img loading=\"lazy\" decoding=\"async\" width=\"1024\" height=\"659\" src=\"https:\/\/newimages-hub.com\/wp-content\/uploads\/2021\/09\/DSC06115-journees-pro-2021-1024x659.jpg\" alt=\"\" class=\"wp-image-58273\" srcset=\"https:\/\/newimages-hub.com\/wp-content\/uploads\/2021\/09\/DSC06115-journees-pro-2021-1024x659.jpg 1024w, https:\/\/newimages-hub.com\/wp-content\/uploads\/2021\/09\/DSC06115-journees-pro-2021-300x193.jpg 300w, https:\/\/newimages-hub.com\/wp-content\/uploads\/2021\/09\/DSC06115-journees-pro-2021-768x494.jpg 768w, https:\/\/newimages-hub.com\/wp-content\/uploads\/2021\/09\/DSC06115-journees-pro-2021-1536x989.jpg 1536w, https:\/\/newimages-hub.com\/wp-content\/uploads\/2021\/09\/DSC06115-journees-pro-2021-2048x1318.jpg 2048w, https:\/\/newimages-hub.com\/wp-content\/uploads\/2021\/09\/DSC06115-journees-pro-2021-500x322.jpg 500w, https:\/\/newimages-hub.com\/wp-content\/uploads\/2021\/09\/DSC06115-journees-pro-2021-800x515.jpg 800w, https:\/\/newimages-hub.com\/wp-content\/uploads\/2021\/09\/DSC06115-journees-pro-2021-1280x824.jpg 1280w, https:\/\/newimages-hub.com\/wp-content\/uploads\/2021\/09\/DSC06115-journees-pro-2021-1920x1236.jpg 1920w\" sizes=\"auto, (max-width: 1024px) 100vw, 1024px\" \/><figcaption>\u00a9 Rebecca Gallon, NewImages Festival 2021<\/figcaption><\/figure><\/div><\/div>\n<\/div><\/div>\n\n<div style=\"height:50px\" aria-hidden=\"true\" class=\"wp-block-spacer\"><\/div>\n\n<h2 class=\"ghostkit-custom-Z28ew3A wp-block-heading\">En quelques chiffres<\/h2>\n\n<div style=\"height:30px\" aria-hidden=\"true\" class=\"wp-block-spacer\"><\/div>\n\n<div class=\"ghostkit-grid ghostkit-grid-gap-md\"><div class=\"ghostkit-grid-inner\">\n<div class=\"ghostkit-col ghostkit-col-md-12 ghostkit-col-lg-6 ghostkit-col-3\"><div class=\"ghostkit-col-content is-layout-flow wp-block-grid-column-is-layout-flow\"><div      class=\"push background-white\">\n    <h2 class=\"push-title\">800<\/h2>        <div class=\"push-content\"><p>professionnel\u00b7les accr\u00e9dit\u00e9\u00b7es (+30%)<\/p>\n<\/div>    <\/div>\n<\/div><\/div>\n\n\n\n<div class=\"ghostkit-col ghostkit-col-md-12 ghostkit-col-lg-6 ghostkit-col-3\"><div class=\"ghostkit-col-content is-layout-flow wp-block-grid-column-is-layout-flow\"><div      class=\"push background-white\">\n    <h2 class=\"push-title\">46<\/h2>        <div class=\"push-content\"><p>nationalit\u00e9s repr\u00e9sent\u00e9es<\/p>\n<\/div>    <\/div>\n<\/div><\/div>\n\n\n\n<div class=\"ghostkit-col ghostkit-col-md-12 ghostkit-col-lg-6 ghostkit-col-3\"><div class=\"ghostkit-col-content is-layout-flow wp-block-grid-column-is-layout-flow\"><div      class=\"push background-white\">\n    <h2 class=\"push-title\">17<\/h2>        <div class=\"push-content\"><p>exp\u00e9riences en comp\u00e9tition<\/p>\n<\/div>    <\/div>\n<\/div><\/div>\n\n\n\n<div class=\"ghostkit-col ghostkit-col-md-12 ghostkit-col-lg-6 ghostkit-col-3\"><div class=\"ghostkit-col-content is-layout-flow wp-block-grid-column-is-layout-flow\"><div      class=\"push background-white\">\n    <h2 class=\"push-title\">3 000<\/h2>        <div class=\"push-content\"><p>visites par jour pour l\u2019expo virtuelle XR3<\/p>\n<\/div>    <\/div>\n<\/div><\/div>\n<\/div><\/div>\n\n<div style=\"height:20px\" aria-hidden=\"true\" class=\"wp-block-spacer\"><\/div>\n\n<div class=\"ghostkit-grid ghostkit-grid-gap-md\"><div class=\"ghostkit-grid-inner\">\n<div class=\"ghostkit-col ghostkit-col-md-12 ghostkit-col-lg-6 ghostkit-col-3\"><div class=\"ghostkit-col-content is-layout-flow wp-block-grid-column-is-layout-flow\"><div      class=\"push background-white\">\n    <h2 class=\"push-title\">41<\/h2>        <div class=\"push-content\"><p>projets pr\u00e9sent\u00e9s au XR Financing Market<\/p>\n<\/div>    <\/div>\n<\/div><\/div>\n\n\n\n<div class=\"ghostkit-col ghostkit-col-md-12 ghostkit-col-lg-6 ghostkit-col-3\"><div class=\"ghostkit-col-content is-layout-flow wp-block-grid-column-is-layout-flow\"><div      class=\"push background-white\">\n    <h2 class=\"push-title\">450<\/h2>        <div class=\"push-content\"><p>rendez-vous organis\u00e9s (+34%)<\/p>\n<\/div>    <\/div>\n<\/div><\/div>\n\n\n\n<div class=\"ghostkit-col ghostkit-col-md-12 ghostkit-col-lg-6 ghostkit-col-3\"><div class=\"ghostkit-col-content is-layout-flow wp-block-grid-column-is-layout-flow\"><div      class=\"push background-white\">\n    <h2 class=\"push-title\">33<\/h2>        <div class=\"push-content\"><p>nationalit\u00e9s au XR Financing Market<\/p>\n<\/div>    <\/div>\n<\/div><\/div>\n\n\n\n<div class=\"ghostkit-col ghostkit-col-md-12 ghostkit-col-lg-6 ghostkit-col-3\"><div class=\"ghostkit-col-content is-layout-flow wp-block-grid-column-is-layout-flow\"><div      class=\"push background-white\">\n    <h2 class=\"push-title\">94<\/h2>        <div class=\"push-content\"><p>Decision Makers invit\u00e9\u00b7es (+100%)<\/p>\n<\/div>    <\/div>\n<\/div><\/div>\n<\/div><\/div>\n\n<div style=\"height:75px\" aria-hidden=\"true\" class=\"wp-block-spacer\"><\/div>\n\n<div class=\"ghostkit-grid ghostkit-grid-gap-md\"><div class=\"ghostkit-grid-inner\">\n<div class=\"ghostkit-col ghostkit-col-md-12 ghostkit-col-6\"><div class=\"ghostkit-col-content is-layout-flow wp-block-grid-column-is-layout-flow\">\n<h2 class=\"ghostkit-custom-27zbTT wp-block-heading\">Les projets s\u00e9lectionn\u00e9s<\/h2>\n<\/div><\/div>\n\n\n\n<div class=\"ghostkit-col ghostkit-col-md-12 ghostkit-col-6\"><div class=\"ghostkit-col-content is-layout-flow wp-block-grid-column-is-layout-flow\">\n<h2 class=\"ghostkit-custom-1520Dt wp-block-heading\">Les invit\u00e9\u00b7es<\/h2>\n<\/div><\/div>\n<\/div><\/div>\n\n<div style=\"height:30px\" aria-hidden=\"true\" class=\"wp-block-spacer\"><\/div>\n\n<div class=\"ghostkit-grid ghostkit-grid-gap-md\"><div class=\"ghostkit-grid-inner\">\n<div class=\"ghostkit-col ghostkit-col-md-12 ghostkit-col-lg-6 ghostkit-col-3\"><div class=\"ghostkit-col-content is-layout-flow wp-block-grid-column-is-layout-flow\"><div      class=\"push background-white\">\n            <div class=\"push-content\"><p><a href=\"https:\/\/newimages-hub.com\/selection-xr\/\"><strong>XR Competition<\/strong><\/a><\/p>\n<\/div>    <\/div>\n<\/div><\/div>\n\n\n\n<div class=\"ghostkit-col ghostkit-col-md-12 ghostkit-col-lg-6 ghostkit-col-3\"><div class=\"ghostkit-col-content is-layout-flow wp-block-grid-column-is-layout-flow\"><div      class=\"push background-white\">\n            <div class=\"push-content\"><p><a href=\"https:\/\/newimages-hub.com\/programme-journees-pro-2021\/landing-xr-financing-market-2021\/xrfm-2021-projets-selectionnes\/\"><strong>XR Financing Market<\/strong><\/a><\/p>\n<\/div>    <\/div>\n<\/div><\/div>\n\n\n\n<div class=\"ghostkit-col ghostkit-col-md-12 ghostkit-col-lg-6 ghostkit-col-3\"><div class=\"ghostkit-col-content is-layout-flow wp-block-grid-column-is-layout-flow\"><div      class=\"push background-white\">\n            <div class=\"push-content\"><p><a href=\"https:\/\/newimages-hub.com\/programme-journees-pro-2021\/intervenants-et-invites-2021\/speakers-2021\/\"><strong>Speakers<\/strong><\/a><\/p>\n<\/div>    <\/div>\n<\/div><\/div>\n\n\n\n<div class=\"ghostkit-col ghostkit-col-md-12 ghostkit-col-lg-6 ghostkit-col-3\"><div class=\"ghostkit-col-content is-layout-flow wp-block-grid-column-is-layout-flow\"><div      class=\"push background-white\">\n            <div class=\"push-content\"><p><a href=\"https:\/\/newimages-hub.com\/programme-journees-pro-2021\/decision-makers-2021-2\/\"><strong>Decision Makers<\/strong><\/a><\/p>\n<\/div>    <\/div>\n<\/div><\/div>\n<\/div><\/div>\n\n<div style=\"height:50px\" aria-hidden=\"true\" class=\"wp-block-spacer\"><\/div>\n\n<h2 class=\"ghostkit-custom-Z2o9WM3 wp-block-heading\">Au programme<\/h2>\n\n<div style=\"height:30px\" aria-hidden=\"true\" class=\"wp-block-spacer\"><\/div>\n\n<div class=\"ghostkit-grid ghostkit-grid-gap-md\"><div class=\"ghostkit-grid-inner\">\n<div class=\"ghostkit-col ghostkit-col-md-12 ghostkit-col-lg-6 ghostkit-col-3\"><div class=\"ghostkit-col-content is-layout-flow wp-block-grid-column-is-layout-flow\"><div      class=\"push background-white\">\n            <div class=\"push-content\"><p><a href=\"https:\/\/newimages-hub.com\/programme-journees-pro-2021\/\"><strong>L&#8217;agenda pro<\/strong><\/a><\/p>\n<\/div>    <\/div>\n<\/div><\/div>\n\n\n\n<div class=\"ghostkit-col ghostkit-col-md-12 ghostkit-col-lg-6 ghostkit-col-3\"><div class=\"ghostkit-col-content is-layout-flow wp-block-grid-column-is-layout-flow\"><div      class=\"push background-white\">\n            <div class=\"push-content\"><p><a href=\"https:\/\/newimages-hub.com\/presentation-edition-2021\/focus-creation-afrique\/\"><strong>Saison Africa2020<\/strong><\/a><\/p>\n<\/div>    <\/div>\n<\/div><\/div>\n\n\n\n<div class=\"ghostkit-col ghostkit-col-md-12 ghostkit-col-lg-6 ghostkit-col-3\"><div class=\"ghostkit-col-content is-layout-flow wp-block-grid-column-is-layout-flow\"><div      class=\"push background-white\">\n            <div class=\"push-content\"><p><a href=\"https:\/\/newimages-hub.com\/edition-2021\/xr3\/\"><strong>XR3, l&#8217;expo virtuelle<\/strong><\/a><\/p>\n<\/div>    <\/div>\n<\/div><\/div>\n\n\n\n<div class=\"ghostkit-col ghostkit-col-md-12 ghostkit-col-lg-6 ghostkit-col-3 is-layout-flow wp-block-grid-column-is-layout-flow\"><div class=\"ghostkit-col-content\"><\/div><\/div>\n<\/div><\/div>\n\n<div style=\"height:50px\" aria-hidden=\"true\" class=\"wp-block-spacer\"><\/div>\n\n<h2 class=\"ghostkit-custom-C8C4j wp-block-heading\">Les programmes pro et r\u00e9sidences<\/h2>\n\n<div style=\"height:30px\" aria-hidden=\"true\" class=\"wp-block-spacer\"><\/div>\n\n<div class=\"ghostkit-grid ghostkit-grid-gap-md\"><div class=\"ghostkit-grid-inner\">\n<div class=\"ghostkit-col ghostkit-col-md-12 ghostkit-col-lg-6 ghostkit-col-3\"><div class=\"ghostkit-col-content is-layout-flow wp-block-grid-column-is-layout-flow\"><div      class=\"push background-white\">\n            <div class=\"push-content\"><p><a href=\"https:\/\/newimages-hub.com\/programme-journees-pro-2021\/programmes-residences\/taiwan-xr-residency-2021\/\"><strong>Taiwan XR<br \/>\nResidency<\/strong><\/a><\/p>\n<\/div>    <\/div>\n<\/div><\/div>\n\n\n\n<div class=\"ghostkit-col ghostkit-col-md-12 ghostkit-col-lg-6 ghostkit-col-3\"><div class=\"ghostkit-col-content is-layout-flow wp-block-grid-column-is-layout-flow\"><div      class=\"push background-white\">\n            <div class=\"push-content\"><p><strong><a href=\"https:\/\/newimages-hub.com\/programme-journees-pro-2021\/programmes-residences\/residence-xr-afrique-france\/\">R\u00e9sidence XR Afrique-France<\/a><\/strong><\/p>\n<\/div>    <\/div>\n<\/div><\/div>\n\n\n\n<div class=\"ghostkit-col ghostkit-col-md-12 ghostkit-col-lg-6 ghostkit-col-3\"><div class=\"ghostkit-col-content is-layout-flow wp-block-grid-column-is-layout-flow\"><div      class=\"push background-white\">\n            <div class=\"push-content\"><p><a href=\"https:\/\/newimages-hub.com\/taiwan-x-france-xr-day-2021-juin-2021\/\"><strong>Taiwan x France<br \/>\nXR Day<\/strong><\/a><\/p>\n<\/div>    <\/div>\n<\/div><\/div>\n\n\n\n<div class=\"ghostkit-col ghostkit-col-md-12 ghostkit-col-lg-6 ghostkit-col-3\"><div class=\"ghostkit-col-content is-layout-flow wp-block-grid-column-is-layout-flow\"><div      class=\"push background-white\">\n            <div class=\"push-content\"><p><a href=\"https:\/\/newimages-hub.com\/newimages-festival-residenza-medicis\/\"><strong>Annonce : R\u00e9sidence XR Farnese &#8211; M\u00e9dicis<\/strong><\/a><\/p>\n<\/div>    <\/div>\n<\/div><\/div>\n<\/div><\/div>\n\n<div style=\"height:50px\" aria-hidden=\"true\" class=\"wp-block-spacer\"><\/div>\n\n<h2 class=\"ghostkit-custom-Z11l2i6 wp-block-heading\">\u00c0 t\u00e9l\u00e9charger<\/h2>\n\n<div style=\"height:30px\" aria-hidden=\"true\" class=\"wp-block-spacer\"><\/div>\n\n<div class=\"ghostkit-grid ghostkit-grid-gap-md\"><div class=\"ghostkit-grid-inner\">\n<div class=\"ghostkit-col ghostkit-col-md-12 ghostkit-col-lg-6 ghostkit-col-3\"><div class=\"ghostkit-col-content is-layout-flow wp-block-grid-column-is-layout-flow\"><div      class=\"push background-white\">\n            <div class=\"push-content\"><p><a href=\"https:\/\/newimages-hub.com\/wp-content\/uploads\/2021\/05\/Brochure_NIF21_pages_BAT.pdf\" target=\"_blank\" rel=\"noopener\"><strong>La brochure du festival<\/strong><\/a><\/p>\n<\/div>    <\/div>\n<\/div><\/div>\n\n\n\n<div class=\"ghostkit-col ghostkit-col-md-12 ghostkit-col-lg-6 ghostkit-col-3\"><div class=\"ghostkit-col-content is-layout-flow wp-block-grid-column-is-layout-flow\"><div      class=\"push background-white\">\n            <div class=\"push-content\"><p><a href=\"https:\/\/newimages-hub.com\/wp-content\/uploads\/2021\/09\/NIF2021_e-catalogue-speakers.pdf\" target=\"_blank\" rel=\"noopener\"><strong>E-Catalogue Speakers<\/strong><\/a><\/p>\n<\/div>    <\/div>\n<\/div><\/div>\n\n\n\n<div class=\"ghostkit-col ghostkit-col-md-12 ghostkit-col-lg-6 ghostkit-col-3\"><div class=\"ghostkit-col-content is-layout-flow wp-block-grid-column-is-layout-flow\"><div      class=\"push background-white\">\n            <div class=\"push-content\"><p><a href=\"https:\/\/newimages-hub.com\/wp-content\/uploads\/2021\/06\/NIF2021_e-catalogue-XR-Financing-Market-projects.pdf\" target=\"_blank\" rel=\"noopener\"><strong>E-Catalogue projets XR Financing Market<\/strong><\/a><\/p>\n<\/div>    <\/div>\n<\/div><\/div>\n\n\n\n<div class=\"ghostkit-col ghostkit-col-md-12 ghostkit-col-lg-6 ghostkit-col-3\"><div class=\"ghostkit-col-content is-layout-flow wp-block-grid-column-is-layout-flow\"><div      class=\"push background-white\">\n            <div class=\"push-content\"><p><a href=\"https:\/\/newimages-hub.com\/wp-content\/uploads\/2021\/06\/Le-palmares-de-la-4e-edition-de-NewImages-Festival-devoile.pdf\" target=\"_blank\" rel=\"noopener\"><strong>Communiqu\u00e9 de presse : le palmar\u00e8s<\/strong><\/a><\/p>\n<\/div>    <\/div>\n<\/div><\/div>\n<\/div><\/div>\n\n<div style=\"height:80px\" aria-hidden=\"true\" class=\"wp-block-spacer\"><\/div>\n\n<figure class=\"wp-block-embed is-type-video is-provider-youtube wp-block-embed-youtube wp-embed-aspect-16-9 wp-has-aspect-ratio\"><div class=\"wp-block-embed__wrapper\">\n<iframe loading=\"lazy\" title=\"NewImages Festival - 4e \u00e9dition\" width=\"1200\" height=\"675\" src=\"https:\/\/www.youtube.com\/embed\/TeAP02bw5Fo?feature=oembed\" frameborder=\"0\" allow=\"accelerometer; autoplay; clipboard-write; encrypted-media; gyroscope; picture-in-picture\" allowfullscreen><\/iframe>\n<\/div><\/figure>\n","protected":false},"excerpt":{"rendered":"<p>En quelques chiffres Au programme Les programmes pro et r\u00e9sidences \u00c0 t\u00e9l\u00e9charger<\/p>\n","protected":false},"author":24,"featured_media":58274,"parent":0,"menu_order":121,"comment_status":"closed","ping_status":"closed","template":"","meta":{"ghostkit_customizer_options":"","ghostkit_custom_css":"","ghostkit_custom_js_head":"","ghostkit_custom_js_foot":"","ghostkit_typography":"","footnotes":""},"class_list":["post-58482","page","type-page","status-publish","has-post-thumbnail","hentry"],"acf":[],"yoast_head":"<!-- This site is optimized with the Yoast SEO plugin v24.7 - https:\/\/yoast.com\/wordpress\/plugins\/seo\/ -->\n<title>Industry Days 2021 Archives | NewImages Festival<\/title>\n<meta name=\"description\" content=\"2021 Industry Days have once again aroused enthusiasm an interest. This is a throwback to an opulent edition and (finally) the reunion of the XR community!\" \/>\n<meta name=\"robots\" content=\"index, follow, max-snippet:-1, max-image-preview:large, max-video-preview:-1\" \/>\n<link rel=\"canonical\" href=\"https:\/\/newimages-hub.com\/en\/industry-days-2021-archives\/\" \/>\n<meta property=\"og:locale\" content=\"en_US\" \/>\n<meta property=\"og:type\" content=\"article\" \/>\n<meta property=\"og:title\" content=\"Industry Days 2021 Archives | NewImages Festival\" \/>\n<meta property=\"og:description\" content=\"2021 Industry Days have once again aroused enthusiasm an interest. This is a throwback to an opulent edition and (finally) the reunion of the XR community!\" \/>\n<meta property=\"og:url\" content=\"https:\/\/newimages-hub.com\/en\/industry-days-2021-archives\/\" \/>\n<meta property=\"og:site_name\" content=\"NewImages Festival\" \/>\n<meta property=\"article:publisher\" content=\"https:\/\/www.facebook.com\/Newimages.Festival\/\" \/>\n<meta property=\"article:modified_time\" content=\"2022-10-21T09:04:42+00:00\" \/>\n<meta property=\"og:image\" content=\"https:\/\/newimages-hub.com\/wp-content\/uploads\/2021\/09\/DSC06115-journees-pro-2021-scaled.jpg\" \/>\n\t<meta property=\"og:image:width\" content=\"2560\" \/>\n\t<meta property=\"og:image:height\" content=\"1648\" \/>\n\t<meta property=\"og:image:type\" content=\"image\/jpeg\" \/>\n<meta name=\"twitter:card\" content=\"summary_large_image\" \/>\n<meta name=\"twitter:site\" content=\"@Newimages_Paris\" \/>\n<script type=\"application\/ld+json\" class=\"yoast-schema-graph\">{\"@context\":\"https:\/\/schema.org\",\"@graph\":[{\"@type\":\"WebPage\",\"@id\":\"https:\/\/newimages-hub.com\/en\/industry-days-2021-archives\/\",\"url\":\"https:\/\/newimages-hub.com\/en\/industry-days-2021-archives\/\",\"name\":\"Industry Days 2021 Archives | NewImages Festival\",\"isPartOf\":{\"@id\":\"https:\/\/newimages-hub.com\/en\/#website\"},\"primaryImageOfPage\":{\"@id\":\"https:\/\/newimages-hub.com\/en\/industry-days-2021-archives\/#primaryimage\"},\"image\":{\"@id\":\"https:\/\/newimages-hub.com\/en\/industry-days-2021-archives\/#primaryimage\"},\"thumbnailUrl\":\"https:\/\/newimages-hub.com\/wp-content\/uploads\/2021\/09\/DSC06115-journees-pro-2021-scaled.jpg\",\"datePublished\":\"2021-09-14T07:42:59+00:00\",\"dateModified\":\"2022-10-21T09:04:42+00:00\",\"description\":\"2021 Industry Days have once again aroused enthusiasm an interest. This is a throwback to an opulent edition and (finally) the reunion of the XR community!\",\"breadcrumb\":{\"@id\":\"https:\/\/newimages-hub.com\/en\/industry-days-2021-archives\/#breadcrumb\"},\"inLanguage\":\"en-US\",\"potentialAction\":[{\"@type\":\"ReadAction\",\"target\":[\"https:\/\/newimages-hub.com\/en\/industry-days-2021-archives\/\"]}]},{\"@type\":\"ImageObject\",\"inLanguage\":\"en-US\",\"@id\":\"https:\/\/newimages-hub.com\/en\/industry-days-2021-archives\/#primaryimage\",\"url\":\"https:\/\/newimages-hub.com\/wp-content\/uploads\/2021\/09\/DSC06115-journees-pro-2021-scaled.jpg\",\"contentUrl\":\"https:\/\/newimages-hub.com\/wp-content\/uploads\/2021\/09\/DSC06115-journees-pro-2021-scaled.jpg\",\"width\":2560,\"height\":1648},{\"@type\":\"BreadcrumbList\",\"@id\":\"https:\/\/newimages-hub.com\/en\/industry-days-2021-archives\/#breadcrumb\",\"itemListElement\":[{\"@type\":\"ListItem\",\"position\":1,\"name\":\"Home\",\"item\":\"https:\/\/newimages-hub.com\/en\/\"},{\"@type\":\"ListItem\",\"position\":2,\"name\":\"Industry Days 2021 Archives\"}]},{\"@type\":\"WebSite\",\"@id\":\"https:\/\/newimages-hub.com\/en\/#website\",\"url\":\"https:\/\/newimages-hub.com\/en\/\",\"name\":\"NewImages Festival\",\"description\":\"Le festival de la cr\u00e9ation num\u00e9rique et des mondes virtuels\",\"publisher\":{\"@id\":\"https:\/\/newimages-hub.com\/en\/#organization\"},\"potentialAction\":[{\"@type\":\"SearchAction\",\"target\":{\"@type\":\"EntryPoint\",\"urlTemplate\":\"https:\/\/newimages-hub.com\/en\/?s={search_term_string}\"},\"query-input\":{\"@type\":\"PropertyValueSpecification\",\"valueRequired\":true,\"valueName\":\"search_term_string\"}}],\"inLanguage\":\"en-US\"},{\"@type\":\"Organization\",\"@id\":\"https:\/\/newimages-hub.com\/en\/#organization\",\"name\":\"NewImages Festival\",\"url\":\"https:\/\/newimages-hub.com\/en\/\",\"logo\":{\"@type\":\"ImageObject\",\"inLanguage\":\"en-US\",\"@id\":\"https:\/\/newimages-hub.com\/en\/#\/schema\/logo\/image\/\",\"url\":\"https:\/\/newimages-hub.com\/wp-content\/uploads\/2025\/12\/NI_LOGO_ROSE_RVB-2.png\",\"contentUrl\":\"https:\/\/newimages-hub.com\/wp-content\/uploads\/2025\/12\/NI_LOGO_ROSE_RVB-2.png\",\"width\":1181,\"height\":447,\"caption\":\"NewImages Festival\"},\"image\":{\"@id\":\"https:\/\/newimages-hub.com\/en\/#\/schema\/logo\/image\/\"},\"sameAs\":[\"https:\/\/www.facebook.com\/Newimages.Festival\/\",\"https:\/\/x.com\/Newimages_Paris\",\"http:\/\/newimages.festival\",\"https:\/\/fr.linkedin.com\/company\/newimagesart\/\"]}]}<\/script>\n<!-- \/ Yoast SEO plugin. -->","yoast_head_json":{"title":"Industry Days 2021 Archives | NewImages Festival","description":"2021 Industry Days have once again aroused enthusiasm an interest. This is a throwback to an opulent edition and (finally) the reunion of the XR community!","robots":{"index":"index","follow":"follow","max-snippet":"max-snippet:-1","max-image-preview":"max-image-preview:large","max-video-preview":"max-video-preview:-1"},"canonical":"https:\/\/newimages-hub.com\/en\/industry-days-2021-archives\/","og_locale":"en_US","og_type":"article","og_title":"Industry Days 2021 Archives | NewImages Festival","og_description":"2021 Industry Days have once again aroused enthusiasm an interest. This is a throwback to an opulent edition and (finally) the reunion of the XR community!","og_url":"https:\/\/newimages-hub.com\/en\/industry-days-2021-archives\/","og_site_name":"NewImages Festival","article_publisher":"https:\/\/www.facebook.com\/Newimages.Festival\/","article_modified_time":"2022-10-21T09:04:42+00:00","og_image":[{"width":2560,"height":1648,"url":"https:\/\/newimages-hub.com\/wp-content\/uploads\/2021\/09\/DSC06115-journees-pro-2021-scaled.jpg","type":"image\/jpeg"}],"twitter_card":"summary_large_image","twitter_site":"@Newimages_Paris","schema":{"@context":"https:\/\/schema.org","@graph":[{"@type":"WebPage","@id":"https:\/\/newimages-hub.com\/en\/industry-days-2021-archives\/","url":"https:\/\/newimages-hub.com\/en\/industry-days-2021-archives\/","name":"Industry Days 2021 Archives | NewImages Festival","isPartOf":{"@id":"https:\/\/newimages-hub.com\/en\/#website"},"primaryImageOfPage":{"@id":"https:\/\/newimages-hub.com\/en\/industry-days-2021-archives\/#primaryimage"},"image":{"@id":"https:\/\/newimages-hub.com\/en\/industry-days-2021-archives\/#primaryimage"},"thumbnailUrl":"https:\/\/newimages-hub.com\/wp-content\/uploads\/2021\/09\/DSC06115-journees-pro-2021-scaled.jpg","datePublished":"2021-09-14T07:42:59+00:00","dateModified":"2022-10-21T09:04:42+00:00","description":"2021 Industry Days have once again aroused enthusiasm an interest. This is a throwback to an opulent edition and (finally) the reunion of the XR community!","breadcrumb":{"@id":"https:\/\/newimages-hub.com\/en\/industry-days-2021-archives\/#breadcrumb"},"inLanguage":"en-US","potentialAction":[{"@type":"ReadAction","target":["https:\/\/newimages-hub.com\/en\/industry-days-2021-archives\/"]}]},{"@type":"ImageObject","inLanguage":"en-US","@id":"https:\/\/newimages-hub.com\/en\/industry-days-2021-archives\/#primaryimage","url":"https:\/\/newimages-hub.com\/wp-content\/uploads\/2021\/09\/DSC06115-journees-pro-2021-scaled.jpg","contentUrl":"https:\/\/newimages-hub.com\/wp-content\/uploads\/2021\/09\/DSC06115-journees-pro-2021-scaled.jpg","width":2560,"height":1648},{"@type":"BreadcrumbList","@id":"https:\/\/newimages-hub.com\/en\/industry-days-2021-archives\/#breadcrumb","itemListElement":[{"@type":"ListItem","position":1,"name":"Home","item":"https:\/\/newimages-hub.com\/en\/"},{"@type":"ListItem","position":2,"name":"Industry Days 2021 Archives"}]},{"@type":"WebSite","@id":"https:\/\/newimages-hub.com\/en\/#website","url":"https:\/\/newimages-hub.com\/en\/","name":"NewImages Festival","description":"Le festival de la cr\u00e9ation num\u00e9rique et des mondes virtuels","publisher":{"@id":"https:\/\/newimages-hub.com\/en\/#organization"},"potentialAction":[{"@type":"SearchAction","target":{"@type":"EntryPoint","urlTemplate":"https:\/\/newimages-hub.com\/en\/?s={search_term_string}"},"query-input":{"@type":"PropertyValueSpecification","valueRequired":true,"valueName":"search_term_string"}}],"inLanguage":"en-US"},{"@type":"Organization","@id":"https:\/\/newimages-hub.com\/en\/#organization","name":"NewImages Festival","url":"https:\/\/newimages-hub.com\/en\/","logo":{"@type":"ImageObject","inLanguage":"en-US","@id":"https:\/\/newimages-hub.com\/en\/#\/schema\/logo\/image\/","url":"https:\/\/newimages-hub.com\/wp-content\/uploads\/2025\/12\/NI_LOGO_ROSE_RVB-2.png","contentUrl":"https:\/\/newimages-hub.com\/wp-content\/uploads\/2025\/12\/NI_LOGO_ROSE_RVB-2.png","width":1181,"height":447,"caption":"NewImages Festival"},"image":{"@id":"https:\/\/newimages-hub.com\/en\/#\/schema\/logo\/image\/"},"sameAs":["https:\/\/www.facebook.com\/Newimages.Festival\/","https:\/\/x.com\/Newimages_Paris","http:\/\/newimages.festival","https:\/\/fr.linkedin.com\/company\/newimagesart\/"]}]}},"_links":{"self":[{"href":"https:\/\/newimages-hub.com\/en\/wp-json\/wp\/v2\/pages\/58482","targetHints":{"allow":["GET"]}}],"collection":[{"href":"https:\/\/newimages-hub.com\/en\/wp-json\/wp\/v2\/pages"}],"about":[{"href":"https:\/\/newimages-hub.com\/en\/wp-json\/wp\/v2\/types\/page"}],"author":[{"embeddable":true,"href":"https:\/\/newimages-hub.com\/en\/wp-json\/wp\/v2\/users\/24"}],"replies":[{"embeddable":true,"href":"https:\/\/newimages-hub.com\/en\/wp-json\/wp\/v2\/comments?post=58482"}],"version-history":[{"count":32,"href":"https:\/\/newimages-hub.com\/en\/wp-json\/wp\/v2\/pages\/58482\/revisions"}],"predecessor-version":[{"id":64605,"href":"https:\/\/newimages-hub.com\/en\/wp-json\/wp\/v2\/pages\/58482\/revisions\/64605"}],"wp:featuredmedia":[{"embeddable":true,"href":"https:\/\/newimages-hub.com\/en\/wp-json\/wp\/v2\/media\/58274"}],"wp:attachment":[{"href":"https:\/\/newimages-hub.com\/en\/wp-json\/wp\/v2\/media?parent=58482"}],"curies":[{"name":"wp","href":"https:\/\/api.w.org\/{rel}","templated":true}]}}