{"id":64908,"date":"2022-11-04T15:53:21","date_gmt":"2022-11-04T14:53:21","guid":{"rendered":"https:\/\/newimages-hub.com\/?page_id=64908"},"modified":"2023-02-07T12:41:55","modified_gmt":"2023-02-07T11:41:55","slug":"call-for-projects","status":"publish","type":"page","link":"https:\/\/newimages-hub.com\/en\/archives\/edition-2023\/call-for-projects\/","title":{"rendered":"Call for projects"},"content":{"rendered":"<h1     class=\"main-title \">Call for projects 2023<\/h1>\n\n\n<div      class=\"chapo \"><p>The calls for projects for the 6th edition of the NewImages Festival (5-9 April 2023) are now closed.<\/p>\n<p>Find below the current NewImages Hub calls for projects!<\/p>\n<\/div>\n\n\n\n<div style=\"height:20px\" aria-hidden=\"true\" class=\"wp-block-spacer\"><\/div>\n\n\n\n\n\n<h2 class=\"wp-block-heading\" id=\"xr-residencies\"><mark class=\"ghostkit-highlight\">XR Residencies<\/mark><\/h2>\n\n\n\n<p>The calls for projects for the NewImages Hub residencies are now open!<\/p>\n\n\n\n<div class=\"ghostkit-grid ghostkit-grid-gap-md\"><div class=\"ghostkit-grid-inner\">\n<div class=\"ghostkit-col ghostkit-col-md-12 ghostkit-col-6\"><div class=\"ghostkit-col-content is-layout-flow wp-block-grid-column-is-layout-flow\"><div      class=\"push background-white\">\n    <h2 class=\"push-title\">NewImages residencies<\/h2>        <div class=\"push-content\"><p>Find out more about our residencies \u21e9<\/p>\n<\/div>    <a href=\"https:\/\/newimages-hub.com\/en\/programs-residencies\/\" target=\"_self\" class=\"button push-button\">All our residencies<\/a><\/div>\n<\/div><\/div>\n\n\n\n<div class=\"ghostkit-col ghostkit-col-md-12 ghostkit-col-6\"><div class=\"ghostkit-col-content is-layout-flow wp-block-grid-column-is-layout-flow\"><div      class=\"push background-white\">\n    <h2 class=\"push-title\">Stay<br \/>\r\ntuned<\/h2>        <div class=\"push-content\"><p>Stay informed by subscribing to our newsletter \u21e9<\/p>\n<\/div>    <a href=\"https:\/\/go.forumdesimages.fr\/l\/931723\/2021-12-22\/7q9q\" target=\"_self\" class=\"button push-button\">Subscribe<\/a><\/div>\n<\/div><\/div>\n<\/div><\/div>\n\n\n\n<h2 class=\"wp-block-heading\" id=\"xr-competition\"><mark class=\"ghostkit-highlight\">XR Competition<\/mark><\/h2>\n\n\n\n<div style=\"height:30px\" aria-hidden=\"true\" class=\"wp-block-spacer\"><\/div>\n\n\n\n<p>The call for projects for the XR Competition are now closed!<\/p>\n\n\n\n<div style=\"height:20px\" aria-hidden=\"true\" class=\"wp-block-spacer\"><\/div>\n\n\n\n<div class=\"ghostkit-grid ghostkit-grid-gap-md\"><div class=\"ghostkit-grid-inner\">\n<div class=\"ghostkit-col ghostkit-col-lg-12 ghostkit-col-4\"><div class=\"ghostkit-col-content is-layout-flow wp-block-grid-column-is-layout-flow\"><div      class=\"push background-white\">\n    <h2 class=\"push-title\">XR Competition<\/h2>        <div class=\"push-content\"><p><strong><mark class=\"ghostkit-highlight\">November, 2022 \u2192 January 10th, 2023 (midnight, GMT)<br \/>\n<\/mark><mark class=\"ghostkit-highlight\"><b>Submission fees<\/b>: 48\u20ac TTC<\/mark><mark class=\"ghostkit-highlight\"><br \/>\n<\/mark><\/strong><\/p>\n<p><u>Open to any artwork:<br \/>\n<\/u>\u2022 narrative and immersive (XR, video games, hybrid show or any other innovative device)<br \/>\n\u2022 completed in 2022 or 2023 (finalized before April 2023)<\/p>\n<p><u>Competing for:<br \/>\n<\/u><span style=\"letter-spacing: 0px;\">\u2022 4 prizes <span style=\"font-weight: 400;\">with endowments from \u20ac3,000 to \u20ac6,000<\/span><\/span><\/p>\n<p><strong><a href=\"https:\/\/newimages-hub.com\/wp-content\/uploads\/2022\/11\/AAP2023_XR-Competition_regulations.pdf\">Rules and regulations<\/a><\/strong><\/p>\n<\/div>    <\/div>\n<\/div><\/div>\n\n\n\n<div class=\"ghostkit-col ghostkit-col-lg-12 ghostkit-col-4 is-layout-flow wp-block-grid-column-is-layout-flow\"><div class=\"ghostkit-col-content\"><\/div><\/div>\n\n\n\n<div class=\"ghostkit-col ghostkit-col-lg-12 ghostkit-col-4 is-layout-flow wp-block-grid-column-is-layout-flow\"><div class=\"ghostkit-col-content\"><\/div><\/div>\n<\/div><\/div>\n\n\n\n<div class=\"ghostkit-grid ghostkit-grid-gap-md\"><div class=\"ghostkit-grid-inner\">\n<div class=\"ghostkit-col\"><div class=\"ghostkit-col-content is-layout-flow wp-block-grid-column-is-layout-flow\">\n<div class=\"wp-block-columns is-layout-flex wp-container-core-columns-is-layout-1 wp-block-columns-is-layout-flex\">\n<div class=\"wp-block-column is-layout-flow wp-block-column-is-layout-flow\"><\/div>\n<\/div>\n<\/div><\/div>\n<\/div><\/div>\n\n\n\n<div class=\"ghostkit-grid ghostkit-grid-gap-md\"><div class=\"ghostkit-grid-inner\">\n<div class=\"ghostkit-col ghostkit-col-lg-12 ghostkit-col-4 is-layout-flow wp-block-grid-column-is-layout-flow\"><div class=\"ghostkit-col-content\"><\/div><\/div>\n\n\n\n<div class=\"ghostkit-col ghostkit-col-lg-12 ghostkit-col-4\"><div class=\"ghostkit-col-content is-layout-flow wp-block-grid-column-is-layout-flow\"><div      class=\"pushbackground-white\">\n                <\/div>\n<\/div><\/div>\n\n\n\n<div class=\"ghostkit-col ghostkit-col-lg-12 ghostkit-col-4 is-layout-flow wp-block-grid-column-is-layout-flow\"><div class=\"ghostkit-col-content\"><\/div><\/div>\n<\/div><\/div>\n\n\n\n<h2 class=\"wp-block-heading\" id=\"newimages-xr-market\"><mark class=\"ghostkit-highlight\">NewImages XR Market<\/mark><\/h2>\n\n\n\n<div style=\"height:30px\" aria-hidden=\"true\" class=\"wp-block-spacer\"><\/div>\n\n\n\n<p>The call for projects for the NewImages XR Market are closed.<\/p>\n\n\n\n<div style=\"height:30px\" aria-hidden=\"true\" class=\"wp-block-spacer\"><\/div>\n\n\n\n<div class=\"ghostkit-grid ghostkit-grid-gap-md\"><div class=\"ghostkit-grid-inner\">\n<div class=\"ghostkit-col ghostkit-col-md-12 ghostkit-col-6\"><div class=\"ghostkit-col-content is-layout-flow wp-block-grid-column-is-layout-flow\"><div      class=\"push background-white\">\n    <h2 class=\"push-title\">XR Development Market<\/h2>        <div class=\"push-content\"><p><strong><mark class=\"ghostkit-highlight\">November 2022 \u2192 January 10th, 2023 (midnight, GMT)<br \/>\n<b>Submission fees<\/b>: 48\u20ac TTC<br \/>\n<\/mark><\/strong><\/p>\n<p><u>Open to any artwork:<br \/>\n<\/u>\u2022 immersive and original<br \/>\n(film, game, performance, installation)<br \/>\n\u2022 in development<br \/>\n\u2022 no minimum funding required<\/p>\n<p>&nbsp;<\/p>\n<p><u>Pre-organized meetings with Decision Makers on site from April 5th to 7th, 2023<\/u><\/p>\n<p><strong><a href=\"https:\/\/newimages-hub.com\/wp-content\/uploads\/2022\/11\/AAP2023_XR-Development-Market_regulations-1.pdf\">Rules and regulations<\/a><\/strong><\/p>\n<\/div>    <\/div>\n<\/div><\/div>\n\n\n\n<div class=\"ghostkit-col ghostkit-col-md-12 ghostkit-col-6\"><div class=\"ghostkit-col-content is-layout-flow wp-block-grid-column-is-layout-flow\"><div      class=\"push background-white\">\n    <h2 class=\"push-title\">XR Art Fair<\/h2>        <div class=\"push-content\"><p><!-- wp:paragraph --><\/p>\n<p><strong><mark class=\"ghostkit-highlight\"><br \/>\nNovember 2022 \u2192 January 10th, 2023 (midnight, GMT)<br \/>\nFree registration<\/mark><\/strong><\/p>\n<p><u>Open to any artwork:<br \/>\n<\/u>\u2022 exploring new kinds of storytelling through XR or immersive technologies<br \/>\n\u2022 completed and having been distributed at least once<br \/>\n\u2022 designed for physical distribution<\/p>\n<p><u>Pre-organized meetings with Decision Makers on site from April 5th to 7th, 2023<\/u><\/p>\n<p><a href=\"https:\/\/newimages-hub.com\/wp-content\/uploads\/2022\/11\/AAP2023_XR-Art-Fair_regulations.pdf\"><strong>Rules and regulations<\/strong><\/a><\/p>\n<p><!-- \/wp:paragraph --><\/p>\n<\/div>    <\/div>\n<\/div><\/div>\n<\/div><\/div>\n\n\n\n<div class=\"ghostkit-grid ghostkit-grid-gap-md\"><div class=\"ghostkit-grid-inner\">\n<div class=\"ghostkit-col is-layout-flow wp-block-grid-column-is-layout-flow\"><div class=\"ghostkit-col-content\"><\/div><\/div>\n<\/div><\/div>\n\n\n\n<div style=\"height:20px\" aria-hidden=\"true\" class=\"wp-block-spacer\"><\/div>\n\n\n\n<div style=\"height:30px\" aria-hidden=\"true\" class=\"wp-block-spacer\"><\/div>\n\n\n\n<div style=\"height:30px\" aria-hidden=\"true\" class=\"wp-block-spacer\"><\/div>\n\n\n\n<h2 class=\"wp-block-heading\" id=\"some-good-tips-before-you-apply\"><mark class=\"ghostkit-highlight\"><mark>Some good tips before you apply<\/mark><\/mark><\/h2>\n\n\n\n<div style=\"height:20px\" aria-hidden=\"true\" class=\"wp-block-spacer\"><\/div>\n\n\n\n<ul class=\"wp-block-list\">\n<li>All applications must be made in English (except for the XR Competition: in English or in French)<\/li>\n\n\n\n<li>There is no time limit to complete the form<\/li>\n\n\n\n<li>Your answers and data are auto-saved, so you can close and\/or return to the form from the same device and browser (excluding private windows)<\/li>\n<\/ul>\n\n\n\n<p class=\"has-text-align-center\">Can\u2019t find the answer to your question?<br>Contact us:&nbsp;<a rel=\"noreferrer noopener\" href=\"mailto:newimages@forumdesimages.fr\" target=\"_blank\">newimages@forumdesimages.fr<\/a><\/p>\n\n\n\n<p><\/p>\n","protected":false},"excerpt":{"rendered":"<p>XR Residencies The calls for projects for the NewImages Hub residencies are now open! XR Competition The call for projects for the XR Competition are now closed! NewImages XR Market The call for projects for the NewImages XR Market are closed. Some good tips before you apply Can\u2019t find the answer to your question?Contact us:&nbsp;newimages@forumdesimages.fr<\/p>\n","protected":false},"author":1605,"featured_media":65634,"parent":64804,"menu_order":239,"comment_status":"closed","ping_status":"closed","template":"","meta":{"ghostkit_customizer_options":"","ghostkit_custom_css":"","ghostkit_custom_js_head":"","ghostkit_custom_js_foot":"","ghostkit_typography":"","footnotes":""},"class_list":["post-64908","page","type-page","status-publish","has-post-thumbnail","hentry"],"acf":[],"yoast_head":"<!-- This site is optimized with the Yoast SEO plugin v24.7 - https:\/\/yoast.com\/wordpress\/plugins\/seo\/ -->\n<title>Call for projects | NewImages Festival<\/title>\n<meta name=\"description\" content=\"Are you an XR project owner and wish to participate in the 6th edition of NewImages Festival? Apply to one of our calls for projectsun de nos appels \u00e0 projets !\" \/>\n<meta name=\"robots\" content=\"index, follow, max-snippet:-1, max-image-preview:large, max-video-preview:-1\" \/>\n<link rel=\"canonical\" href=\"https:\/\/newimages-hub.com\/en\/edition-2023\/call-for-projects\/\" \/>\n<meta property=\"og:locale\" content=\"en_US\" \/>\n<meta property=\"og:type\" content=\"article\" \/>\n<meta property=\"og:title\" content=\"Call for projects 2023 - NewImages Festival\" \/>\n<meta property=\"og:description\" content=\"Are you an XR project owner and wish to participate in the 5th edition of NewImages Festival? Apply to one of our calls for projects!\" \/>\n<meta property=\"og:url\" content=\"https:\/\/newimages-hub.com\/en\/edition-2023\/call-for-projects\/\" \/>\n<meta property=\"og:site_name\" content=\"NewImages Festival\" \/>\n<meta property=\"article:publisher\" content=\"https:\/\/www.facebook.com\/Newimages.Festival\/\" \/>\n<meta property=\"article:modified_time\" content=\"2023-02-07T11:41:55+00:00\" \/>\n<meta property=\"og:image\" content=\"https:\/\/newimages-hub.com\/wp-content\/uploads\/2023\/01\/nif23-banniere-1200x6305-1.jpg\" \/>\n\t<meta property=\"og:image:width\" content=\"1200\" \/>\n\t<meta property=\"og:image:height\" content=\"630\" \/>\n\t<meta property=\"og:image:type\" content=\"image\/jpeg\" \/>\n<meta name=\"twitter:card\" content=\"summary_large_image\" \/>\n<meta name=\"twitter:title\" content=\"Appels \u00e0 projets 2023 - NewImages Festival\" \/>\n<meta name=\"twitter:description\" content=\"Vous \u00eates porteur\u00b7euse d\u2019un projet XR et souhaitez participer \u00e0 la 6e \u00e9dition de NewImages Festival ? Postulez \u00e0 l&#039;un de nos appels \u00e0 projets !\" \/>\n<meta name=\"twitter:image\" content=\"https:\/\/newimages-hub.com\/wp-content\/uploads\/2023\/01\/nif23-banniere-1200x6305-1.jpg\" \/>\n<meta name=\"twitter:site\" content=\"@Newimages_Paris\" \/>\n<meta name=\"twitter:label1\" content=\"Est. reading time\" \/>\n\t<meta name=\"twitter:data1\" content=\"1 minute\" \/>\n<script type=\"application\/ld+json\" class=\"yoast-schema-graph\">{\"@context\":\"https:\/\/schema.org\",\"@graph\":[{\"@type\":\"WebPage\",\"@id\":\"https:\/\/newimages-hub.com\/en\/edition-2023\/call-for-projects\/\",\"url\":\"https:\/\/newimages-hub.com\/en\/edition-2023\/call-for-projects\/\",\"name\":\"Call for projects | NewImages Festival\",\"isPartOf\":{\"@id\":\"https:\/\/newimages-hub.com\/en\/#website\"},\"primaryImageOfPage\":{\"@id\":\"https:\/\/newimages-hub.com\/en\/edition-2023\/call-for-projects\/#primaryimage\"},\"image\":{\"@id\":\"https:\/\/newimages-hub.com\/en\/edition-2023\/call-for-projects\/#primaryimage\"},\"thumbnailUrl\":\"https:\/\/newimages-hub.com\/wp-content\/uploads\/2023\/01\/nif23-banniere-1200x6305-1.jpg\",\"datePublished\":\"2022-11-04T14:53:21+00:00\",\"dateModified\":\"2023-02-07T11:41:55+00:00\",\"description\":\"Are you an XR project owner and wish to participate in the 6th edition of NewImages Festival? Apply to one of our calls for projectsun de nos appels \u00e0 projets !\",\"breadcrumb\":{\"@id\":\"https:\/\/newimages-hub.com\/en\/edition-2023\/call-for-projects\/#breadcrumb\"},\"inLanguage\":\"en-US\",\"potentialAction\":[{\"@type\":\"ReadAction\",\"target\":[\"https:\/\/newimages-hub.com\/en\/edition-2023\/call-for-projects\/\"]}]},{\"@type\":\"ImageObject\",\"inLanguage\":\"en-US\",\"@id\":\"https:\/\/newimages-hub.com\/en\/edition-2023\/call-for-projects\/#primaryimage\",\"url\":\"https:\/\/newimages-hub.com\/wp-content\/uploads\/2023\/01\/nif23-banniere-1200x6305-1.jpg\",\"contentUrl\":\"https:\/\/newimages-hub.com\/wp-content\/uploads\/2023\/01\/nif23-banniere-1200x6305-1.jpg\",\"width\":1200,\"height\":630},{\"@type\":\"BreadcrumbList\",\"@id\":\"https:\/\/newimages-hub.com\/en\/edition-2023\/call-for-projects\/#breadcrumb\",\"itemListElement\":[{\"@type\":\"ListItem\",\"position\":1,\"name\":\"Home\",\"item\":\"https:\/\/newimages-hub.com\/en\/\"},{\"@type\":\"ListItem\",\"position\":2,\"name\":\"2023 edition\",\"item\":\"https:\/\/newimages-hub.com\/en\/edition-2023\/\"},{\"@type\":\"ListItem\",\"position\":3,\"name\":\"Call for projects\"}]},{\"@type\":\"WebSite\",\"@id\":\"https:\/\/newimages-hub.com\/en\/#website\",\"url\":\"https:\/\/newimages-hub.com\/en\/\",\"name\":\"NewImages Festival\",\"description\":\"Le festival de la cr\u00e9ation num\u00e9rique et des mondes virtuels\",\"publisher\":{\"@id\":\"https:\/\/newimages-hub.com\/en\/#organization\"},\"potentialAction\":[{\"@type\":\"SearchAction\",\"target\":{\"@type\":\"EntryPoint\",\"urlTemplate\":\"https:\/\/newimages-hub.com\/en\/?s={search_term_string}\"},\"query-input\":{\"@type\":\"PropertyValueSpecification\",\"valueRequired\":true,\"valueName\":\"search_term_string\"}}],\"inLanguage\":\"en-US\"},{\"@type\":\"Organization\",\"@id\":\"https:\/\/newimages-hub.com\/en\/#organization\",\"name\":\"NewImages Festival\",\"url\":\"https:\/\/newimages-hub.com\/en\/\",\"logo\":{\"@type\":\"ImageObject\",\"inLanguage\":\"en-US\",\"@id\":\"https:\/\/newimages-hub.com\/en\/#\/schema\/logo\/image\/\",\"url\":\"https:\/\/newimages-hub.com\/wp-content\/uploads\/2025\/12\/NI_LOGO_ROSE_RVB-2.png\",\"contentUrl\":\"https:\/\/newimages-hub.com\/wp-content\/uploads\/2025\/12\/NI_LOGO_ROSE_RVB-2.png\",\"width\":1181,\"height\":447,\"caption\":\"NewImages Festival\"},\"image\":{\"@id\":\"https:\/\/newimages-hub.com\/en\/#\/schema\/logo\/image\/\"},\"sameAs\":[\"https:\/\/www.facebook.com\/Newimages.Festival\/\",\"https:\/\/x.com\/Newimages_Paris\",\"http:\/\/newimages.festival\",\"https:\/\/fr.linkedin.com\/company\/newimagesart\/\"]}]}<\/script>\n<!-- \/ Yoast SEO plugin. -->","yoast_head_json":{"title":"Call for projects | NewImages Festival","description":"Are you an XR project owner and wish to participate in the 6th edition of NewImages Festival? Apply to one of our calls for projectsun de nos appels \u00e0 projets !","robots":{"index":"index","follow":"follow","max-snippet":"max-snippet:-1","max-image-preview":"max-image-preview:large","max-video-preview":"max-video-preview:-1"},"canonical":"https:\/\/newimages-hub.com\/en\/edition-2023\/call-for-projects\/","og_locale":"en_US","og_type":"article","og_title":"Call for projects 2023 - NewImages Festival","og_description":"Are you an XR project owner and wish to participate in the 5th edition of NewImages Festival? Apply to one of our calls for projects!","og_url":"https:\/\/newimages-hub.com\/en\/edition-2023\/call-for-projects\/","og_site_name":"NewImages Festival","article_publisher":"https:\/\/www.facebook.com\/Newimages.Festival\/","article_modified_time":"2023-02-07T11:41:55+00:00","og_image":[{"width":1200,"height":630,"url":"https:\/\/newimages-hub.com\/wp-content\/uploads\/2023\/01\/nif23-banniere-1200x6305-1.jpg","type":"image\/jpeg"}],"twitter_card":"summary_large_image","twitter_title":"Appels \u00e0 projets 2023 - NewImages Festival","twitter_description":"Vous \u00eates porteur\u00b7euse d\u2019un projet XR et souhaitez participer \u00e0 la 6e \u00e9dition de NewImages Festival ? Postulez \u00e0 l'un de nos appels \u00e0 projets !","twitter_image":"https:\/\/newimages-hub.com\/wp-content\/uploads\/2023\/01\/nif23-banniere-1200x6305-1.jpg","twitter_site":"@Newimages_Paris","twitter_misc":{"Est. reading time":"1 minute"},"schema":{"@context":"https:\/\/schema.org","@graph":[{"@type":"WebPage","@id":"https:\/\/newimages-hub.com\/en\/edition-2023\/call-for-projects\/","url":"https:\/\/newimages-hub.com\/en\/edition-2023\/call-for-projects\/","name":"Call for projects | NewImages Festival","isPartOf":{"@id":"https:\/\/newimages-hub.com\/en\/#website"},"primaryImageOfPage":{"@id":"https:\/\/newimages-hub.com\/en\/edition-2023\/call-for-projects\/#primaryimage"},"image":{"@id":"https:\/\/newimages-hub.com\/en\/edition-2023\/call-for-projects\/#primaryimage"},"thumbnailUrl":"https:\/\/newimages-hub.com\/wp-content\/uploads\/2023\/01\/nif23-banniere-1200x6305-1.jpg","datePublished":"2022-11-04T14:53:21+00:00","dateModified":"2023-02-07T11:41:55+00:00","description":"Are you an XR project owner and wish to participate in the 6th edition of NewImages Festival? Apply to one of our calls for projectsun de nos appels \u00e0 projets !","breadcrumb":{"@id":"https:\/\/newimages-hub.com\/en\/edition-2023\/call-for-projects\/#breadcrumb"},"inLanguage":"en-US","potentialAction":[{"@type":"ReadAction","target":["https:\/\/newimages-hub.com\/en\/edition-2023\/call-for-projects\/"]}]},{"@type":"ImageObject","inLanguage":"en-US","@id":"https:\/\/newimages-hub.com\/en\/edition-2023\/call-for-projects\/#primaryimage","url":"https:\/\/newimages-hub.com\/wp-content\/uploads\/2023\/01\/nif23-banniere-1200x6305-1.jpg","contentUrl":"https:\/\/newimages-hub.com\/wp-content\/uploads\/2023\/01\/nif23-banniere-1200x6305-1.jpg","width":1200,"height":630},{"@type":"BreadcrumbList","@id":"https:\/\/newimages-hub.com\/en\/edition-2023\/call-for-projects\/#breadcrumb","itemListElement":[{"@type":"ListItem","position":1,"name":"Home","item":"https:\/\/newimages-hub.com\/en\/"},{"@type":"ListItem","position":2,"name":"2023 edition","item":"https:\/\/newimages-hub.com\/en\/edition-2023\/"},{"@type":"ListItem","position":3,"name":"Call for projects"}]},{"@type":"WebSite","@id":"https:\/\/newimages-hub.com\/en\/#website","url":"https:\/\/newimages-hub.com\/en\/","name":"NewImages Festival","description":"Le festival de la cr\u00e9ation num\u00e9rique et des mondes virtuels","publisher":{"@id":"https:\/\/newimages-hub.com\/en\/#organization"},"potentialAction":[{"@type":"SearchAction","target":{"@type":"EntryPoint","urlTemplate":"https:\/\/newimages-hub.com\/en\/?s={search_term_string}"},"query-input":{"@type":"PropertyValueSpecification","valueRequired":true,"valueName":"search_term_string"}}],"inLanguage":"en-US"},{"@type":"Organization","@id":"https:\/\/newimages-hub.com\/en\/#organization","name":"NewImages Festival","url":"https:\/\/newimages-hub.com\/en\/","logo":{"@type":"ImageObject","inLanguage":"en-US","@id":"https:\/\/newimages-hub.com\/en\/#\/schema\/logo\/image\/","url":"https:\/\/newimages-hub.com\/wp-content\/uploads\/2025\/12\/NI_LOGO_ROSE_RVB-2.png","contentUrl":"https:\/\/newimages-hub.com\/wp-content\/uploads\/2025\/12\/NI_LOGO_ROSE_RVB-2.png","width":1181,"height":447,"caption":"NewImages Festival"},"image":{"@id":"https:\/\/newimages-hub.com\/en\/#\/schema\/logo\/image\/"},"sameAs":["https:\/\/www.facebook.com\/Newimages.Festival\/","https:\/\/x.com\/Newimages_Paris","http:\/\/newimages.festival","https:\/\/fr.linkedin.com\/company\/newimagesart\/"]}]}},"_links":{"self":[{"href":"https:\/\/newimages-hub.com\/en\/wp-json\/wp\/v2\/pages\/64908","targetHints":{"allow":["GET"]}}],"collection":[{"href":"https:\/\/newimages-hub.com\/en\/wp-json\/wp\/v2\/pages"}],"about":[{"href":"https:\/\/newimages-hub.com\/en\/wp-json\/wp\/v2\/types\/page"}],"author":[{"embeddable":true,"href":"https:\/\/newimages-hub.com\/en\/wp-json\/wp\/v2\/users\/1605"}],"replies":[{"embeddable":true,"href":"https:\/\/newimages-hub.com\/en\/wp-json\/wp\/v2\/comments?post=64908"}],"version-history":[{"count":171,"href":"https:\/\/newimages-hub.com\/en\/wp-json\/wp\/v2\/pages\/64908\/revisions"}],"predecessor-version":[{"id":66494,"href":"https:\/\/newimages-hub.com\/en\/wp-json\/wp\/v2\/pages\/64908\/revisions\/66494"}],"up":[{"embeddable":true,"href":"https:\/\/newimages-hub.com\/en\/wp-json\/wp\/v2\/pages\/64804"}],"wp:featuredmedia":[{"embeddable":true,"href":"https:\/\/newimages-hub.com\/en\/wp-json\/wp\/v2\/media\/65634"}],"wp:attachment":[{"href":"https:\/\/newimages-hub.com\/en\/wp-json\/wp\/v2\/media?parent=64908"}],"curies":[{"name":"wp","href":"https:\/\/api.w.org\/{rel}","templated":true}]}}