{"id":65932,"date":"2023-02-01T12:00:28","date_gmt":"2023-02-01T11:00:28","guid":{"rendered":"https:\/\/newimages-hub.com\/?page_id=65932"},"modified":"2024-08-09T15:57:44","modified_gmt":"2024-08-09T13:57:44","slug":"about-2","status":"publish","type":"page","link":"https:\/\/newimages-hub.com\/en\/about-2\/","title":{"rendered":"NewImages Hub"},"content":{"rendered":"<h1     class=\"main-title \">NewImages Hub<\/h1>\n\n\n\n<h2 class=\"wp-block-heading\" id=\"a-new-supportive-programfor-lasting-immersive-and-digital-creation\">A new supportive program<br>for lasting immersive and digital creation<\/h2>\n\n\n\n<div style=\"height:50px\" aria-hidden=\"true\" class=\"wp-block-spacer\"><\/div>\n\n\n\n<div class=\"ghostkit-grid ghostkit-grid-gap-md ghostkit-grid-align-items-center\"><div class=\"ghostkit-grid-inner\">\n<div class=\"ghostkit-col ghostkit-col-md-12 ghostkit-col-5\"><div class=\"ghostkit-col-content is-layout-flow wp-block-grid-column-is-layout-flow\">\n<figure class=\"wp-block-image size-full\"><img loading=\"lazy\" decoding=\"async\" width=\"2560\" height=\"1920\" src=\"https:\/\/newimages-hub.com\/wp-content\/uploads\/2024\/08\/image00028-scaled.jpg\" alt=\"\" class=\"wp-image-71105\" srcset=\"https:\/\/newimages-hub.com\/wp-content\/uploads\/2024\/08\/image00028-scaled.jpg 2560w, https:\/\/newimages-hub.com\/wp-content\/uploads\/2024\/08\/image00028-300x225.jpg 300w, https:\/\/newimages-hub.com\/wp-content\/uploads\/2024\/08\/image00028-1024x768.jpg 1024w, https:\/\/newimages-hub.com\/wp-content\/uploads\/2024\/08\/image00028-768x576.jpg 768w, https:\/\/newimages-hub.com\/wp-content\/uploads\/2024\/08\/image00028-1536x1152.jpg 1536w, https:\/\/newimages-hub.com\/wp-content\/uploads\/2024\/08\/image00028-2048x1536.jpg 2048w, https:\/\/newimages-hub.com\/wp-content\/uploads\/2024\/08\/image00028-500x375.jpg 500w, https:\/\/newimages-hub.com\/wp-content\/uploads\/2024\/08\/image00028-800x600.jpg 800w, https:\/\/newimages-hub.com\/wp-content\/uploads\/2024\/08\/image00028-1280x960.jpg 1280w, https:\/\/newimages-hub.com\/wp-content\/uploads\/2024\/08\/image00028-1920x1440.jpg 1920w\" sizes=\"auto, (max-width: 2560px) 100vw, 2560px\" \/><figcaption class=\"wp-element-caption\"><em>Maxime Raynault \u00a9 Forum des images<\/em><\/figcaption><\/figure>\n<\/div><\/div>\n\n\n\n<div class=\"ghostkit-col ghostkit-col-md-12 ghostkit-col-6\"><div class=\"ghostkit-col-content is-layout-flow wp-block-grid-column-is-layout-flow\">\n<p><strong>Forum des images strengthens its connection to the field of XR <\/strong>through a new, year-round, international <strong>supportive<\/strong> <strong>networking program<\/strong> for creators and professionals. <\/p>\n\n\n\n<p>Spanning the creation, production, and distribution phases, <strong>NewImages Hub<\/strong> combines the recognized expertise of its festival &#8211; <strong>NewImages Festival<\/strong>, the positioning of the Forum des images, and the <strong>support from partners<\/strong> committed to the accessibility of immersive art for the public. <\/p>\n\n\n\n<p>NewImages Hub aims <strong>to secure the future of digital creation<\/strong>, <strong>ensure the lasting presence of XR works<\/strong>, and <strong>facilitate the structuring<\/strong> and <strong>opening of the sector <\/strong>in the long term.<\/p>\n<\/div><\/div>\n<\/div><\/div>\n\n\n\n<div style=\"height:50px\" aria-hidden=\"true\" class=\"wp-block-spacer\"><\/div>\n\n\n\n<h2 class=\"wp-block-heading\" id=\"developing-year-long-activities\">Developing year-long activities<\/h2>\n\n\n\n<p>NewImages Hub\u2019s approach is driven by the experience acquired through <strong>NewImages Festival<\/strong>, a festival which is dedicated to the discovery of the most innovative immersive works (through competition and focus sections) and a key event for XR industry players (including co-production and distribution markets).<\/p>\n\n\n\n<p>The next edition of the festival takes place in Paris on April 24-28th, 2024. Each edition of the festival is followed by<strong> a reprogramming of its selection all over the world<\/strong> thanks to partners such as Institut Fran\u00e7ais. Additionally, year-long<strong> XR creation residencies<\/strong> (in Taiwan, Quito, Rome &#8211; Villa Medicis, and Morocco) have been integrated into NewImages Hub, establishing a network for creators, producers, and distributors to share resources.<\/p>\n\n\n\n<p>NewImages Hub also relies on <strong>Forum des images\u2019 missions<\/strong> and focus on public access. In addition to now including comic books, video games, and new images beyond cinema within its programs, Forum des images strengthens its role as a broadcaster of immersive art through the creation of a dedicated interactive space. Forum des images\u2019 public will be able to freely access a catalog of VR works from past editions of NewImages Festival and works from its partners in XR distribution, such as Diversion cinema, PXN, Astrea, Lucid Realities, etc.<\/p>\n\n\n\n<h2 class=\"wp-block-heading\" id=\"les-objectifs-de-newimages-hub-1\">NewImages Hub\u2019s objectives<\/h2>\n\n\n\n<p>NewImages\u2019 objectives are those of <strong><mark class=\"ghostkit-highlight\">an immersive and digital art laboratory<\/mark><\/strong>, focusing its activities and its expertise on the 3 essential steps of developing an XR project: creation, production, and distribution.<\/p>\n\n\n\n<div style=\"height:0px\" aria-hidden=\"true\" class=\"wp-block-spacer\"><\/div>\n\n\n\n<div class=\"wp-block-columns is-layout-flex wp-container-core-columns-is-layout-1 wp-block-columns-is-layout-flex\">\n<div class=\"wp-block-column is-vertically-aligned-center is-layout-flow wp-block-column-is-layout-flow\"><div      class=\"push background-white\">\n    <h2 class=\"push-title\">CREATION<\/h2>        <div class=\"push-content\"><p class=\"text-build-content\" data-testid=\"TfJruWiQW\">\u2013\u00a0<b>International writing residencies<\/b>with our partners.<\/p>\n<p class=\"text-build-content\" data-testid=\"TfJruWiQW\">\u2013\u00a0Develop <b>residencies<\/b>\u00a0and\u00a0<b>bilateral exchanges<\/b>\u00a0all over the world (South America, Taiwan and South Africa).<\/p>\n<p class=\"text-build-content\" data-testid=\"TfJruWiQW\">\u2013\u00a0Create an <b>artists&#8217; residency at the Forum des images\u00a0<\/b>and with Parisian partners to open immersion to other artistic disciplines.<\/p>\n<\/div>    <\/div>\n<\/div>\n\n\n\n<div class=\"wp-block-column is-vertically-aligned-center is-layout-flow wp-block-column-is-layout-flow\"><div      class=\"push background-white\">\n    <h2 class=\"push-title\">PRODUCTION<\/h2>        <div class=\"push-content\"><p class=\"text-build-content\" data-testid=\"FPm_ztByc\">&#8211; Sustain\u00a0<b>project development programs<\/b>.<\/p>\n<p class=\"text-build-content\" data-testid=\"FPm_ztByc\">&#8211; Reinforce co-productions via the\u00a0<b>XR Development Market<\/b>\u00a0by enabling discussions between project holders and Decision Makers.<\/p>\n<p class=\"text-build-content\" data-testid=\"FPm_ztByc\">&#8211;\u00a0<b>Promote top-level professional meetings<\/b>\u00a0through workshops and exchange programs.<\/p>\n<\/div>    <\/div>\n<\/div>\n\n\n\n<div class=\"wp-block-column is-vertically-aligned-center is-layout-flow wp-block-column-is-layout-flow\"><div      class=\"push background-white\">\n    <h2 class=\"push-title\">DISTRIBUTION<\/h2>        <div class=\"push-content\"><p class=\"text-build-content\" data-testid=\"yTnmmGYNy\">&#8211; Deploy the 3rd edition of the <b>XR Distribution Market (formerly XR Art Fair)<\/b>.<\/p>\n<p class=\"text-build-content\" data-testid=\"yTnmmGYNy\">&#8211; Contribute to a larger international<b>\u00a0distribution of XR works<\/b>.<\/p>\n<p class=\"text-build-content\" data-testid=\"yTnmmGYNy\">&#8211;<b>\u00a0Make XR works accessible\u00a0<\/b>with the creation of a dedicated space.<\/p>\n<p class=\"text-build-content\" data-testid=\"yTnmmGYNy\">&#8211;<b> Assist cultural players <\/b>in the field of digital and immersive creation.<\/p>\n<\/div>    <\/div>\n<\/div>\n<\/div>\n\n\n\n<div style=\"height:50px\" aria-hidden=\"true\" class=\"wp-block-spacer\"><\/div>\n\n\n\n<p>NewImages Hub aims to <strong>encourage innovation<\/strong> and <strong>steer a community<\/strong> around close or competing events, with the goal of <strong>connecting and supporting<\/strong> all actors of creation and culture. NewImages Hub also intends to lead new propositions within national programs such as Futur@cin\u00e9ma to accompany the evolution of cinema venues and their hybridization with other arts such as XR.<\/p>\n\n\n\n<div style=\"height:70px\" aria-hidden=\"true\" class=\"wp-block-spacer\"><\/div>\n\n\n\n<div class=\"ghostkit-grid ghostkit-grid-gap-md\"><div class=\"ghostkit-grid-inner\">\n<div class=\"ghostkit-col ghostkit-col-lg-12 ghostkit-col-1 is-layout-flow wp-block-grid-column-is-layout-flow\"><div class=\"ghostkit-col-content\"><\/div><\/div>\n\n\n\n<div class=\"ghostkit-col ghostkit-col-lg-12 ghostkit-col-5\"><div class=\"ghostkit-col-content is-layout-flow wp-block-grid-column-is-layout-flow\">\n<p><\/p>\n<\/div><\/div>\n\n\n\n<div class=\"ghostkit-col ghostkit-col-lg-12 ghostkit-col-4\"><div class=\"ghostkit-col-content is-layout-flow wp-block-grid-column-is-layout-flow\"><div class=\"wp-block-image\">\n<figure class=\"aligncenter size-medium is-resized\"><img loading=\"lazy\" decoding=\"async\" width=\"300\" height=\"141\" src=\"https:\/\/newimages-hub.com\/wp-content\/uploads\/2019\/03\/FDI_logo_CMNJ_rouge-1-300x141.png\" alt=\"\" class=\"wp-image-2595\" style=\"width:300px;height:141px\" srcset=\"https:\/\/newimages-hub.com\/wp-content\/uploads\/2019\/03\/FDI_logo_CMNJ_rouge-1-300x141.png 300w, https:\/\/newimages-hub.com\/wp-content\/uploads\/2019\/03\/FDI_logo_CMNJ_rouge-1-768x360.png 768w, https:\/\/newimages-hub.com\/wp-content\/uploads\/2019\/03\/FDI_logo_CMNJ_rouge-1.png 827w\" sizes=\"auto, (max-width: 300px) 100vw, 300px\" \/><\/figure><\/div><\/div><\/div>\n\n\n\n<div class=\"ghostkit-col ghostkit-col-2 is-layout-flow wp-block-grid-column-is-layout-flow\"><div class=\"ghostkit-col-content\"><\/div><\/div>\n<\/div><\/div>\n\n\n\n<p><\/p>\n","protected":false},"excerpt":{"rendered":"<p>A new supportive programfor lasting immersive and digital creation Developing year-long activities NewImages Hub\u2019s approach is driven by the experience acquired through NewImages Festival, a festival which is dedicated to the discovery of the most innovative immersive works (through competition and focus sections) and a key event for XR industry players (including co-production and distribution [&hellip;]<\/p>\n","protected":false},"author":1605,"featured_media":65835,"parent":0,"menu_order":57,"comment_status":"closed","ping_status":"closed","template":"","meta":{"ghostkit_customizer_options":"","ghostkit_custom_css":"","ghostkit_custom_js_head":"","ghostkit_custom_js_foot":"","ghostkit_typography":"","footnotes":""},"class_list":["post-65932","page","type-page","status-publish","has-post-thumbnail","hentry"],"acf":[],"yoast_head":"<!-- This site is optimized with the Yoast SEO plugin v24.7 - https:\/\/yoast.com\/wordpress\/plugins\/seo\/ -->\n<title>NewImages Hub | NewImages Festival<\/title>\n<meta name=\"description\" content=\"Le festival de la cr\u00e9ation num\u00e9rique et des mondes virtuels du Forum des images. 5\u00e8me \u00e9dition du 8 au 12 juin 2022 \u00e0 Paris et en ligne.\" \/>\n<meta name=\"robots\" content=\"index, follow, max-snippet:-1, max-image-preview:large, max-video-preview:-1\" \/>\n<link rel=\"canonical\" href=\"https:\/\/newimages-hub.com\/en\/about-2\/\" \/>\n<meta property=\"og:locale\" content=\"en_US\" \/>\n<meta property=\"og:type\" content=\"article\" \/>\n<meta property=\"og:title\" content=\"NewImages Hub | NewImages Festival\" \/>\n<meta property=\"og:description\" content=\"Le festival de la cr\u00e9ation num\u00e9rique et des mondes virtuels du Forum des images. 5\u00e8me \u00e9dition du 8 au 12 juin 2022 \u00e0 Paris et en ligne.\" \/>\n<meta property=\"og:url\" content=\"https:\/\/newimages-hub.com\/en\/about-2\/\" \/>\n<meta property=\"og:site_name\" content=\"NewImages Festival\" \/>\n<meta property=\"article:publisher\" content=\"https:\/\/www.facebook.com\/Newimages.Festival\/\" \/>\n<meta property=\"article:modified_time\" content=\"2024-08-09T13:57:44+00:00\" \/>\n<meta property=\"og:image\" content=\"https:\/\/newimages-hub.com\/wp-content\/uploads\/2023\/01\/hhsm2.png\" \/>\n\t<meta property=\"og:image:width\" content=\"1015\" \/>\n\t<meta property=\"og:image:height\" content=\"610\" \/>\n\t<meta property=\"og:image:type\" content=\"image\/png\" \/>\n<meta name=\"twitter:card\" content=\"summary_large_image\" \/>\n<meta name=\"twitter:site\" content=\"@Newimages_Paris\" \/>\n<meta name=\"twitter:label1\" content=\"Est. reading time\" \/>\n\t<meta name=\"twitter:data1\" content=\"3 minutes\" \/>\n<script type=\"application\/ld+json\" class=\"yoast-schema-graph\">{\"@context\":\"https:\/\/schema.org\",\"@graph\":[{\"@type\":\"WebPage\",\"@id\":\"https:\/\/newimages-hub.com\/en\/about-2\/\",\"url\":\"https:\/\/newimages-hub.com\/en\/about-2\/\",\"name\":\"NewImages Hub | NewImages Festival\",\"isPartOf\":{\"@id\":\"https:\/\/newimages-hub.com\/en\/#website\"},\"primaryImageOfPage\":{\"@id\":\"https:\/\/newimages-hub.com\/en\/about-2\/#primaryimage\"},\"image\":{\"@id\":\"https:\/\/newimages-hub.com\/en\/about-2\/#primaryimage\"},\"thumbnailUrl\":\"https:\/\/newimages-hub.com\/wp-content\/uploads\/2023\/01\/hhsm2.png\",\"datePublished\":\"2023-02-01T11:00:28+00:00\",\"dateModified\":\"2024-08-09T13:57:44+00:00\",\"description\":\"Le festival de la cr\u00e9ation num\u00e9rique et des mondes virtuels du Forum des images. 5\u00e8me \u00e9dition du 8 au 12 juin 2022 \u00e0 Paris et en ligne.\",\"breadcrumb\":{\"@id\":\"https:\/\/newimages-hub.com\/en\/about-2\/#breadcrumb\"},\"inLanguage\":\"en-US\",\"potentialAction\":[{\"@type\":\"ReadAction\",\"target\":[\"https:\/\/newimages-hub.com\/en\/about-2\/\"]}]},{\"@type\":\"ImageObject\",\"inLanguage\":\"en-US\",\"@id\":\"https:\/\/newimages-hub.com\/en\/about-2\/#primaryimage\",\"url\":\"https:\/\/newimages-hub.com\/wp-content\/uploads\/2023\/01\/hhsm2.png\",\"contentUrl\":\"https:\/\/newimages-hub.com\/wp-content\/uploads\/2023\/01\/hhsm2.png\",\"width\":1015,\"height\":610},{\"@type\":\"BreadcrumbList\",\"@id\":\"https:\/\/newimages-hub.com\/en\/about-2\/#breadcrumb\",\"itemListElement\":[{\"@type\":\"ListItem\",\"position\":1,\"name\":\"Home\",\"item\":\"https:\/\/newimages-hub.com\/en\/\"},{\"@type\":\"ListItem\",\"position\":2,\"name\":\"NewImages Hub\"}]},{\"@type\":\"WebSite\",\"@id\":\"https:\/\/newimages-hub.com\/en\/#website\",\"url\":\"https:\/\/newimages-hub.com\/en\/\",\"name\":\"NewImages Festival\",\"description\":\"Le festival de la cr\u00e9ation num\u00e9rique et des mondes virtuels\",\"publisher\":{\"@id\":\"https:\/\/newimages-hub.com\/en\/#organization\"},\"potentialAction\":[{\"@type\":\"SearchAction\",\"target\":{\"@type\":\"EntryPoint\",\"urlTemplate\":\"https:\/\/newimages-hub.com\/en\/?s={search_term_string}\"},\"query-input\":{\"@type\":\"PropertyValueSpecification\",\"valueRequired\":true,\"valueName\":\"search_term_string\"}}],\"inLanguage\":\"en-US\"},{\"@type\":\"Organization\",\"@id\":\"https:\/\/newimages-hub.com\/en\/#organization\",\"name\":\"NewImages Festival\",\"url\":\"https:\/\/newimages-hub.com\/en\/\",\"logo\":{\"@type\":\"ImageObject\",\"inLanguage\":\"en-US\",\"@id\":\"https:\/\/newimages-hub.com\/en\/#\/schema\/logo\/image\/\",\"url\":\"https:\/\/newimages-hub.com\/wp-content\/uploads\/2025\/12\/NI_LOGO_ROSE_RVB-2.png\",\"contentUrl\":\"https:\/\/newimages-hub.com\/wp-content\/uploads\/2025\/12\/NI_LOGO_ROSE_RVB-2.png\",\"width\":1181,\"height\":447,\"caption\":\"NewImages Festival\"},\"image\":{\"@id\":\"https:\/\/newimages-hub.com\/en\/#\/schema\/logo\/image\/\"},\"sameAs\":[\"https:\/\/www.facebook.com\/Newimages.Festival\/\",\"https:\/\/x.com\/Newimages_Paris\",\"http:\/\/newimages.festival\",\"https:\/\/fr.linkedin.com\/company\/newimagesart\/\"]}]}<\/script>\n<!-- \/ Yoast SEO plugin. -->","yoast_head_json":{"title":"NewImages Hub | NewImages Festival","description":"Le festival de la cr\u00e9ation num\u00e9rique et des mondes virtuels du Forum des images. 5\u00e8me \u00e9dition du 8 au 12 juin 2022 \u00e0 Paris et en ligne.","robots":{"index":"index","follow":"follow","max-snippet":"max-snippet:-1","max-image-preview":"max-image-preview:large","max-video-preview":"max-video-preview:-1"},"canonical":"https:\/\/newimages-hub.com\/en\/about-2\/","og_locale":"en_US","og_type":"article","og_title":"NewImages Hub | NewImages Festival","og_description":"Le festival de la cr\u00e9ation num\u00e9rique et des mondes virtuels du Forum des images. 5\u00e8me \u00e9dition du 8 au 12 juin 2022 \u00e0 Paris et en ligne.","og_url":"https:\/\/newimages-hub.com\/en\/about-2\/","og_site_name":"NewImages Festival","article_publisher":"https:\/\/www.facebook.com\/Newimages.Festival\/","article_modified_time":"2024-08-09T13:57:44+00:00","og_image":[{"width":1015,"height":610,"url":"https:\/\/newimages-hub.com\/wp-content\/uploads\/2023\/01\/hhsm2.png","type":"image\/png"}],"twitter_card":"summary_large_image","twitter_site":"@Newimages_Paris","twitter_misc":{"Est. reading time":"3 minutes"},"schema":{"@context":"https:\/\/schema.org","@graph":[{"@type":"WebPage","@id":"https:\/\/newimages-hub.com\/en\/about-2\/","url":"https:\/\/newimages-hub.com\/en\/about-2\/","name":"NewImages Hub | NewImages Festival","isPartOf":{"@id":"https:\/\/newimages-hub.com\/en\/#website"},"primaryImageOfPage":{"@id":"https:\/\/newimages-hub.com\/en\/about-2\/#primaryimage"},"image":{"@id":"https:\/\/newimages-hub.com\/en\/about-2\/#primaryimage"},"thumbnailUrl":"https:\/\/newimages-hub.com\/wp-content\/uploads\/2023\/01\/hhsm2.png","datePublished":"2023-02-01T11:00:28+00:00","dateModified":"2024-08-09T13:57:44+00:00","description":"Le festival de la cr\u00e9ation num\u00e9rique et des mondes virtuels du Forum des images. 5\u00e8me \u00e9dition du 8 au 12 juin 2022 \u00e0 Paris et en ligne.","breadcrumb":{"@id":"https:\/\/newimages-hub.com\/en\/about-2\/#breadcrumb"},"inLanguage":"en-US","potentialAction":[{"@type":"ReadAction","target":["https:\/\/newimages-hub.com\/en\/about-2\/"]}]},{"@type":"ImageObject","inLanguage":"en-US","@id":"https:\/\/newimages-hub.com\/en\/about-2\/#primaryimage","url":"https:\/\/newimages-hub.com\/wp-content\/uploads\/2023\/01\/hhsm2.png","contentUrl":"https:\/\/newimages-hub.com\/wp-content\/uploads\/2023\/01\/hhsm2.png","width":1015,"height":610},{"@type":"BreadcrumbList","@id":"https:\/\/newimages-hub.com\/en\/about-2\/#breadcrumb","itemListElement":[{"@type":"ListItem","position":1,"name":"Home","item":"https:\/\/newimages-hub.com\/en\/"},{"@type":"ListItem","position":2,"name":"NewImages Hub"}]},{"@type":"WebSite","@id":"https:\/\/newimages-hub.com\/en\/#website","url":"https:\/\/newimages-hub.com\/en\/","name":"NewImages Festival","description":"Le festival de la cr\u00e9ation num\u00e9rique et des mondes virtuels","publisher":{"@id":"https:\/\/newimages-hub.com\/en\/#organization"},"potentialAction":[{"@type":"SearchAction","target":{"@type":"EntryPoint","urlTemplate":"https:\/\/newimages-hub.com\/en\/?s={search_term_string}"},"query-input":{"@type":"PropertyValueSpecification","valueRequired":true,"valueName":"search_term_string"}}],"inLanguage":"en-US"},{"@type":"Organization","@id":"https:\/\/newimages-hub.com\/en\/#organization","name":"NewImages Festival","url":"https:\/\/newimages-hub.com\/en\/","logo":{"@type":"ImageObject","inLanguage":"en-US","@id":"https:\/\/newimages-hub.com\/en\/#\/schema\/logo\/image\/","url":"https:\/\/newimages-hub.com\/wp-content\/uploads\/2025\/12\/NI_LOGO_ROSE_RVB-2.png","contentUrl":"https:\/\/newimages-hub.com\/wp-content\/uploads\/2025\/12\/NI_LOGO_ROSE_RVB-2.png","width":1181,"height":447,"caption":"NewImages Festival"},"image":{"@id":"https:\/\/newimages-hub.com\/en\/#\/schema\/logo\/image\/"},"sameAs":["https:\/\/www.facebook.com\/Newimages.Festival\/","https:\/\/x.com\/Newimages_Paris","http:\/\/newimages.festival","https:\/\/fr.linkedin.com\/company\/newimagesart\/"]}]}},"_links":{"self":[{"href":"https:\/\/newimages-hub.com\/en\/wp-json\/wp\/v2\/pages\/65932","targetHints":{"allow":["GET"]}}],"collection":[{"href":"https:\/\/newimages-hub.com\/en\/wp-json\/wp\/v2\/pages"}],"about":[{"href":"https:\/\/newimages-hub.com\/en\/wp-json\/wp\/v2\/types\/page"}],"author":[{"embeddable":true,"href":"https:\/\/newimages-hub.com\/en\/wp-json\/wp\/v2\/users\/1605"}],"replies":[{"embeddable":true,"href":"https:\/\/newimages-hub.com\/en\/wp-json\/wp\/v2\/comments?post=65932"}],"version-history":[{"count":33,"href":"https:\/\/newimages-hub.com\/en\/wp-json\/wp\/v2\/pages\/65932\/revisions"}],"predecessor-version":[{"id":71150,"href":"https:\/\/newimages-hub.com\/en\/wp-json\/wp\/v2\/pages\/65932\/revisions\/71150"}],"wp:featuredmedia":[{"embeddable":true,"href":"https:\/\/newimages-hub.com\/en\/wp-json\/wp\/v2\/media\/65835"}],"wp:attachment":[{"href":"https:\/\/newimages-hub.com\/en\/wp-json\/wp\/v2\/media?parent=65932"}],"curies":[{"name":"wp","href":"https:\/\/api.w.org\/{rel}","templated":true}]}}