{"id":66062,"date":"2023-02-01T15:13:36","date_gmt":"2023-02-01T14:13:36","guid":{"rendered":"https:\/\/newimages-hub.com\/?page_id=66062"},"modified":"2025-05-09T11:48:50","modified_gmt":"2025-05-09T09:48:50","slug":"residencies","status":"publish","type":"page","link":"https:\/\/newimages-hub.com\/en\/residencies\/","title":{"rendered":"Residencies 2025"},"content":{"rendered":"<h1     class=\"main-title \">Residencies 2025<\/h1>\n\n\n<div      class=\"chapo \"><p>Thanks to many partners around the world, the NewImages Hub is proud to have built an international network to support and impulse XR creation.<\/p>\n<\/div>\n\n\n\n<p>NewImages supports international immersive creation through residencies, co-created with partner institutions. Through these programs, NewImages encourages young creators by fostering the emergence of new talent and new collaborations between the French and different international ecosystems.<\/p>\n\n\n\n\n\n<h2 class=\"wp-block-heading\" id=\"call-for-applications-2025\"><mark class=\"ghostkit-highlight\"><mark>Call for applications <\/mark>2025<\/mark><\/h2>\n\n\n\n<div style=\"height:44px\" aria-hidden=\"true\" class=\"wp-block-spacer\"><\/div>\n\n\n\n<div class=\"wp-block-columns is-layout-flex wp-container-core-columns-is-layout-1 wp-block-columns-is-layout-flex\">\n<div class=\"wp-block-column is-layout-flow wp-block-column-is-layout-flow\"><div      class=\"push background-white\">\n    <h2 class=\"push-title\">RESIDENCY XR FALL \u2013 VANCOUVER 2025<br \/>\r\n<\/h2>        <div class=\"push-content\"><p><strong>Call for projects open until June 9th, 2025<\/strong><\/p>\n<p><u>Open to any:<\/u><\/p>\n<p>\u2022\u00a0any type of XR project (360\u00b0 virtual reality, interactive reality, augmented reality, mixed reality, installations including immersive technologies).<br \/>\n\u2022\u00a0in writing<\/p>\n<p><u>Advantages:<\/u><br \/>\n<span style=\"font-weight: 400;\">\u2714 4-week residency at Vancouver with workspace at the Centre for Digital Media and at Emily Carr University of Arts + Design, and accommodation included<\/span><span style=\"font-weight: 400;\"><br \/>\n<\/span><span style=\"font-weight: 400;\">\u2714 endowment of \u20ac2,000<\/span><span style=\"font-weight: 400;\"><br \/>\n<\/span><span style=\"font-weight: 400;\">\u2714 connections with the local XR ecosystem<\/span><span style=\"font-weight: 400;\"><br \/>\n<\/span><span style=\"font-weight: 400;\">\u2714 invitation to festivals and professional events<\/span><\/p>\n<p><strong>In partnership with:<\/strong><span style=\"font-weight: 400;\"> Initiated by the French Institute of Canada, as part of their &#8216;West-West Residencies&#8217; program, in partnership with the <a href=\"https:\/\/www.forumdesimages.fr\/english-contents\/forum-des-images\">Forum des Images<\/a> (Paris), <a href=\"https:\/\/www.ecuad.ca\/\">Emily Carr University of Art + Design<\/a> (Vancouver), the <a href=\"https:\/\/thecdm.ca\/\">Centre for Digital Media<\/a>, and the <a href=\"https:\/\/www.alliancefrancaise.ca\/fr\/\">Alliance Fran\u00e7aise Vancouver.<\/a><\/span><\/p>\n<p><strong><a href=\"https:\/\/newimages-hub.com\/wp-content\/uploads\/2025\/05\/EN_AAP2025_Vancouver-Fall-Residency_Regulations.docx-2.pdf\" target=\"_blank\" rel=\"noopener\">Terms and conditions<\/a><\/strong><\/p>\n<\/div>    <a href=\"https:\/\/xrfall-residency-2025.paperform.co\/\" target=\"_blank\" class=\"button push-button\">Register now<\/a><\/div>\n<\/div>\n\n\n\n<div class=\"wp-block-column is-layout-flow wp-block-column-is-layout-flow\"><\/div>\n<\/div>\n\n\n\n<div class=\"wp-block-columns is-layout-flex wp-container-core-columns-is-layout-2 wp-block-columns-is-layout-flex\">\n<div class=\"wp-block-column is-layout-flow wp-block-column-is-layout-flow\"><\/div>\n\n\n\n<div class=\"wp-block-column is-vertically-aligned-top is-layout-flow wp-block-column-is-layout-flow\"><\/div>\n<\/div>\n\n\n\n<h2 class=\"wp-block-heading\" id=\"other-programs-previously\"><mark>Other programs \/ Previously<\/mark><\/h2>\n\n\n\n<div class=\"wp-block-columns is-layout-flex wp-container-core-columns-is-layout-3 wp-block-columns-is-layout-flex\">\n<div class=\"wp-block-column is-layout-flow wp-block-column-is-layout-flow\"><div      class=\"push background-white\">\n    <h2 class=\"push-title\">RESIDENCY XR FALL \u2013 VANCOUVER 2024<br \/>\r\n<\/h2>        <div class=\"push-content\"><p><u>Open to any:<\/u><\/p>\n<p>\u2022\u00a0any type of XR project (360\u00b0 virtual reality, interactive reality, augmented reality, mixed reality, installations including immersive technologies).<br \/>\n\u2022\u00a0in writing<\/p>\n<p><u>Advantages:<\/u><br \/>\n<span style=\"font-weight: 400;\">\u2714 4-week residency at Vancouver with workspace at the Basically Good Media Lab and accommodation included<\/span><span style=\"font-weight: 400;\"><br \/>\n<\/span><span style=\"font-weight: 400;\">\u2714 endowment of \u20ac2,000<\/span><span style=\"font-weight: 400;\"><br \/>\n<\/span><span style=\"font-weight: 400;\">\u2714 connections with the local XR ecosystem<\/span><span style=\"font-weight: 400;\"><br \/>\n<\/span><span style=\"font-weight: 400;\">\u2714 invitation to festivals and professional events<\/span><\/p>\n<p><strong>In partnership with:<\/strong><span style=\"font-weight: 400;\"> Initiated by the <a href=\"https:\/\/ca.ambafrance.org\/-Francais-\">Embassy of France in Canada<\/a> \/ <a href=\"https:\/\/vancouver.consulfrance.org\/\">Consulate General of Vancouver<\/a> as part of their &#8216;West-West Residencies&#8217; program, in partnership with the <a href=\"https:\/\/www.forumdesimages.fr\/english-contents\/forum-des-images\">Forum des Images<\/a> (Paris), <a href=\"https:\/\/www.ecuad.ca\/\">Emily Carr University of Art + Design<\/a> (Vancouver), the <a href=\"https:\/\/www.alliancefrancaise.ca\/fr\/\">Alliance Fran\u00e7aise Vancouver<\/a>, and with the support of the <a href=\"https:\/\/www.institutfrancais.com\/fr\">Institut fran\u00e7ais<\/a>.<\/span><\/p>\n<p><strong><a href=\"https:\/\/newimages-hub.com\/wp-content\/uploads\/2024\/06\/EN_AAP20224_Vancouver-Fall-Residency_Regulations.docx-2-1.pdf\" target=\"_blank\" rel=\"noopener\">Terms and conditions<\/a><\/strong><\/p>\n<\/div>    <\/div>\n<\/div>\n\n\n\n<div class=\"wp-block-column is-layout-flow wp-block-column-is-layout-flow\"><div      class=\"push background-white\">\n    <h2 class=\"push-title\">VILLA FORMOSE IMMERSIVE &#8211; FRANCE XR PROTOTYPING RESIDENCY<\/h2>        <div class=\"push-content\"><p><u>Open to any:<br \/>\n<\/u>\u2013 all creative and innovative XR or immersive projects (VR360, VR interactive, augmented or mixed reality, installation including immersive technologies, hybrid live performance)<br \/>\n\u2013 in development, Taiwanese production or co-production<u><br \/>\n<\/u><\/p>\n<p><u>Advantages:<br \/>\n<\/u>\u2714 3 to 7 weeks of residency in Paris between March and April 2024<br \/>\n\u2714\u00a0accommodation and workspace included<br \/>\n\u2714 mentoring sessions on XR production and distribution<br \/>\n\u2714\u00a0a total grant of 1,400,000 NTD including but not limited to, production fee,<br \/>\ndaily living allowance of 50 EUR\/day, insurances and taxes<br \/>\n\u2714 round trip flight tickets covered by the partners<br \/>\n\u2714 the provision of VR headsets and other equipment on site<\/p>\n<p><b data-stringify-type=\"bold\">In partnership with: <\/b>CNC, TAICCA, Kaohsiung Film Archive, French Office in Taipei, Institut Fran\u00e7ais &amp; Universcience<\/p>\n<\/div>    <\/div>\n<\/div>\n\n\n\n<div class=\"wp-block-column is-layout-flow wp-block-column-is-layout-flow\"><div      class=\"push background-white\">\n    <h2 class=\"push-title\">VILLA FORMOSE IMMERSIVE &#8211; TAIWAN XR WRITING RESIDENCY<\/h2>        <div class=\"push-content\"><p><u>Open to any:<\/u><br \/>\n\u2013 narrative and immersive project (XR, video games, hybrid shows or any other innovative device)<br \/>\n\u2013 in developement or concept, French production or co-production.<\/p>\n<p><u>Advantages:<\/u><br \/>\n\u2714 3 weeks of residency in Taiwan between October and November 2023, flight tickets, accommodation and workspace included<br \/>\n\u2714 a tailored program of workshops, writing and networking sessions with Taiwanese professionals and the local ecosystem<br \/>\n\u2714 pitching session of the projects during Taiwan Creative Content Fest in front of Taiwanese professionals (producers, studios, distributors, investors, etc.)<\/p>\n<p><strong>In partnership with:<\/strong> CNC, TAICCA, Kaohsiung Film Archive, French Office in Taipei<\/p>\n<\/div>    <\/div>\n<\/div>\n<\/div>\n\n\n\n<div class=\"wp-block-columns is-layout-flex wp-container-core-columns-is-layout-4 wp-block-columns-is-layout-flex\">\n<div class=\"wp-block-column is-layout-flow wp-block-column-is-layout-flow\"><div      class=\"push background-white\">\n    <h2 class=\"push-title\">VILLA FORMOSE IMMERSIVE &#8211; TAIWAN XR PROTOTYPING RESIDENCY<\/h2>        <div class=\"push-content\"><p><u>Open to any:<\/u><br \/>\n\u2013 narrative and immersive project (XR, video games, hybrid shows or any other innovative device)<br \/>\n\u2013 In development, French production or co-production<\/p>\n<p><u>Advantages:<\/u><br \/>\n\u2714 3 to 7 weeks of residency in Kaohsiung, Taiwan between October and November 2023<br \/>\n\u2714 accommodation and workspace included<br \/>\n\u2714 mentoring sessions on XR production and distribution<br \/>\n\u2714 a daily allowance of NTD$ 500\/day<br \/>\n\u2714 round trip flight tickets covered by the partners<br \/>\n\u2714 the provision of VR headsets and other equipment on site<br \/>\n\u2714 an endowment of EUR 20,000<\/p>\n<p>&nbsp;<\/p>\n<p><strong>In partnership with:<\/strong><br \/>\nCNC, TAICCA, Kaohsiung Film Archive, French Office in Taipei<\/p>\n<\/div>    <\/div>\n<\/div>\n\n\n\n<div class=\"wp-block-column is-layout-flow wp-block-column-is-layout-flow\"><div      class=\"push background-white\">\n    <h2 class=\"push-title\">QUITO &#8211; UDLA IMMERSIVE RESIDENCY<\/h2>        <div class=\"push-content\"><p><u>Open to any:<\/u><br \/>\n&#8211; narrative and immersive project (XR, video games, hybrid shows or any other innovative device)<br \/>\n&#8211; in development, French production or co-production.<\/p>\n<p><u>Advantages:<\/u><br \/>\n\u2714 4 weeks of residency at the Universidad de las Am\u00e9ricas (UDLA), and during the Mediamorfosis 2023, accommodation included.<br \/>\n\u2714 an endowment of \u20ac2,000<br \/>\n\u2714 a connection to the local XR ecosystem<br \/>\n\u2714 flights included<\/p>\n<p><strong>In partnership with:<\/strong><span style=\"font-weight: 400;\">\u00a0<a href=\"https:\/\/www.afquito.org.ec\/\">Alliance Fran\u00e7aise de Quito\u00a0<\/a>et\u00a0<a href=\"https:\/\/www.udla.edu.ec\/\">Universidad de las Am\u00e9ricas (UDLA)<\/a><\/span><\/p>\n<p><a href=\"https:\/\/newimages-hub.com\/wp-content\/uploads\/2023\/02\/AAP2023_Quito-Immersive-Residency_regulations-ENG.pdf\"><strong>Terms and conditions<\/strong><\/a><\/p>\n<\/div>    <\/div>\n<\/div>\n\n\n\n<div class=\"wp-block-column is-layout-flow wp-block-column-is-layout-flow\"><div      class=\"push background-white\">\n    <h2 class=\"push-title\">FARNESE \u2013 MEDICI XR RESIDENCY<\/h2>        <div class=\"push-content\"><p><strong>Call for projects open until March 15th, 2025<\/strong><\/p>\n<p><u>Open to any:<\/u><\/p>\n<p>\u2013 any type of XR project (360\u00b0 virtual reality, interactive reality, augmented reality, mixed reality, installations including immersive technologies).<br \/>\n\u2013 in development, French production or co-production.<\/p>\n<p><u>Advantages:<\/u><br \/>\n\u2714 4-week residency at the Villa Medici (Rome)<br \/>\n\u2714 endowment of \u20ac6,000<br \/>\n\u2714 connections with the local XR ecosystem<br \/>\n\u2714 acquisition by Rai Cinema<br \/>\n\u2714 invitation to festivals and professional events in Italy<\/p>\n<p><strong>In partnership with:<\/strong><span style=\"font-weight: 400;\"> <a href=\"https:\/\/it.ambafrance.org\/\" target=\"_blank\" rel=\"noopener\">the Embassy of France in Italy<\/a>,\u00a0<a href=\"https:\/\/www.institutfrancais.it\/fr\" target=\"_blank\" rel=\"noopener\">the Institut fran\u00e7ais Italia<\/a>,\u00a0<a href=\"https:\/\/www.villamedici.it\/fr\/\" target=\"_blank\" rel=\"noopener\">the French Academy in Rome \u2013 Villa Medici<\/a>,\u00a0<a href=\"https:\/\/www.rai.it\/raicinema\/\" target=\"_blank\" rel=\"noopener\">Rai Cinema<\/a> and <a href=\"https:\/\/www.videocitta.com\/\">Videocitt\u00e0<\/a>.<\/span><\/p>\n<p><a href=\"https:\/\/newimages-hub.com\/wp-content\/uploads\/2025\/02\/AAP2025_Farnese-\u2013-Medici-XR-Residency_regulations.docx.pdf\"><strong>Terms and conditions<\/strong><\/a><\/p>\n<\/div>    <\/div>\n<\/div>\n<\/div>\n\n\n\n<div class=\"wp-block-columns is-layout-flex wp-container-core-columns-is-layout-5 wp-block-columns-is-layout-flex\">\n<div class=\"wp-block-column is-layout-flow wp-block-column-is-layout-flow\"><div      class=\"push background-white\">\n    <h2 class=\"push-title\">Paris XR Residency 2025 &#8211; West Canada<\/h2>        <div class=\"push-content\"><p><strong>Call for projects open until February 10th, 2025<\/strong><\/p>\n<p><u>Open to:<br \/>\n<\/u>\u2022 any type of XR project in development (360\u00b0 virtual reality, interactive reality, augmented reality, mixed reality, installations including immersive technologies).<\/p>\n<p><u>Advantages:<\/u><br \/>\n\u2714 4-week residency programme in Paris<br \/>\n\u2714 roundtrip flight Canada- Paris<br \/>\n\u2714 a workplace at the Cit\u00e9 des sciences et de l\u2019industrie<br \/>\n\u2714 a 1950\u20ac grant<br \/>\n\u2714 connection opportunities with the local ecosystem<br \/>\n\u2714 participation to diverse events in Paris (NewImages Festival included)<\/p>\n<p><strong>In partnership with: <\/strong>the Institut fran\u00e7ais du Canada<\/p>\n<p><a href=\"https:\/\/newimages-hub.com\/wp-content\/uploads\/2025\/01\/AAP2025_Paris-XR-Residency-Vancouver-2025_reglement.pdf\"><strong>Terms and conditions<\/strong><\/a><\/p>\n<\/div>    <\/div>\n<\/div>\n\n\n\n<div class=\"wp-block-column is-layout-flow wp-block-column-is-layout-flow\"><\/div>\n<\/div>\n\n\n\n<div style=\"height:0px\" aria-hidden=\"true\" class=\"wp-block-spacer\"><\/div>\n","protected":false},"excerpt":{"rendered":"<p>NewImages supports international immersive creation through residencies, co-created with partner institutions. Through these programs, NewImages encourages young creators by fostering the emergence of new talent and new collaborations between the French and different international ecosystems. Call for applications 2025 Other programs \/ Previously<\/p>\n","protected":false},"author":1605,"featured_media":72164,"parent":0,"menu_order":99,"comment_status":"closed","ping_status":"closed","template":"","meta":{"ghostkit_customizer_options":"","ghostkit_custom_css":"","ghostkit_custom_js_head":"","ghostkit_custom_js_foot":"","ghostkit_typography":"","footnotes":""},"class_list":["post-66062","page","type-page","status-publish","has-post-thumbnail","hentry"],"acf":[],"yoast_head":"<!-- This site is optimized with the Yoast SEO plugin v24.7 - https:\/\/yoast.com\/wordpress\/plugins\/seo\/ -->\n<title>Residencies 2025 | NewImages Festival<\/title>\n<meta name=\"description\" content=\"Gr\u00e2ce \u00e0 ses nombreux partenaires \u00e0 travers le monde, NewImages Festival a b\u00e2ti un r\u00e9seau international au service de la cr\u00e9ation XR.\" \/>\n<meta name=\"robots\" content=\"index, follow, max-snippet:-1, max-image-preview:large, max-video-preview:-1\" \/>\n<link rel=\"canonical\" href=\"https:\/\/newimages-hub.com\/en\/residencies\/\" \/>\n<meta property=\"og:locale\" content=\"en_US\" \/>\n<meta property=\"og:type\" content=\"article\" \/>\n<meta property=\"og:title\" content=\"Residencies 2025 | NewImages Festival\" \/>\n<meta property=\"og:description\" content=\"Gr\u00e2ce \u00e0 ses nombreux partenaires \u00e0 travers le monde, NewImages Festival a b\u00e2ti un r\u00e9seau international au service de la cr\u00e9ation XR.\" \/>\n<meta property=\"og:url\" content=\"https:\/\/newimages-hub.com\/en\/residencies\/\" \/>\n<meta property=\"og:site_name\" content=\"NewImages Festival\" \/>\n<meta property=\"article:publisher\" content=\"https:\/\/www.facebook.com\/Newimages.Festival\/\" \/>\n<meta property=\"article:modified_time\" content=\"2025-05-09T09:48:50+00:00\" \/>\n<meta property=\"og:image\" content=\"https:\/\/newimages-hub.com\/wp-content\/uploads\/2025\/01\/V2nif25-banniere-2400x1260-1.jpg\" \/>\n\t<meta property=\"og:image:width\" content=\"2400\" \/>\n\t<meta property=\"og:image:height\" content=\"1260\" \/>\n\t<meta property=\"og:image:type\" content=\"image\/jpeg\" \/>\n<meta name=\"twitter:card\" content=\"summary_large_image\" \/>\n<meta name=\"twitter:site\" content=\"@Newimages_Paris\" \/>\n<meta name=\"twitter:label1\" content=\"Est. reading time\" \/>\n\t<meta name=\"twitter:data1\" content=\"1 minute\" \/>\n<script type=\"application\/ld+json\" class=\"yoast-schema-graph\">{\"@context\":\"https:\/\/schema.org\",\"@graph\":[{\"@type\":\"WebPage\",\"@id\":\"https:\/\/newimages-hub.com\/en\/residencies\/\",\"url\":\"https:\/\/newimages-hub.com\/en\/residencies\/\",\"name\":\"Residencies 2025 | NewImages Festival\",\"isPartOf\":{\"@id\":\"https:\/\/newimages-hub.com\/en\/#website\"},\"primaryImageOfPage\":{\"@id\":\"https:\/\/newimages-hub.com\/en\/residencies\/#primaryimage\"},\"image\":{\"@id\":\"https:\/\/newimages-hub.com\/en\/residencies\/#primaryimage\"},\"thumbnailUrl\":\"https:\/\/newimages-hub.com\/wp-content\/uploads\/2025\/01\/V2nif25-banniere-2400x1260-1.jpg\",\"datePublished\":\"2023-02-01T14:13:36+00:00\",\"dateModified\":\"2025-05-09T09:48:50+00:00\",\"description\":\"Gr\u00e2ce \u00e0 ses nombreux partenaires \u00e0 travers le monde, NewImages Festival a b\u00e2ti un r\u00e9seau international au service de la cr\u00e9ation XR.\",\"breadcrumb\":{\"@id\":\"https:\/\/newimages-hub.com\/en\/residencies\/#breadcrumb\"},\"inLanguage\":\"en-US\",\"potentialAction\":[{\"@type\":\"ReadAction\",\"target\":[\"https:\/\/newimages-hub.com\/en\/residencies\/\"]}]},{\"@type\":\"ImageObject\",\"inLanguage\":\"en-US\",\"@id\":\"https:\/\/newimages-hub.com\/en\/residencies\/#primaryimage\",\"url\":\"https:\/\/newimages-hub.com\/wp-content\/uploads\/2025\/01\/V2nif25-banniere-2400x1260-1.jpg\",\"contentUrl\":\"https:\/\/newimages-hub.com\/wp-content\/uploads\/2025\/01\/V2nif25-banniere-2400x1260-1.jpg\",\"width\":2400,\"height\":1260},{\"@type\":\"BreadcrumbList\",\"@id\":\"https:\/\/newimages-hub.com\/en\/residencies\/#breadcrumb\",\"itemListElement\":[{\"@type\":\"ListItem\",\"position\":1,\"name\":\"Home\",\"item\":\"https:\/\/newimages-hub.com\/en\/\"},{\"@type\":\"ListItem\",\"position\":2,\"name\":\"Residencies 2025\"}]},{\"@type\":\"WebSite\",\"@id\":\"https:\/\/newimages-hub.com\/en\/#website\",\"url\":\"https:\/\/newimages-hub.com\/en\/\",\"name\":\"NewImages Festival\",\"description\":\"Le festival de la cr\u00e9ation num\u00e9rique et des mondes virtuels\",\"publisher\":{\"@id\":\"https:\/\/newimages-hub.com\/en\/#organization\"},\"potentialAction\":[{\"@type\":\"SearchAction\",\"target\":{\"@type\":\"EntryPoint\",\"urlTemplate\":\"https:\/\/newimages-hub.com\/en\/?s={search_term_string}\"},\"query-input\":{\"@type\":\"PropertyValueSpecification\",\"valueRequired\":true,\"valueName\":\"search_term_string\"}}],\"inLanguage\":\"en-US\"},{\"@type\":\"Organization\",\"@id\":\"https:\/\/newimages-hub.com\/en\/#organization\",\"name\":\"NewImages Festival\",\"url\":\"https:\/\/newimages-hub.com\/en\/\",\"logo\":{\"@type\":\"ImageObject\",\"inLanguage\":\"en-US\",\"@id\":\"https:\/\/newimages-hub.com\/en\/#\/schema\/logo\/image\/\",\"url\":\"https:\/\/newimages-hub.com\/wp-content\/uploads\/2025\/12\/NI_LOGO_ROSE_RVB-2.png\",\"contentUrl\":\"https:\/\/newimages-hub.com\/wp-content\/uploads\/2025\/12\/NI_LOGO_ROSE_RVB-2.png\",\"width\":1181,\"height\":447,\"caption\":\"NewImages Festival\"},\"image\":{\"@id\":\"https:\/\/newimages-hub.com\/en\/#\/schema\/logo\/image\/\"},\"sameAs\":[\"https:\/\/www.facebook.com\/Newimages.Festival\/\",\"https:\/\/x.com\/Newimages_Paris\",\"http:\/\/newimages.festival\",\"https:\/\/fr.linkedin.com\/company\/newimagesart\/\"]}]}<\/script>\n<!-- \/ Yoast SEO plugin. -->","yoast_head_json":{"title":"Residencies 2025 | NewImages Festival","description":"Gr\u00e2ce \u00e0 ses nombreux partenaires \u00e0 travers le monde, NewImages Festival a b\u00e2ti un r\u00e9seau international au service de la cr\u00e9ation XR.","robots":{"index":"index","follow":"follow","max-snippet":"max-snippet:-1","max-image-preview":"max-image-preview:large","max-video-preview":"max-video-preview:-1"},"canonical":"https:\/\/newimages-hub.com\/en\/residencies\/","og_locale":"en_US","og_type":"article","og_title":"Residencies 2025 | NewImages Festival","og_description":"Gr\u00e2ce \u00e0 ses nombreux partenaires \u00e0 travers le monde, NewImages Festival a b\u00e2ti un r\u00e9seau international au service de la cr\u00e9ation XR.","og_url":"https:\/\/newimages-hub.com\/en\/residencies\/","og_site_name":"NewImages Festival","article_publisher":"https:\/\/www.facebook.com\/Newimages.Festival\/","article_modified_time":"2025-05-09T09:48:50+00:00","og_image":[{"width":2400,"height":1260,"url":"https:\/\/newimages-hub.com\/wp-content\/uploads\/2025\/01\/V2nif25-banniere-2400x1260-1.jpg","type":"image\/jpeg"}],"twitter_card":"summary_large_image","twitter_site":"@Newimages_Paris","twitter_misc":{"Est. reading time":"1 minute"},"schema":{"@context":"https:\/\/schema.org","@graph":[{"@type":"WebPage","@id":"https:\/\/newimages-hub.com\/en\/residencies\/","url":"https:\/\/newimages-hub.com\/en\/residencies\/","name":"Residencies 2025 | NewImages Festival","isPartOf":{"@id":"https:\/\/newimages-hub.com\/en\/#website"},"primaryImageOfPage":{"@id":"https:\/\/newimages-hub.com\/en\/residencies\/#primaryimage"},"image":{"@id":"https:\/\/newimages-hub.com\/en\/residencies\/#primaryimage"},"thumbnailUrl":"https:\/\/newimages-hub.com\/wp-content\/uploads\/2025\/01\/V2nif25-banniere-2400x1260-1.jpg","datePublished":"2023-02-01T14:13:36+00:00","dateModified":"2025-05-09T09:48:50+00:00","description":"Gr\u00e2ce \u00e0 ses nombreux partenaires \u00e0 travers le monde, NewImages Festival a b\u00e2ti un r\u00e9seau international au service de la cr\u00e9ation XR.","breadcrumb":{"@id":"https:\/\/newimages-hub.com\/en\/residencies\/#breadcrumb"},"inLanguage":"en-US","potentialAction":[{"@type":"ReadAction","target":["https:\/\/newimages-hub.com\/en\/residencies\/"]}]},{"@type":"ImageObject","inLanguage":"en-US","@id":"https:\/\/newimages-hub.com\/en\/residencies\/#primaryimage","url":"https:\/\/newimages-hub.com\/wp-content\/uploads\/2025\/01\/V2nif25-banniere-2400x1260-1.jpg","contentUrl":"https:\/\/newimages-hub.com\/wp-content\/uploads\/2025\/01\/V2nif25-banniere-2400x1260-1.jpg","width":2400,"height":1260},{"@type":"BreadcrumbList","@id":"https:\/\/newimages-hub.com\/en\/residencies\/#breadcrumb","itemListElement":[{"@type":"ListItem","position":1,"name":"Home","item":"https:\/\/newimages-hub.com\/en\/"},{"@type":"ListItem","position":2,"name":"Residencies 2025"}]},{"@type":"WebSite","@id":"https:\/\/newimages-hub.com\/en\/#website","url":"https:\/\/newimages-hub.com\/en\/","name":"NewImages Festival","description":"Le festival de la cr\u00e9ation num\u00e9rique et des mondes virtuels","publisher":{"@id":"https:\/\/newimages-hub.com\/en\/#organization"},"potentialAction":[{"@type":"SearchAction","target":{"@type":"EntryPoint","urlTemplate":"https:\/\/newimages-hub.com\/en\/?s={search_term_string}"},"query-input":{"@type":"PropertyValueSpecification","valueRequired":true,"valueName":"search_term_string"}}],"inLanguage":"en-US"},{"@type":"Organization","@id":"https:\/\/newimages-hub.com\/en\/#organization","name":"NewImages Festival","url":"https:\/\/newimages-hub.com\/en\/","logo":{"@type":"ImageObject","inLanguage":"en-US","@id":"https:\/\/newimages-hub.com\/en\/#\/schema\/logo\/image\/","url":"https:\/\/newimages-hub.com\/wp-content\/uploads\/2025\/12\/NI_LOGO_ROSE_RVB-2.png","contentUrl":"https:\/\/newimages-hub.com\/wp-content\/uploads\/2025\/12\/NI_LOGO_ROSE_RVB-2.png","width":1181,"height":447,"caption":"NewImages Festival"},"image":{"@id":"https:\/\/newimages-hub.com\/en\/#\/schema\/logo\/image\/"},"sameAs":["https:\/\/www.facebook.com\/Newimages.Festival\/","https:\/\/x.com\/Newimages_Paris","http:\/\/newimages.festival","https:\/\/fr.linkedin.com\/company\/newimagesart\/"]}]}},"_links":{"self":[{"href":"https:\/\/newimages-hub.com\/en\/wp-json\/wp\/v2\/pages\/66062","targetHints":{"allow":["GET"]}}],"collection":[{"href":"https:\/\/newimages-hub.com\/en\/wp-json\/wp\/v2\/pages"}],"about":[{"href":"https:\/\/newimages-hub.com\/en\/wp-json\/wp\/v2\/types\/page"}],"author":[{"embeddable":true,"href":"https:\/\/newimages-hub.com\/en\/wp-json\/wp\/v2\/users\/1605"}],"replies":[{"embeddable":true,"href":"https:\/\/newimages-hub.com\/en\/wp-json\/wp\/v2\/comments?post=66062"}],"version-history":[{"count":152,"href":"https:\/\/newimages-hub.com\/en\/wp-json\/wp\/v2\/pages\/66062\/revisions"}],"predecessor-version":[{"id":73257,"href":"https:\/\/newimages-hub.com\/en\/wp-json\/wp\/v2\/pages\/66062\/revisions\/73257"}],"wp:featuredmedia":[{"embeddable":true,"href":"https:\/\/newimages-hub.com\/en\/wp-json\/wp\/v2\/media\/72164"}],"wp:attachment":[{"href":"https:\/\/newimages-hub.com\/en\/wp-json\/wp\/v2\/media?parent=66062"}],"curies":[{"name":"wp","href":"https:\/\/api.w.org\/{rel}","templated":true}]}}