{"id":66911,"date":"2023-03-03T11:18:32","date_gmt":"2023-03-03T10:18:32","guid":{"rendered":"https:\/\/newimages-hub.com\/programmes-pro\/"},"modified":"2025-01-23T16:11:49","modified_gmt":"2025-01-23T15:11:49","slug":"programmes-pro","status":"publish","type":"page","link":"https:\/\/newimages-hub.com\/en\/programmes-pro\/","title":{"rendered":"Artistic programs"},"content":{"rendered":"<h1     class=\"main-title \">Artistic programs 2025<\/h1>\n\n\n<div      class=\"chapo \"><p>Thanks to many partners around the world, the NewImages Hub is proud to have built an international network to support and impulse XR creation.<\/p>\n<\/div>\n\n\n\n\n\n<h2 class=\"wp-block-heading\" id=\"our-different-workshops\"><mark class=\"ghostkit-highlight\"><mark>Our different workshops<\/mark><\/mark><\/h2>\n\n\n\n<div class=\"ghostkit-grid ghostkit-grid-gap-md\"><div class=\"ghostkit-grid-inner\">\n<div class=\"ghostkit-col ghostkit-col-lg-12 ghostkit-col-4\"><div class=\"ghostkit-col-content is-layout-flow wp-block-grid-column-is-layout-flow\"><div      class=\"push background-white\">\n    <h2 class=\"push-title\">Think Tank &#8220;Cultural Places and Metavers&#8221;<\/h2>        <div class=\"push-content\"><p>Organized at the Forum des images in collaboration with NewImages Hub and the CLIC Club Innovation et Culture, the Think Tank &#8220;Lieux culturels et m\u00e9tavers&#8221; is a series of <strong>4 working and discussion groups<\/strong> inviting museums, cultural venues and historical monuments to imagine together <strong>the future of cultural institutions in the metaverse<\/strong>.<\/p>\n<p><!-- wp:list --><\/p>\n<ul>\n<li style=\"list-style-type: none;\">\n<ul><!-- wp:list-item --><\/ul>\n<\/li>\n<\/ul>\n<ul>\n<li>19\/09\/23 : <a href=\"https:\/\/newimages-hub.com\/en\/first-think-tank-cultural-places-and-metaverses\/\">Think Tank Article #1<\/a><\/li>\n<li>24\/11\/23 : <a href=\"https:\/\/newimages-hub.com\/en\/second-edition-of-think-tank-museums-metavers\/\">Think Tank Article #2 Technology and ecology<\/a><\/li>\n<li>16\/01\/24 : <a href=\"https:\/\/newimages-hub.com\/en\/third-edition-of-think-tank-lieux-culturels-et-metavers\/\">Think tank Article #3 Uses and business models<\/a><\/li>\n<li>14\/03\/24 : <a href=\"https:\/\/newimages-hub.com\/en\/fourth-and-last-edition-of-the-think-tank-lieux-culturels-et-metavers\/\">Think tank Article #4 Legal and ethical<\/a><\/li>\n<\/ul>\n<p><!-- \/wp:list-item --><\/p>\n<p><!-- \/wp:list --><\/p>\n<\/div>    <\/div>\n<\/div><\/div>\n\n\n\n<div class=\"ghostkit-col ghostkit-col-lg-12 ghostkit-col-4\"><div class=\"ghostkit-col-content is-layout-flow wp-block-grid-column-is-layout-flow\"><div      class=\"push background-white\">\n    <h2 class=\"push-title\">Author workshops<\/h2>        <div class=\"push-content\"><p>As part of the NewImages Hub&#8217;s mission, the Ateliers Auteur.rices aim to enable <strong>XR experts<\/strong> to <strong>meet and support young digital creative talents<\/strong>, introducing them <strong>to writing, prototyping and working methods<\/strong>, and offering constructive and privileged feedback to these project leaders.<\/p>\n<p><strong>2024 &#8211; 2025<\/strong><\/p>\n<ul>\n<li>06\/02\/2025: <a href=\"https:\/\/newimages-hub.com\/en\/workshop-for-authors-at-newimages-hub-with-claudix-vanesix\/\">Workshop with Claudix Vanesix<\/a><\/li>\n<li>16\/01\/2025: <a href=\"https:\/\/newimages-hub.com\/introduction-a-la-creation-immersive-en-projet-sous-dome\/\">Directing for dome projected movies<\/a><\/li>\n<li>12\/12\/2024: <a href=\"https:\/\/newimages-hub.com\/en\/newimages-hub-creative-workshop-with-the-hawaf-collective\/\">Creative Workshop with the Hawaf Collective<\/a><\/li>\n<li>17\/10\/24: Atelier #2 with PYAR\u00e9: Prototyping with ShapesXR<\/li>\n<\/ul>\n<p><strong>2023 &#8211; 2024<\/strong><\/p>\n<ul>\n<li>30\/01\/24: <a href=\"https:\/\/newimages-hub.com\/en\/game-design-and-narration-in-vr-workshop-with-loic-flameng\/\" target=\"_blank\" rel=\"noreferrer noopener\">Atelier #1 with Lo\u00efc Flameng<\/a><\/li>\n<\/ul>\n<p><!-- \/wp:list-item --><\/p>\n<p><!-- \/wp:list --><\/p>\n<\/div>    <\/div>\n<\/div><\/div>\n\n\n\n<div class=\"ghostkit-col ghostkit-col-lg-12 ghostkit-col-4\"><div class=\"ghostkit-col-content is-layout-flow wp-block-grid-column-is-layout-flow\"><div      class=\"push background-white\">\n    <h2 class=\"push-title\">Producer workshops<\/h2>        <div class=\"push-content\"><p>As part of the NewImages Hub&#8217;s activities, and in collaboration with PXN, we are launching the first cycle of &#8220;Workshop producteur.ices&#8221; with <strong>a series of workshops on the legal issues essential to producers&#8217; activities<\/strong>, covering <strong>copyright<\/strong> and <strong>intellectual property.<\/strong><\/p>\n<p><!-- wp:list --><\/p>\n<ul><!-- wp:list-item --><\/p>\n<li>27\/02\/24: <strong>Workshop #1 &#8220;Overview of copyright and intellectual property in the context of digital creation&#8221;<\/strong>, designed as an introduction to this workshop series. The workshop was led by Ma\u00eetre Clara Benyamin (CBLF AVOCATS) and Ma\u00eetre Van Mol (Van Mol Avocat).<\/li>\n<\/ul>\n<\/div>    <\/div>\n<\/div><\/div>\n<\/div><\/div>\n\n\n\n<h2 class=\"wp-block-heading\" id=\"other-programs-previously\"><mark class=\"ghostkit-highlight\"><mark>Other programs \/ Previously<\/mark><\/mark><\/h2>\n\n\n\n<div class=\"ghostkit-grid ghostkit-grid-gap-md\"><div class=\"ghostkit-grid-inner\">\n<div class=\"ghostkit-col ghostkit-col-lg-12 ghostkit-col-4\"><div class=\"ghostkit-col-content is-layout-flow wp-block-grid-column-is-layout-flow\">\n<figure class=\"wp-block-image size-large\"><img loading=\"lazy\" decoding=\"async\" width=\"1024\" height=\"481\" src=\"https:\/\/newimages-hub.com\/wp-content\/uploads\/2023\/02\/Banniere-def-arctic-1024x481.jpg\" alt=\"Arctic stories\" class=\"wp-image-66061\" srcset=\"https:\/\/newimages-hub.com\/wp-content\/uploads\/2023\/02\/Banniere-def-arctic-1024x481.jpg 1024w, https:\/\/newimages-hub.com\/wp-content\/uploads\/2023\/02\/Banniere-def-arctic-300x141.jpg 300w, https:\/\/newimages-hub.com\/wp-content\/uploads\/2023\/02\/Banniere-def-arctic-768x361.jpg 768w, https:\/\/newimages-hub.com\/wp-content\/uploads\/2023\/02\/Banniere-def-arctic-500x235.jpg 500w, https:\/\/newimages-hub.com\/wp-content\/uploads\/2023\/02\/Banniere-def-arctic-800x376.jpg 800w, https:\/\/newimages-hub.com\/wp-content\/uploads\/2023\/02\/Banniere-def-arctic-1280x602.jpg 1280w, https:\/\/newimages-hub.com\/wp-content\/uploads\/2023\/02\/Banniere-def-arctic.jpg 1340w\" sizes=\"auto, (max-width: 1024px) 100vw, 1024px\" \/><\/figure>\n<\/div><\/div>\n<\/div><\/div>\n\n\n\n<div style=\"height:20px\" aria-hidden=\"true\" class=\"wp-block-spacer\"><\/div>\n\n\n\n<div class=\"ghostkit-grid ghostkit-grid-gap-md ghostkit-custom-1F1YNP\"><div class=\"ghostkit-grid-inner\">\n<div class=\"ghostkit-col ghostkit-col-lg-12 ghostkit-col-4\"><div class=\"ghostkit-col-content is-layout-flow wp-block-grid-column-is-layout-flow\"><div      class=\"push background-white\">\n    <h2 class=\"push-title\">ARCTIC STORIES<\/h2>        <div class=\"push-content\"><p><u>Writing and Project Development Program:<br \/>\n<\/u>\u2013 one-year project to produce an immersive project to show the impact of climate change at the North Pole<br \/>\n\u2013 for creators and scientists<\/p>\n<p><u>Conditions of Participation:<\/u><br \/>\n\u2714 be between 18 and 35 years old<br \/>\n\u2714 be based in a European country<br \/>\n\u2714 be able to travel to Troms\u00f8, Norway, from June 4 to 11, 2023<br \/>\n\u2714 have a valid passport and\/or visa to travel to Norway.<\/p>\n<p><strong>In partnership with :\u00a0<\/strong><a href=\"https:\/\/www.garagestories.org\/arctic-stories\">Garage Stories<\/a>\u00a0et\u00a0<a href=\"https:\/\/tvibit.net\/\">TVIBIT<\/a>\u00a0(Tromso)<\/p>\n<p><strong><a href=\"https:\/\/www.garagestories.org\/arctic-stories\">Read more<\/a><\/strong><\/p>\n<\/div>    <\/div>\n<\/div><\/div>\n<\/div><\/div>\n\n\n\n<h2 class=\"wp-block-heading\" id=\"contact-us\"><mark>Contact us<\/mark><\/h2>\n\n\n\n<p>Need to contact us about our pro programs?<\/p>\n\n\n\n<p>Please use our address:&nbsp;<strong>newimages@forumdesimages.fr<\/strong><\/p>\n\n\n\n<div style=\"height:0px\" aria-hidden=\"true\" class=\"wp-block-spacer\"><\/div>\n","protected":false},"excerpt":{"rendered":"<p>Our different workshops Other programs \/ Previously Contact us Need to contact us about our pro programs? Please use our address:&nbsp;newimages@forumdesimages.fr<\/p>\n","protected":false},"author":1605,"featured_media":72164,"parent":0,"menu_order":77,"comment_status":"closed","ping_status":"closed","template":"","meta":{"ghostkit_customizer_options":"","ghostkit_custom_css":"","ghostkit_custom_js_head":"","ghostkit_custom_js_foot":"","ghostkit_typography":"","footnotes":""},"class_list":["post-66911","page","type-page","status-publish","has-post-thumbnail","hentry"],"acf":[],"yoast_head":"<!-- This site is optimized with the Yoast SEO plugin v24.7 - https:\/\/yoast.com\/wordpress\/plugins\/seo\/ -->\n<title>Artistic programs | NewImages Festival<\/title>\n<meta name=\"description\" content=\"Gr\u00e2ce \u00e0 ses nombreux partenaires \u00e0 travers le monde, NewImages Festival a b\u00e2ti un r\u00e9seau international au service de la cr\u00e9ation XR.\" \/>\n<meta name=\"robots\" content=\"index, follow, max-snippet:-1, max-image-preview:large, max-video-preview:-1\" \/>\n<link rel=\"canonical\" href=\"https:\/\/newimages-hub.com\/en\/programmes-pro\/\" \/>\n<meta property=\"og:locale\" content=\"en_US\" \/>\n<meta property=\"og:type\" content=\"article\" \/>\n<meta property=\"og:title\" content=\"Artistic programs | NewImages Festival\" \/>\n<meta property=\"og:description\" content=\"Gr\u00e2ce \u00e0 ses nombreux partenaires \u00e0 travers le monde, NewImages Festival a b\u00e2ti un r\u00e9seau international au service de la cr\u00e9ation XR.\" \/>\n<meta property=\"og:url\" content=\"https:\/\/newimages-hub.com\/en\/programmes-pro\/\" \/>\n<meta property=\"og:site_name\" content=\"NewImages Festival\" \/>\n<meta property=\"article:publisher\" content=\"https:\/\/www.facebook.com\/Newimages.Festival\/\" \/>\n<meta property=\"article:modified_time\" content=\"2025-01-23T15:11:49+00:00\" \/>\n<meta property=\"og:image\" content=\"https:\/\/newimages-hub.com\/wp-content\/uploads\/2025\/01\/V2nif25-banniere-2400x1260-1.jpg\" \/>\n\t<meta property=\"og:image:width\" content=\"2400\" \/>\n\t<meta property=\"og:image:height\" content=\"1260\" \/>\n\t<meta property=\"og:image:type\" content=\"image\/jpeg\" \/>\n<meta name=\"twitter:card\" content=\"summary_large_image\" \/>\n<meta name=\"twitter:site\" content=\"@Newimages_Paris\" \/>\n<meta name=\"twitter:label1\" content=\"Est. reading time\" \/>\n\t<meta name=\"twitter:data1\" content=\"1 minute\" \/>\n<script type=\"application\/ld+json\" class=\"yoast-schema-graph\">{\"@context\":\"https:\/\/schema.org\",\"@graph\":[{\"@type\":\"WebPage\",\"@id\":\"https:\/\/newimages-hub.com\/en\/programmes-pro\/\",\"url\":\"https:\/\/newimages-hub.com\/en\/programmes-pro\/\",\"name\":\"Artistic programs | NewImages Festival\",\"isPartOf\":{\"@id\":\"https:\/\/newimages-hub.com\/en\/#website\"},\"primaryImageOfPage\":{\"@id\":\"https:\/\/newimages-hub.com\/en\/programmes-pro\/#primaryimage\"},\"image\":{\"@id\":\"https:\/\/newimages-hub.com\/en\/programmes-pro\/#primaryimage\"},\"thumbnailUrl\":\"https:\/\/newimages-hub.com\/wp-content\/uploads\/2025\/01\/V2nif25-banniere-2400x1260-1.jpg\",\"datePublished\":\"2023-03-03T10:18:32+00:00\",\"dateModified\":\"2025-01-23T15:11:49+00:00\",\"description\":\"Gr\u00e2ce \u00e0 ses nombreux partenaires \u00e0 travers le monde, NewImages Festival a b\u00e2ti un r\u00e9seau international au service de la cr\u00e9ation XR.\",\"breadcrumb\":{\"@id\":\"https:\/\/newimages-hub.com\/en\/programmes-pro\/#breadcrumb\"},\"inLanguage\":\"en-US\",\"potentialAction\":[{\"@type\":\"ReadAction\",\"target\":[\"https:\/\/newimages-hub.com\/en\/programmes-pro\/\"]}]},{\"@type\":\"ImageObject\",\"inLanguage\":\"en-US\",\"@id\":\"https:\/\/newimages-hub.com\/en\/programmes-pro\/#primaryimage\",\"url\":\"https:\/\/newimages-hub.com\/wp-content\/uploads\/2025\/01\/V2nif25-banniere-2400x1260-1.jpg\",\"contentUrl\":\"https:\/\/newimages-hub.com\/wp-content\/uploads\/2025\/01\/V2nif25-banniere-2400x1260-1.jpg\",\"width\":2400,\"height\":1260},{\"@type\":\"BreadcrumbList\",\"@id\":\"https:\/\/newimages-hub.com\/en\/programmes-pro\/#breadcrumb\",\"itemListElement\":[{\"@type\":\"ListItem\",\"position\":1,\"name\":\"Home\",\"item\":\"https:\/\/newimages-hub.com\/en\/\"},{\"@type\":\"ListItem\",\"position\":2,\"name\":\"Artistic programs\"}]},{\"@type\":\"WebSite\",\"@id\":\"https:\/\/newimages-hub.com\/en\/#website\",\"url\":\"https:\/\/newimages-hub.com\/en\/\",\"name\":\"NewImages Festival\",\"description\":\"Le festival de la cr\u00e9ation num\u00e9rique et des mondes virtuels\",\"publisher\":{\"@id\":\"https:\/\/newimages-hub.com\/en\/#organization\"},\"potentialAction\":[{\"@type\":\"SearchAction\",\"target\":{\"@type\":\"EntryPoint\",\"urlTemplate\":\"https:\/\/newimages-hub.com\/en\/?s={search_term_string}\"},\"query-input\":{\"@type\":\"PropertyValueSpecification\",\"valueRequired\":true,\"valueName\":\"search_term_string\"}}],\"inLanguage\":\"en-US\"},{\"@type\":\"Organization\",\"@id\":\"https:\/\/newimages-hub.com\/en\/#organization\",\"name\":\"NewImages Festival\",\"url\":\"https:\/\/newimages-hub.com\/en\/\",\"logo\":{\"@type\":\"ImageObject\",\"inLanguage\":\"en-US\",\"@id\":\"https:\/\/newimages-hub.com\/en\/#\/schema\/logo\/image\/\",\"url\":\"https:\/\/newimages-hub.com\/wp-content\/uploads\/2025\/12\/NI_LOGO_ROSE_RVB-2.png\",\"contentUrl\":\"https:\/\/newimages-hub.com\/wp-content\/uploads\/2025\/12\/NI_LOGO_ROSE_RVB-2.png\",\"width\":1181,\"height\":447,\"caption\":\"NewImages Festival\"},\"image\":{\"@id\":\"https:\/\/newimages-hub.com\/en\/#\/schema\/logo\/image\/\"},\"sameAs\":[\"https:\/\/www.facebook.com\/Newimages.Festival\/\",\"https:\/\/x.com\/Newimages_Paris\",\"http:\/\/newimages.festival\",\"https:\/\/fr.linkedin.com\/company\/newimagesart\/\"]}]}<\/script>\n<!-- \/ Yoast SEO plugin. -->","yoast_head_json":{"title":"Artistic programs | NewImages Festival","description":"Gr\u00e2ce \u00e0 ses nombreux partenaires \u00e0 travers le monde, NewImages Festival a b\u00e2ti un r\u00e9seau international au service de la cr\u00e9ation XR.","robots":{"index":"index","follow":"follow","max-snippet":"max-snippet:-1","max-image-preview":"max-image-preview:large","max-video-preview":"max-video-preview:-1"},"canonical":"https:\/\/newimages-hub.com\/en\/programmes-pro\/","og_locale":"en_US","og_type":"article","og_title":"Artistic programs | NewImages Festival","og_description":"Gr\u00e2ce \u00e0 ses nombreux partenaires \u00e0 travers le monde, NewImages Festival a b\u00e2ti un r\u00e9seau international au service de la cr\u00e9ation XR.","og_url":"https:\/\/newimages-hub.com\/en\/programmes-pro\/","og_site_name":"NewImages Festival","article_publisher":"https:\/\/www.facebook.com\/Newimages.Festival\/","article_modified_time":"2025-01-23T15:11:49+00:00","og_image":[{"width":2400,"height":1260,"url":"https:\/\/newimages-hub.com\/wp-content\/uploads\/2025\/01\/V2nif25-banniere-2400x1260-1.jpg","type":"image\/jpeg"}],"twitter_card":"summary_large_image","twitter_site":"@Newimages_Paris","twitter_misc":{"Est. reading time":"1 minute"},"schema":{"@context":"https:\/\/schema.org","@graph":[{"@type":"WebPage","@id":"https:\/\/newimages-hub.com\/en\/programmes-pro\/","url":"https:\/\/newimages-hub.com\/en\/programmes-pro\/","name":"Artistic programs | NewImages Festival","isPartOf":{"@id":"https:\/\/newimages-hub.com\/en\/#website"},"primaryImageOfPage":{"@id":"https:\/\/newimages-hub.com\/en\/programmes-pro\/#primaryimage"},"image":{"@id":"https:\/\/newimages-hub.com\/en\/programmes-pro\/#primaryimage"},"thumbnailUrl":"https:\/\/newimages-hub.com\/wp-content\/uploads\/2025\/01\/V2nif25-banniere-2400x1260-1.jpg","datePublished":"2023-03-03T10:18:32+00:00","dateModified":"2025-01-23T15:11:49+00:00","description":"Gr\u00e2ce \u00e0 ses nombreux partenaires \u00e0 travers le monde, NewImages Festival a b\u00e2ti un r\u00e9seau international au service de la cr\u00e9ation XR.","breadcrumb":{"@id":"https:\/\/newimages-hub.com\/en\/programmes-pro\/#breadcrumb"},"inLanguage":"en-US","potentialAction":[{"@type":"ReadAction","target":["https:\/\/newimages-hub.com\/en\/programmes-pro\/"]}]},{"@type":"ImageObject","inLanguage":"en-US","@id":"https:\/\/newimages-hub.com\/en\/programmes-pro\/#primaryimage","url":"https:\/\/newimages-hub.com\/wp-content\/uploads\/2025\/01\/V2nif25-banniere-2400x1260-1.jpg","contentUrl":"https:\/\/newimages-hub.com\/wp-content\/uploads\/2025\/01\/V2nif25-banniere-2400x1260-1.jpg","width":2400,"height":1260},{"@type":"BreadcrumbList","@id":"https:\/\/newimages-hub.com\/en\/programmes-pro\/#breadcrumb","itemListElement":[{"@type":"ListItem","position":1,"name":"Home","item":"https:\/\/newimages-hub.com\/en\/"},{"@type":"ListItem","position":2,"name":"Artistic programs"}]},{"@type":"WebSite","@id":"https:\/\/newimages-hub.com\/en\/#website","url":"https:\/\/newimages-hub.com\/en\/","name":"NewImages Festival","description":"Le festival de la cr\u00e9ation num\u00e9rique et des mondes virtuels","publisher":{"@id":"https:\/\/newimages-hub.com\/en\/#organization"},"potentialAction":[{"@type":"SearchAction","target":{"@type":"EntryPoint","urlTemplate":"https:\/\/newimages-hub.com\/en\/?s={search_term_string}"},"query-input":{"@type":"PropertyValueSpecification","valueRequired":true,"valueName":"search_term_string"}}],"inLanguage":"en-US"},{"@type":"Organization","@id":"https:\/\/newimages-hub.com\/en\/#organization","name":"NewImages Festival","url":"https:\/\/newimages-hub.com\/en\/","logo":{"@type":"ImageObject","inLanguage":"en-US","@id":"https:\/\/newimages-hub.com\/en\/#\/schema\/logo\/image\/","url":"https:\/\/newimages-hub.com\/wp-content\/uploads\/2025\/12\/NI_LOGO_ROSE_RVB-2.png","contentUrl":"https:\/\/newimages-hub.com\/wp-content\/uploads\/2025\/12\/NI_LOGO_ROSE_RVB-2.png","width":1181,"height":447,"caption":"NewImages Festival"},"image":{"@id":"https:\/\/newimages-hub.com\/en\/#\/schema\/logo\/image\/"},"sameAs":["https:\/\/www.facebook.com\/Newimages.Festival\/","https:\/\/x.com\/Newimages_Paris","http:\/\/newimages.festival","https:\/\/fr.linkedin.com\/company\/newimagesart\/"]}]}},"_links":{"self":[{"href":"https:\/\/newimages-hub.com\/en\/wp-json\/wp\/v2\/pages\/66911","targetHints":{"allow":["GET"]}}],"collection":[{"href":"https:\/\/newimages-hub.com\/en\/wp-json\/wp\/v2\/pages"}],"about":[{"href":"https:\/\/newimages-hub.com\/en\/wp-json\/wp\/v2\/types\/page"}],"author":[{"embeddable":true,"href":"https:\/\/newimages-hub.com\/en\/wp-json\/wp\/v2\/users\/1605"}],"replies":[{"embeddable":true,"href":"https:\/\/newimages-hub.com\/en\/wp-json\/wp\/v2\/comments?post=66911"}],"version-history":[{"count":38,"href":"https:\/\/newimages-hub.com\/en\/wp-json\/wp\/v2\/pages\/66911\/revisions"}],"predecessor-version":[{"id":72270,"href":"https:\/\/newimages-hub.com\/en\/wp-json\/wp\/v2\/pages\/66911\/revisions\/72270"}],"wp:featuredmedia":[{"embeddable":true,"href":"https:\/\/newimages-hub.com\/en\/wp-json\/wp\/v2\/media\/72164"}],"wp:attachment":[{"href":"https:\/\/newimages-hub.com\/en\/wp-json\/wp\/v2\/media?parent=66911"}],"curies":[{"name":"wp","href":"https:\/\/api.w.org\/{rel}","templated":true}]}}