{"id":66951,"date":"2023-03-08T10:00:00","date_gmt":"2023-03-08T09:00:00","guid":{"rendered":"https:\/\/newimages-hub.com\/?page_id=66951"},"modified":"2023-03-20T14:48:44","modified_gmt":"2023-03-20T13:48:44","slug":"xr-development-market-2023","status":"publish","type":"page","link":"https:\/\/newimages-hub.com\/en\/archives\/edition-2023\/xr-development-market-2023\/","title":{"rendered":"XR Development Market"},"content":{"rendered":"<h1     class=\"main-title \">XR Development Market<\/h1>\n\n\n<div      class=\"chapo \"><\/div>\n\n\n<div      class=\"chapo \"><p>The XR Development Market is the annual meeting place for future immersive art masterpieces to come to life and find their financing model. For the 5th consecutive year, it brings together independent artists and producers, looking for funding and partners, with industry leaders and cultural players committed to these unique works.<\/p>\n<p>Discover the 2023 selection!<\/p>\n<\/div>\n\n\n\n<div style=\"height:30px\" aria-hidden=\"true\" class=\"wp-block-spacer\"><\/div>\n\n\n\n<div class=\"ghostkit-grid ghostkit-grid-gap-md\"><div class=\"ghostkit-grid-inner\">\n<div class=\"ghostkit-col ghostkit-col-md-12 ghostkit-col-lg-6 ghostkit-col-1 is-layout-flow wp-block-grid-column-is-layout-flow\"><div class=\"ghostkit-col-content\"><\/div><\/div>\n\n\n\n<div class=\"ghostkit-col ghostkit-col-md-12 ghostkit-col-lg-6 ghostkit-col-5\"><div class=\"ghostkit-col-content is-layout-flow wp-block-grid-column-is-layout-flow\">\n<div class=\"wp-block-buttons is-layout-flex wp-block-buttons-is-layout-flex\">\n<div class=\"wp-block-button\"><a class=\"wp-block-button__link wp-element-button\" href=\"https:\/\/newimages-hub.com\/en\/decision-makers-2023\/\">Decision Makers 2023<\/a><\/div>\n<\/div>\n<\/div><\/div>\n\n\n\n<div class=\"ghostkit-col ghostkit-col-md-12 ghostkit-col-lg-6 ghostkit-col-1 is-layout-flow wp-block-grid-column-is-layout-flow\"><div class=\"ghostkit-col-content\"><\/div><\/div>\n<\/div><\/div>\n\n\n\n<div style=\"height:40px\" aria-hidden=\"true\" class=\"wp-block-spacer\"><\/div>\n\n\n\n<iframe src=\"https:\/\/app.swapcard.com\/widget\/event\/newimages-festival-2023\/exhibitors\/RXZlbnRWaWV3XzQyMzUzNQ==\" style=\"border: none; margin: 0px; width: 100%; display: block; height: calc(100vh - 100px);\"><\/iframe>\n\n\n\n<div style=\"height:50px\" aria-hidden=\"true\" class=\"wp-block-spacer\"><\/div>\n\n\n\n<div class=\"ghostkit-grid ghostkit-grid-gap-md\"><div class=\"ghostkit-grid-inner\">\n<div class=\"ghostkit-col ghostkit-col-md-12 ghostkit-col-lg-6 ghostkit-col-3 is-layout-flow wp-block-grid-column-is-layout-flow\"><div class=\"ghostkit-col-content\"><\/div><\/div>\n\n\n\n<div class=\"ghostkit-col ghostkit-col-md-12 ghostkit-col-lg-6 ghostkit-col-3 is-layout-flow wp-block-grid-column-is-layout-flow\"><div class=\"ghostkit-col-content\"><\/div><\/div>\n\n\n\n<div class=\"ghostkit-col ghostkit-col-md-12 ghostkit-col-lg-6 ghostkit-col-3 is-layout-flow wp-block-grid-column-is-layout-flow\"><div class=\"ghostkit-col-content\"><\/div><\/div>\n\n\n\n<div class=\"ghostkit-col ghostkit-col-md-12 ghostkit-col-lg-6 ghostkit-col-3\"><div class=\"ghostkit-col-content is-layout-flow wp-block-grid-column-is-layout-flow\"><div class=\"wp-block-image\">\n<figure class=\"alignright size-large is-resized\"><img loading=\"lazy\" decoding=\"async\" src=\"https:\/\/newimages-hub.com\/wp-content\/uploads\/2023\/03\/EU-flag-Crea-EU-MEDIA-EN-1024x341.png\" alt=\"\" class=\"wp-image-67740\" width=\"181\" height=\"60\" srcset=\"https:\/\/newimages-hub.com\/wp-content\/uploads\/2023\/03\/EU-flag-Crea-EU-MEDIA-EN-1024x341.png 1024w, https:\/\/newimages-hub.com\/wp-content\/uploads\/2023\/03\/EU-flag-Crea-EU-MEDIA-EN-300x100.png 300w, https:\/\/newimages-hub.com\/wp-content\/uploads\/2023\/03\/EU-flag-Crea-EU-MEDIA-EN-768x256.png 768w, https:\/\/newimages-hub.com\/wp-content\/uploads\/2023\/03\/EU-flag-Crea-EU-MEDIA-EN-1536x512.png 1536w, https:\/\/newimages-hub.com\/wp-content\/uploads\/2023\/03\/EU-flag-Crea-EU-MEDIA-EN-2048x683.png 2048w, https:\/\/newimages-hub.com\/wp-content\/uploads\/2023\/03\/EU-flag-Crea-EU-MEDIA-EN-500x167.png 500w, https:\/\/newimages-hub.com\/wp-content\/uploads\/2023\/03\/EU-flag-Crea-EU-MEDIA-EN-800x267.png 800w, https:\/\/newimages-hub.com\/wp-content\/uploads\/2023\/03\/EU-flag-Crea-EU-MEDIA-EN-1280x427.png 1280w, https:\/\/newimages-hub.com\/wp-content\/uploads\/2023\/03\/EU-flag-Crea-EU-MEDIA-EN-1920x640.png 1920w\" sizes=\"auto, (max-width: 181px) 100vw, 181px\" \/><\/figure><\/div><\/div><\/div>\n<\/div><\/div>\n","protected":false},"excerpt":{"rendered":"","protected":false},"author":1605,"featured_media":66472,"parent":64804,"menu_order":147,"comment_status":"closed","ping_status":"closed","template":"","meta":{"ghostkit_customizer_options":"","ghostkit_custom_css":"","ghostkit_custom_js_head":"","ghostkit_custom_js_foot":"","ghostkit_typography":"","footnotes":""},"class_list":["post-66951","page","type-page","status-publish","has-post-thumbnail","hentry"],"acf":[],"yoast_head":"<!-- This site is optimized with the Yoast SEO plugin v24.7 - https:\/\/yoast.com\/wordpress\/plugins\/seo\/ -->\n<title>XR Development Market | NewImages Festival<\/title>\n<meta name=\"description\" content=\"XR Development Market : d\u00e9couvrez les projets s\u00e9lectionn\u00e9s qui seront pr\u00e9sent\u00e9s au Decision Makers lors de la 6e \u00e9dition (5-9 avril 2023).\" \/>\n<meta name=\"robots\" content=\"index, follow, max-snippet:-1, max-image-preview:large, max-video-preview:-1\" \/>\n<link rel=\"canonical\" href=\"https:\/\/newimages-hub.com\/en\/xr-development-market-2023\/\" \/>\n<meta property=\"og:locale\" content=\"en_US\" \/>\n<meta property=\"og:type\" content=\"article\" \/>\n<meta property=\"og:title\" content=\"XR Development Market | NewImages Festival\" \/>\n<meta property=\"og:description\" content=\"XR Development Market : d\u00e9couvrez les projets s\u00e9lectionn\u00e9s qui seront pr\u00e9sent\u00e9s au Decision Makers lors de la 6e \u00e9dition (5-9 avril 2023).\" \/>\n<meta property=\"og:url\" content=\"https:\/\/newimages-hub.com\/en\/xr-development-market-2023\/\" \/>\n<meta property=\"og:site_name\" content=\"NewImages Festival\" \/>\n<meta property=\"article:publisher\" content=\"https:\/\/www.facebook.com\/Newimages.Festival\/\" \/>\n<meta property=\"article:modified_time\" content=\"2023-03-20T13:48:44+00:00\" \/>\n<meta property=\"og:image\" content=\"https:\/\/newimages-hub.com\/wp-content\/uploads\/2023\/02\/nif23-banniere-2400x1260-1.jpg\" \/>\n\t<meta property=\"og:image:width\" content=\"2400\" \/>\n\t<meta property=\"og:image:height\" content=\"1260\" \/>\n\t<meta property=\"og:image:type\" content=\"image\/jpeg\" \/>\n<meta name=\"twitter:card\" content=\"summary_large_image\" \/>\n<meta name=\"twitter:site\" content=\"@Newimages_Paris\" \/>\n<meta name=\"twitter:label1\" content=\"Est. reading time\" \/>\n\t<meta name=\"twitter:data1\" content=\"1 minute\" \/>\n<script type=\"application\/ld+json\" class=\"yoast-schema-graph\">{\"@context\":\"https:\/\/schema.org\",\"@graph\":[{\"@type\":\"WebPage\",\"@id\":\"https:\/\/newimages-hub.com\/en\/xr-development-market-2023\/\",\"url\":\"https:\/\/newimages-hub.com\/en\/xr-development-market-2023\/\",\"name\":\"XR Development Market | NewImages Festival\",\"isPartOf\":{\"@id\":\"https:\/\/newimages-hub.com\/en\/#website\"},\"primaryImageOfPage\":{\"@id\":\"https:\/\/newimages-hub.com\/en\/xr-development-market-2023\/#primaryimage\"},\"image\":{\"@id\":\"https:\/\/newimages-hub.com\/en\/xr-development-market-2023\/#primaryimage\"},\"thumbnailUrl\":\"https:\/\/newimages-hub.com\/wp-content\/uploads\/2023\/02\/nif23-banniere-2400x1260-1.jpg\",\"datePublished\":\"2023-03-08T09:00:00+00:00\",\"dateModified\":\"2023-03-20T13:48:44+00:00\",\"description\":\"XR Development Market : d\u00e9couvrez les projets s\u00e9lectionn\u00e9s qui seront pr\u00e9sent\u00e9s au Decision Makers lors de la 6e \u00e9dition (5-9 avril 2023).\",\"breadcrumb\":{\"@id\":\"https:\/\/newimages-hub.com\/en\/xr-development-market-2023\/#breadcrumb\"},\"inLanguage\":\"en-US\",\"potentialAction\":[{\"@type\":\"ReadAction\",\"target\":[\"https:\/\/newimages-hub.com\/en\/xr-development-market-2023\/\"]}]},{\"@type\":\"ImageObject\",\"inLanguage\":\"en-US\",\"@id\":\"https:\/\/newimages-hub.com\/en\/xr-development-market-2023\/#primaryimage\",\"url\":\"https:\/\/newimages-hub.com\/wp-content\/uploads\/2023\/02\/nif23-banniere-2400x1260-1.jpg\",\"contentUrl\":\"https:\/\/newimages-hub.com\/wp-content\/uploads\/2023\/02\/nif23-banniere-2400x1260-1.jpg\",\"width\":2400,\"height\":1260,\"caption\":\"NewImages Festival 2023\"},{\"@type\":\"BreadcrumbList\",\"@id\":\"https:\/\/newimages-hub.com\/en\/xr-development-market-2023\/#breadcrumb\",\"itemListElement\":[{\"@type\":\"ListItem\",\"position\":1,\"name\":\"Home\",\"item\":\"https:\/\/newimages-hub.com\/en\/\"},{\"@type\":\"ListItem\",\"position\":2,\"name\":\"XR Development Market\"}]},{\"@type\":\"WebSite\",\"@id\":\"https:\/\/newimages-hub.com\/en\/#website\",\"url\":\"https:\/\/newimages-hub.com\/en\/\",\"name\":\"NewImages Festival\",\"description\":\"Le festival de la cr\u00e9ation num\u00e9rique et des mondes virtuels\",\"publisher\":{\"@id\":\"https:\/\/newimages-hub.com\/en\/#organization\"},\"potentialAction\":[{\"@type\":\"SearchAction\",\"target\":{\"@type\":\"EntryPoint\",\"urlTemplate\":\"https:\/\/newimages-hub.com\/en\/?s={search_term_string}\"},\"query-input\":{\"@type\":\"PropertyValueSpecification\",\"valueRequired\":true,\"valueName\":\"search_term_string\"}}],\"inLanguage\":\"en-US\"},{\"@type\":\"Organization\",\"@id\":\"https:\/\/newimages-hub.com\/en\/#organization\",\"name\":\"NewImages Festival\",\"url\":\"https:\/\/newimages-hub.com\/en\/\",\"logo\":{\"@type\":\"ImageObject\",\"inLanguage\":\"en-US\",\"@id\":\"https:\/\/newimages-hub.com\/en\/#\/schema\/logo\/image\/\",\"url\":\"https:\/\/newimages-hub.com\/wp-content\/uploads\/2025\/12\/NI_LOGO_ROSE_RVB-2.png\",\"contentUrl\":\"https:\/\/newimages-hub.com\/wp-content\/uploads\/2025\/12\/NI_LOGO_ROSE_RVB-2.png\",\"width\":1181,\"height\":447,\"caption\":\"NewImages Festival\"},\"image\":{\"@id\":\"https:\/\/newimages-hub.com\/en\/#\/schema\/logo\/image\/\"},\"sameAs\":[\"https:\/\/www.facebook.com\/Newimages.Festival\/\",\"https:\/\/x.com\/Newimages_Paris\",\"http:\/\/newimages.festival\",\"https:\/\/fr.linkedin.com\/company\/newimagesart\/\"]}]}<\/script>\n<!-- \/ Yoast SEO plugin. -->","yoast_head_json":{"title":"XR Development Market | NewImages Festival","description":"XR Development Market : d\u00e9couvrez les projets s\u00e9lectionn\u00e9s qui seront pr\u00e9sent\u00e9s au Decision Makers lors de la 6e \u00e9dition (5-9 avril 2023).","robots":{"index":"index","follow":"follow","max-snippet":"max-snippet:-1","max-image-preview":"max-image-preview:large","max-video-preview":"max-video-preview:-1"},"canonical":"https:\/\/newimages-hub.com\/en\/xr-development-market-2023\/","og_locale":"en_US","og_type":"article","og_title":"XR Development Market | NewImages Festival","og_description":"XR Development Market : d\u00e9couvrez les projets s\u00e9lectionn\u00e9s qui seront pr\u00e9sent\u00e9s au Decision Makers lors de la 6e \u00e9dition (5-9 avril 2023).","og_url":"https:\/\/newimages-hub.com\/en\/xr-development-market-2023\/","og_site_name":"NewImages Festival","article_publisher":"https:\/\/www.facebook.com\/Newimages.Festival\/","article_modified_time":"2023-03-20T13:48:44+00:00","og_image":[{"width":2400,"height":1260,"url":"https:\/\/newimages-hub.com\/wp-content\/uploads\/2023\/02\/nif23-banniere-2400x1260-1.jpg","type":"image\/jpeg"}],"twitter_card":"summary_large_image","twitter_site":"@Newimages_Paris","twitter_misc":{"Est. reading time":"1 minute"},"schema":{"@context":"https:\/\/schema.org","@graph":[{"@type":"WebPage","@id":"https:\/\/newimages-hub.com\/en\/xr-development-market-2023\/","url":"https:\/\/newimages-hub.com\/en\/xr-development-market-2023\/","name":"XR Development Market | NewImages Festival","isPartOf":{"@id":"https:\/\/newimages-hub.com\/en\/#website"},"primaryImageOfPage":{"@id":"https:\/\/newimages-hub.com\/en\/xr-development-market-2023\/#primaryimage"},"image":{"@id":"https:\/\/newimages-hub.com\/en\/xr-development-market-2023\/#primaryimage"},"thumbnailUrl":"https:\/\/newimages-hub.com\/wp-content\/uploads\/2023\/02\/nif23-banniere-2400x1260-1.jpg","datePublished":"2023-03-08T09:00:00+00:00","dateModified":"2023-03-20T13:48:44+00:00","description":"XR Development Market : d\u00e9couvrez les projets s\u00e9lectionn\u00e9s qui seront pr\u00e9sent\u00e9s au Decision Makers lors de la 6e \u00e9dition (5-9 avril 2023).","breadcrumb":{"@id":"https:\/\/newimages-hub.com\/en\/xr-development-market-2023\/#breadcrumb"},"inLanguage":"en-US","potentialAction":[{"@type":"ReadAction","target":["https:\/\/newimages-hub.com\/en\/xr-development-market-2023\/"]}]},{"@type":"ImageObject","inLanguage":"en-US","@id":"https:\/\/newimages-hub.com\/en\/xr-development-market-2023\/#primaryimage","url":"https:\/\/newimages-hub.com\/wp-content\/uploads\/2023\/02\/nif23-banniere-2400x1260-1.jpg","contentUrl":"https:\/\/newimages-hub.com\/wp-content\/uploads\/2023\/02\/nif23-banniere-2400x1260-1.jpg","width":2400,"height":1260,"caption":"NewImages Festival 2023"},{"@type":"BreadcrumbList","@id":"https:\/\/newimages-hub.com\/en\/xr-development-market-2023\/#breadcrumb","itemListElement":[{"@type":"ListItem","position":1,"name":"Home","item":"https:\/\/newimages-hub.com\/en\/"},{"@type":"ListItem","position":2,"name":"XR Development Market"}]},{"@type":"WebSite","@id":"https:\/\/newimages-hub.com\/en\/#website","url":"https:\/\/newimages-hub.com\/en\/","name":"NewImages Festival","description":"Le festival de la cr\u00e9ation num\u00e9rique et des mondes virtuels","publisher":{"@id":"https:\/\/newimages-hub.com\/en\/#organization"},"potentialAction":[{"@type":"SearchAction","target":{"@type":"EntryPoint","urlTemplate":"https:\/\/newimages-hub.com\/en\/?s={search_term_string}"},"query-input":{"@type":"PropertyValueSpecification","valueRequired":true,"valueName":"search_term_string"}}],"inLanguage":"en-US"},{"@type":"Organization","@id":"https:\/\/newimages-hub.com\/en\/#organization","name":"NewImages Festival","url":"https:\/\/newimages-hub.com\/en\/","logo":{"@type":"ImageObject","inLanguage":"en-US","@id":"https:\/\/newimages-hub.com\/en\/#\/schema\/logo\/image\/","url":"https:\/\/newimages-hub.com\/wp-content\/uploads\/2025\/12\/NI_LOGO_ROSE_RVB-2.png","contentUrl":"https:\/\/newimages-hub.com\/wp-content\/uploads\/2025\/12\/NI_LOGO_ROSE_RVB-2.png","width":1181,"height":447,"caption":"NewImages Festival"},"image":{"@id":"https:\/\/newimages-hub.com\/en\/#\/schema\/logo\/image\/"},"sameAs":["https:\/\/www.facebook.com\/Newimages.Festival\/","https:\/\/x.com\/Newimages_Paris","http:\/\/newimages.festival","https:\/\/fr.linkedin.com\/company\/newimagesart\/"]}]}},"_links":{"self":[{"href":"https:\/\/newimages-hub.com\/en\/wp-json\/wp\/v2\/pages\/66951","targetHints":{"allow":["GET"]}}],"collection":[{"href":"https:\/\/newimages-hub.com\/en\/wp-json\/wp\/v2\/pages"}],"about":[{"href":"https:\/\/newimages-hub.com\/en\/wp-json\/wp\/v2\/types\/page"}],"author":[{"embeddable":true,"href":"https:\/\/newimages-hub.com\/en\/wp-json\/wp\/v2\/users\/1605"}],"replies":[{"embeddable":true,"href":"https:\/\/newimages-hub.com\/en\/wp-json\/wp\/v2\/comments?post=66951"}],"version-history":[{"count":14,"href":"https:\/\/newimages-hub.com\/en\/wp-json\/wp\/v2\/pages\/66951\/revisions"}],"predecessor-version":[{"id":67752,"href":"https:\/\/newimages-hub.com\/en\/wp-json\/wp\/v2\/pages\/66951\/revisions\/67752"}],"up":[{"embeddable":true,"href":"https:\/\/newimages-hub.com\/en\/wp-json\/wp\/v2\/pages\/64804"}],"wp:featuredmedia":[{"embeddable":true,"href":"https:\/\/newimages-hub.com\/en\/wp-json\/wp\/v2\/media\/66472"}],"wp:attachment":[{"href":"https:\/\/newimages-hub.com\/en\/wp-json\/wp\/v2\/media?parent=66951"}],"curies":[{"name":"wp","href":"https:\/\/api.w.org\/{rel}","templated":true}]}}