{"id":67322,"date":"2023-03-07T22:45:47","date_gmt":"2023-03-07T21:45:43","guid":{"rendered":"https:\/\/newimages-hub.com\/newimages-festival-2023\/"},"modified":"2026-02-24T15:02:49","modified_gmt":"2026-02-24T14:02:49","slug":"newimages-festival","status":"publish","type":"page","link":"https:\/\/newimages-hub.com\/en\/newimages-festival\/","title":{"rendered":"NewImages Festival"},"content":{"rendered":"<h1     class=\"main-title \">Digital creation &#038;<br \/>\r\nvirtual worlds<\/h1>\n\n\n\n<h2 class=\"wp-block-heading\" id=\"upcoming-edition-9th-edition-april-8-12-2026-festival-extended-till-april-18-in-our-partners-venues\">Upcoming edition:<br>9<sup>th<\/sup> edition April 8-12, 2026 \/ Festival extended till April 18 in our partners venues<\/h2>\n\n\n\n<div style=\"height:31px\" aria-hidden=\"true\" class=\"wp-block-spacer\"><\/div>\n\n\n<div      class=\"chapo \"><p>Each year and since its creation, NewImages Festival is structured around 3 main lines\u00a0\u2013 gather, exchange and accompany \u2013 which have become constitutive of the festival&#8217;s DNA.<\/p>\n<p>In order to embody at best these values, the festival proposes every new edition to take on a challenge: offer during 5 days a program representing the richness of the sector of digital creation and all the mutations which it undergoes\u00a0!<\/p>\n<p>If NewImages Festival concerns first and foremost professionals, it is also directed towards the public with the five dedicated days during the festival, so that the public may acquaint itself to the different existing immersive modes.<\/p>\n<\/div>\n\n\n\n<figure class=\"wp-block-image size-large\"><img loading=\"lazy\" decoding=\"async\" width=\"1024\" height=\"538\" src=\"https:\/\/newimages-hub.com\/wp-content\/uploads\/2025\/01\/nif25-banniere-2400x1260-1-1024x538.jpg\" alt=\"\" class=\"wp-image-72212\" srcset=\"https:\/\/newimages-hub.com\/wp-content\/uploads\/2025\/01\/nif25-banniere-2400x1260-1-1024x538.jpg 1024w, https:\/\/newimages-hub.com\/wp-content\/uploads\/2025\/01\/nif25-banniere-2400x1260-1-300x158.jpg 300w, https:\/\/newimages-hub.com\/wp-content\/uploads\/2025\/01\/nif25-banniere-2400x1260-1-768x403.jpg 768w, https:\/\/newimages-hub.com\/wp-content\/uploads\/2025\/01\/nif25-banniere-2400x1260-1-1536x806.jpg 1536w, https:\/\/newimages-hub.com\/wp-content\/uploads\/2025\/01\/nif25-banniere-2400x1260-1-2048x1075.jpg 2048w, https:\/\/newimages-hub.com\/wp-content\/uploads\/2025\/01\/nif25-banniere-2400x1260-1-500x263.jpg 500w, https:\/\/newimages-hub.com\/wp-content\/uploads\/2025\/01\/nif25-banniere-2400x1260-1-800x420.jpg 800w, https:\/\/newimages-hub.com\/wp-content\/uploads\/2025\/01\/nif25-banniere-2400x1260-1-1280x672.jpg 1280w, https:\/\/newimages-hub.com\/wp-content\/uploads\/2025\/01\/nif25-banniere-2400x1260-1-1920x1008.jpg 1920w\" sizes=\"auto, (max-width: 1024px) 100vw, 1024px\" \/><\/figure>\n\n\n\n<p><\/p>\n\n\n\n<p><strong>OFFER NEW NARRATIVES<\/strong><br>The festival seeks to highlight the best of immersive creation through the presentation of artworks expressing strong worldviews. The program is firstly characterized by the variety of the immersive formats proposed, which enables the exploration of a multitude of narrative modes and also to enjoy a special connection to the artworks!<\/p>\n\n\n\n<p><br><strong>ENCOURAGE IMMERSIVE CREATION<\/strong><br>NewImages Festival represents a privileged moment for creators, by participating to give them the tools they need to guarantee their freedom regarding emerging technological innovations in the cultural sector. The festival&#8217;s approach is mainly about showing how creation in hybrid and digital environment isn&#8217;t an isolated aesthetic category, it is on the contrary at the core of every artistic discipline and should be perceived as such by the cultural sector. <\/p>\n\n\n\n<p><br><strong>FIND A SUSTAINABLE FINANCIAL MODEL<\/strong><br>By allowing the players of digital creation to meet and exchange about their use of technologies, NewImages Festival aims at making possible new collaborations, through the XR Development &amp; Co-production Market especially, and over time to rethink with all the players from the sector a financial model to create a sustainable future for digital creation.<\/p>\n\n\n\n<p><br><strong>STRENGTHEN AND DIVERSIFY DISTRIBUTION<\/strong><br>NewImages Festival&#8217;s role is also to make sure that the artworks are visible to international professionals as well as the public, through the implementation of practical initiatives, namely the XR Distribution Market (formerly XR Art Fair), a unique initiative in Europe, and through an active thinking &#8211; made of conferences and meetings &#8211; about new distribution modes and circuits, to ensure the preservation and exposition of the artworks. <\/p>\n\n\n\n<div style=\"height:139px\" aria-hidden=\"true\" class=\"wp-block-spacer\"><\/div>\n\n\n\n<div class=\"ghostkit-grid ghostkit-grid-gap-md\"><div class=\"ghostkit-grid-inner\">\n<div class=\"ghostkit-col ghostkit-col-lg-12 ghostkit-col-1 is-layout-flow wp-block-grid-column-is-layout-flow\"><div class=\"ghostkit-col-content\"><\/div><\/div>\n\n\n\n<div class=\"ghostkit-col ghostkit-col-lg-12 ghostkit-col-5\"><div class=\"ghostkit-col-content is-layout-flow wp-block-grid-column-is-layout-flow\">\n<p>Produit et organis\u00e9 par <strong><a href=\"https:\/\/www.forumdesimages.fr\/\">Le Forum des images<\/a><\/strong> (institution culturelle subventionn\u00e9e par la <strong>Ville de Paris<\/strong>), NewImages Festival est n\u00e9 en janvier 2018 de l\u2019association entre le <strong>Paris Virtual Film Festival<\/strong> (juin 2016) et <strong>I Love Transm\u00e9dia <\/strong>(2011). <\/p>\n<\/div><\/div>\n\n\n\n<div class=\"ghostkit-col ghostkit-col-lg-12 ghostkit-col-4\"><div class=\"ghostkit-col-content is-layout-flow wp-block-grid-column-is-layout-flow\"><div class=\"wp-block-image\">\n<figure class=\"aligncenter size-medium is-resized\"><img loading=\"lazy\" decoding=\"async\" width=\"300\" height=\"141\" src=\"https:\/\/newimages-hub.com\/wp-content\/uploads\/2019\/03\/FDI_logo_CMNJ_rouge-1-300x141.png\" alt=\"\" class=\"wp-image-2595\" style=\"width:300px;height:141px\" srcset=\"https:\/\/newimages-hub.com\/wp-content\/uploads\/2019\/03\/FDI_logo_CMNJ_rouge-1-300x141.png 300w, https:\/\/newimages-hub.com\/wp-content\/uploads\/2019\/03\/FDI_logo_CMNJ_rouge-1-768x360.png 768w, https:\/\/newimages-hub.com\/wp-content\/uploads\/2019\/03\/FDI_logo_CMNJ_rouge-1.png 827w\" sizes=\"auto, (max-width: 300px) 100vw, 300px\" \/><\/figure><\/div><\/div><\/div>\n\n\n\n<div class=\"ghostkit-col ghostkit-col-2 is-layout-flow wp-block-grid-column-is-layout-flow\"><div class=\"ghostkit-col-content\"><\/div><\/div>\n<\/div><\/div>\n\n\n\n<p><\/p>\n","protected":false},"excerpt":{"rendered":"<p>Upcoming edition:9th edition April 8-12, 2026 \/ Festival extended till April 18 in our partners venues OFFER NEW NARRATIVESThe festival seeks to highlight the best of immersive creation through the presentation of artworks expressing strong worldviews. The program is firstly characterized by the variety of the immersive formats proposed, which enables the exploration of a [&hellip;]<\/p>\n","protected":false},"author":1605,"featured_media":0,"parent":0,"menu_order":125,"comment_status":"closed","ping_status":"closed","template":"","meta":{"ghostkit_customizer_options":"","ghostkit_custom_css":"","ghostkit_custom_js_head":"","ghostkit_custom_js_foot":"","ghostkit_typography":"","footnotes":""},"class_list":["post-67322","page","type-page","status-publish","hentry"],"acf":[],"yoast_head":"<!-- This site is optimized with the Yoast SEO plugin v24.7 - https:\/\/yoast.com\/wordpress\/plugins\/seo\/ -->\n<title>NewImages Festival | NewImages Festival<\/title>\n<meta name=\"description\" content=\"Le festival de la cr\u00e9ation num\u00e9rique et des mondes virtuels du Forum des images. 5\u00e8me \u00e9dition du 8 au 12 juin 2022 \u00e0 Paris et en ligne.\" \/>\n<meta name=\"robots\" content=\"index, follow, max-snippet:-1, max-image-preview:large, max-video-preview:-1\" \/>\n<link rel=\"canonical\" href=\"https:\/\/newimages-hub.com\/en\/newimages-festival\/\" \/>\n<meta property=\"og:locale\" content=\"en_US\" \/>\n<meta property=\"og:type\" content=\"article\" \/>\n<meta property=\"og:title\" content=\"NewImages Festival | NewImages Festival\" \/>\n<meta property=\"og:description\" content=\"Le festival de la cr\u00e9ation num\u00e9rique et des mondes virtuels du Forum des images. 5\u00e8me \u00e9dition du 8 au 12 juin 2022 \u00e0 Paris et en ligne.\" \/>\n<meta property=\"og:url\" content=\"https:\/\/newimages-hub.com\/en\/newimages-festival\/\" \/>\n<meta property=\"og:site_name\" content=\"NewImages Festival\" \/>\n<meta property=\"article:publisher\" content=\"https:\/\/www.facebook.com\/Newimages.Festival\/\" \/>\n<meta property=\"article:modified_time\" content=\"2026-02-24T14:02:49+00:00\" \/>\n<meta property=\"og:image\" content=\"https:\/\/newimages-hub.com\/wp-content\/uploads\/2025\/01\/nif25-banniere-2400x1260-1.jpg\" \/>\n\t<meta property=\"og:image:width\" content=\"2400\" \/>\n\t<meta property=\"og:image:height\" content=\"1260\" \/>\n\t<meta property=\"og:image:type\" content=\"image\/jpeg\" \/>\n<meta name=\"twitter:card\" content=\"summary_large_image\" \/>\n<meta name=\"twitter:site\" content=\"@Newimages_Paris\" \/>\n<meta name=\"twitter:label1\" content=\"Est. reading time\" \/>\n\t<meta name=\"twitter:data1\" content=\"2 minutes\" \/>\n<script type=\"application\/ld+json\" class=\"yoast-schema-graph\">{\"@context\":\"https:\/\/schema.org\",\"@graph\":[{\"@type\":\"WebPage\",\"@id\":\"https:\/\/newimages-hub.com\/en\/newimages-festival\/\",\"url\":\"https:\/\/newimages-hub.com\/en\/newimages-festival\/\",\"name\":\"NewImages Festival | NewImages Festival\",\"isPartOf\":{\"@id\":\"https:\/\/newimages-hub.com\/en\/#website\"},\"primaryImageOfPage\":{\"@id\":\"https:\/\/newimages-hub.com\/en\/newimages-festival\/#primaryimage\"},\"image\":{\"@id\":\"https:\/\/newimages-hub.com\/en\/newimages-festival\/#primaryimage\"},\"thumbnailUrl\":\"https:\/\/newimages-hub.com\/wp-content\/uploads\/2025\/01\/nif25-banniere-2400x1260-1-1024x538.jpg\",\"datePublished\":\"2023-03-07T21:45:43+00:00\",\"dateModified\":\"2026-02-24T14:02:49+00:00\",\"description\":\"Le festival de la cr\u00e9ation num\u00e9rique et des mondes virtuels du Forum des images. 5\u00e8me \u00e9dition du 8 au 12 juin 2022 \u00e0 Paris et en ligne.\",\"breadcrumb\":{\"@id\":\"https:\/\/newimages-hub.com\/en\/newimages-festival\/#breadcrumb\"},\"inLanguage\":\"en-US\",\"potentialAction\":[{\"@type\":\"ReadAction\",\"target\":[\"https:\/\/newimages-hub.com\/en\/newimages-festival\/\"]}]},{\"@type\":\"ImageObject\",\"inLanguage\":\"en-US\",\"@id\":\"https:\/\/newimages-hub.com\/en\/newimages-festival\/#primaryimage\",\"url\":\"https:\/\/newimages-hub.com\/wp-content\/uploads\/2025\/01\/nif25-banniere-2400x1260-1-1024x538.jpg\",\"contentUrl\":\"https:\/\/newimages-hub.com\/wp-content\/uploads\/2025\/01\/nif25-banniere-2400x1260-1-1024x538.jpg\"},{\"@type\":\"BreadcrumbList\",\"@id\":\"https:\/\/newimages-hub.com\/en\/newimages-festival\/#breadcrumb\",\"itemListElement\":[{\"@type\":\"ListItem\",\"position\":1,\"name\":\"Home\",\"item\":\"https:\/\/newimages-hub.com\/en\/\"},{\"@type\":\"ListItem\",\"position\":2,\"name\":\"NewImages Festival\"}]},{\"@type\":\"WebSite\",\"@id\":\"https:\/\/newimages-hub.com\/en\/#website\",\"url\":\"https:\/\/newimages-hub.com\/en\/\",\"name\":\"NewImages Festival\",\"description\":\"Le festival de la cr\u00e9ation num\u00e9rique et des mondes virtuels\",\"publisher\":{\"@id\":\"https:\/\/newimages-hub.com\/en\/#organization\"},\"potentialAction\":[{\"@type\":\"SearchAction\",\"target\":{\"@type\":\"EntryPoint\",\"urlTemplate\":\"https:\/\/newimages-hub.com\/en\/?s={search_term_string}\"},\"query-input\":{\"@type\":\"PropertyValueSpecification\",\"valueRequired\":true,\"valueName\":\"search_term_string\"}}],\"inLanguage\":\"en-US\"},{\"@type\":\"Organization\",\"@id\":\"https:\/\/newimages-hub.com\/en\/#organization\",\"name\":\"NewImages Festival\",\"url\":\"https:\/\/newimages-hub.com\/en\/\",\"logo\":{\"@type\":\"ImageObject\",\"inLanguage\":\"en-US\",\"@id\":\"https:\/\/newimages-hub.com\/en\/#\/schema\/logo\/image\/\",\"url\":\"https:\/\/newimages-hub.com\/wp-content\/uploads\/2025\/12\/NI_LOGO_ROSE_RVB-2.png\",\"contentUrl\":\"https:\/\/newimages-hub.com\/wp-content\/uploads\/2025\/12\/NI_LOGO_ROSE_RVB-2.png\",\"width\":1181,\"height\":447,\"caption\":\"NewImages Festival\"},\"image\":{\"@id\":\"https:\/\/newimages-hub.com\/en\/#\/schema\/logo\/image\/\"},\"sameAs\":[\"https:\/\/www.facebook.com\/Newimages.Festival\/\",\"https:\/\/x.com\/Newimages_Paris\",\"http:\/\/newimages.festival\",\"https:\/\/fr.linkedin.com\/company\/newimagesart\/\"]}]}<\/script>\n<!-- \/ Yoast SEO plugin. -->","yoast_head_json":{"title":"NewImages Festival | NewImages Festival","description":"Le festival de la cr\u00e9ation num\u00e9rique et des mondes virtuels du Forum des images. 5\u00e8me \u00e9dition du 8 au 12 juin 2022 \u00e0 Paris et en ligne.","robots":{"index":"index","follow":"follow","max-snippet":"max-snippet:-1","max-image-preview":"max-image-preview:large","max-video-preview":"max-video-preview:-1"},"canonical":"https:\/\/newimages-hub.com\/en\/newimages-festival\/","og_locale":"en_US","og_type":"article","og_title":"NewImages Festival | NewImages Festival","og_description":"Le festival de la cr\u00e9ation num\u00e9rique et des mondes virtuels du Forum des images. 5\u00e8me \u00e9dition du 8 au 12 juin 2022 \u00e0 Paris et en ligne.","og_url":"https:\/\/newimages-hub.com\/en\/newimages-festival\/","og_site_name":"NewImages Festival","article_publisher":"https:\/\/www.facebook.com\/Newimages.Festival\/","article_modified_time":"2026-02-24T14:02:49+00:00","og_image":[{"width":2400,"height":1260,"url":"https:\/\/newimages-hub.com\/wp-content\/uploads\/2025\/01\/nif25-banniere-2400x1260-1.jpg","type":"image\/jpeg"}],"twitter_card":"summary_large_image","twitter_site":"@Newimages_Paris","twitter_misc":{"Est. reading time":"2 minutes"},"schema":{"@context":"https:\/\/schema.org","@graph":[{"@type":"WebPage","@id":"https:\/\/newimages-hub.com\/en\/newimages-festival\/","url":"https:\/\/newimages-hub.com\/en\/newimages-festival\/","name":"NewImages Festival | NewImages Festival","isPartOf":{"@id":"https:\/\/newimages-hub.com\/en\/#website"},"primaryImageOfPage":{"@id":"https:\/\/newimages-hub.com\/en\/newimages-festival\/#primaryimage"},"image":{"@id":"https:\/\/newimages-hub.com\/en\/newimages-festival\/#primaryimage"},"thumbnailUrl":"https:\/\/newimages-hub.com\/wp-content\/uploads\/2025\/01\/nif25-banniere-2400x1260-1-1024x538.jpg","datePublished":"2023-03-07T21:45:43+00:00","dateModified":"2026-02-24T14:02:49+00:00","description":"Le festival de la cr\u00e9ation num\u00e9rique et des mondes virtuels du Forum des images. 5\u00e8me \u00e9dition du 8 au 12 juin 2022 \u00e0 Paris et en ligne.","breadcrumb":{"@id":"https:\/\/newimages-hub.com\/en\/newimages-festival\/#breadcrumb"},"inLanguage":"en-US","potentialAction":[{"@type":"ReadAction","target":["https:\/\/newimages-hub.com\/en\/newimages-festival\/"]}]},{"@type":"ImageObject","inLanguage":"en-US","@id":"https:\/\/newimages-hub.com\/en\/newimages-festival\/#primaryimage","url":"https:\/\/newimages-hub.com\/wp-content\/uploads\/2025\/01\/nif25-banniere-2400x1260-1-1024x538.jpg","contentUrl":"https:\/\/newimages-hub.com\/wp-content\/uploads\/2025\/01\/nif25-banniere-2400x1260-1-1024x538.jpg"},{"@type":"BreadcrumbList","@id":"https:\/\/newimages-hub.com\/en\/newimages-festival\/#breadcrumb","itemListElement":[{"@type":"ListItem","position":1,"name":"Home","item":"https:\/\/newimages-hub.com\/en\/"},{"@type":"ListItem","position":2,"name":"NewImages Festival"}]},{"@type":"WebSite","@id":"https:\/\/newimages-hub.com\/en\/#website","url":"https:\/\/newimages-hub.com\/en\/","name":"NewImages Festival","description":"Le festival de la cr\u00e9ation num\u00e9rique et des mondes virtuels","publisher":{"@id":"https:\/\/newimages-hub.com\/en\/#organization"},"potentialAction":[{"@type":"SearchAction","target":{"@type":"EntryPoint","urlTemplate":"https:\/\/newimages-hub.com\/en\/?s={search_term_string}"},"query-input":{"@type":"PropertyValueSpecification","valueRequired":true,"valueName":"search_term_string"}}],"inLanguage":"en-US"},{"@type":"Organization","@id":"https:\/\/newimages-hub.com\/en\/#organization","name":"NewImages Festival","url":"https:\/\/newimages-hub.com\/en\/","logo":{"@type":"ImageObject","inLanguage":"en-US","@id":"https:\/\/newimages-hub.com\/en\/#\/schema\/logo\/image\/","url":"https:\/\/newimages-hub.com\/wp-content\/uploads\/2025\/12\/NI_LOGO_ROSE_RVB-2.png","contentUrl":"https:\/\/newimages-hub.com\/wp-content\/uploads\/2025\/12\/NI_LOGO_ROSE_RVB-2.png","width":1181,"height":447,"caption":"NewImages Festival"},"image":{"@id":"https:\/\/newimages-hub.com\/en\/#\/schema\/logo\/image\/"},"sameAs":["https:\/\/www.facebook.com\/Newimages.Festival\/","https:\/\/x.com\/Newimages_Paris","http:\/\/newimages.festival","https:\/\/fr.linkedin.com\/company\/newimagesart\/"]}]}},"_links":{"self":[{"href":"https:\/\/newimages-hub.com\/en\/wp-json\/wp\/v2\/pages\/67322","targetHints":{"allow":["GET"]}}],"collection":[{"href":"https:\/\/newimages-hub.com\/en\/wp-json\/wp\/v2\/pages"}],"about":[{"href":"https:\/\/newimages-hub.com\/en\/wp-json\/wp\/v2\/types\/page"}],"author":[{"embeddable":true,"href":"https:\/\/newimages-hub.com\/en\/wp-json\/wp\/v2\/users\/1605"}],"replies":[{"embeddable":true,"href":"https:\/\/newimages-hub.com\/en\/wp-json\/wp\/v2\/comments?post=67322"}],"version-history":[{"count":38,"href":"https:\/\/newimages-hub.com\/en\/wp-json\/wp\/v2\/pages\/67322\/revisions"}],"predecessor-version":[{"id":73279,"href":"https:\/\/newimages-hub.com\/en\/wp-json\/wp\/v2\/pages\/67322\/revisions\/73279"}],"wp:attachment":[{"href":"https:\/\/newimages-hub.com\/en\/wp-json\/wp\/v2\/media?parent=67322"}],"curies":[{"name":"wp","href":"https:\/\/api.w.org\/{rel}","templated":true}]}}