{"id":68642,"date":"2023-05-23T11:59:55","date_gmt":"2023-05-23T09:59:55","guid":{"rendered":"https:\/\/newimages-hub.com\/archives\/nif-edition-2022\/"},"modified":"2023-05-23T14:49:46","modified_gmt":"2023-05-23T12:49:46","slug":"nif-edition-2022","status":"publish","type":"page","link":"https:\/\/newimages-hub.com\/en\/archives\/nif-edition-2022\/","title":{"rendered":"Throwback to the 5th edition (2022)"},"content":{"rendered":"<h1     class=\"main-title \">Throwback to the 5th edition June 8-12, 2022<\/h1>\n\n\n<div      class=\"chapo \"><p>For 5 days, NewImages Festival presented and rewarded the incredible dynamism of immersive art which, each year, never ceases to hybridize genres and formats, to give birth to new narratives and experiences. The Latin American immersive creation was honored this year with a retrospective of Fran\u00e7ois Vautier.<\/p>\n<\/div>\n\n\n\n<div style=\"height:30px\" aria-hidden=\"true\" class=\"wp-block-spacer\"><\/div>\n\n\n\n<div class=\"ghostkit-grid ghostkit-grid-gap-md\"><div class=\"ghostkit-grid-inner\">\n<div class=\"ghostkit-col ghostkit-col-md-12 ghostkit-col-6\"><div class=\"ghostkit-col-content is-layout-flow wp-block-grid-column-is-layout-flow\">\n<h3 class=\"ghostkit-custom-1qMSS4 wp-block-heading\" id=\"table-of-contents\">Table of contents<\/h3>\n\n\n\n<div style=\"height:30px\" aria-hidden=\"true\" class=\"wp-block-spacer\"><\/div>\n\n\n\n\n\n<div style=\"height:15px\" aria-hidden=\"true\" class=\"wp-block-spacer\"><\/div>\n\n\n\n<h3 class=\"ghostkit-custom-Z1vbvsv wp-block-heading\" id=\"download\">Download<\/h3>\n\n\n\n<div style=\"height:20px\" aria-hidden=\"true\" class=\"wp-block-spacer\"><\/div>\n\n\n\n<ul class=\"wp-block-list\">\n<li><a href=\"https:\/\/newimages-hub.com\/wp-content\/uploads\/2022\/06\/35787-brochure_nif22_bat-planches.pdf\" target=\"_blank\" rel=\"noreferrer noopener\">Catalog<\/a><\/li>\n\n\n\n<li><a href=\"https:\/\/newimages-hub.com\/wp-content\/uploads\/2023\/05\/NIF-2022-projets-x-Art-Fair-x-Decision-Makers_V3-1.pdf\" target=\"_blank\" rel=\"noreferrer noopener\">e-Catalog<\/a><a href=\"https:\/\/newimages-hub.com\/wp-content\/uploads\/2023\/05\/NIF-2022-projets-x-Art-Fair-x-Decision-Makers_V3-1.pdf\"> XR Markets<\/a><\/li>\n\n\n\n<li><a href=\"https:\/\/newimages-hub.com\/wp-content\/uploads\/2021\/05\/Dossier-de-presse-NewImages-Festival-2021.pdf\" target=\"_blank\" rel=\"noreferrer noopener\">Presse release<\/a><\/li>\n\n\n\n<li><a href=\"https:\/\/newimages-hub.com\/wp-content\/uploads\/2022\/06\/35787-le_palmar_s_de_la_5e_dition_de_newimages_festival-1.pdf\" target=\"_blank\" rel=\"noreferrer noopener\">Presse release &#8220;2022 Winning Projects&#8221;<\/a><\/li>\n<\/ul>\n<\/div><\/div>\n\n\n\n<div class=\"ghostkit-col ghostkit-col-md-12 ghostkit-col-6\"><div class=\"ghostkit-col-content is-layout-flow wp-block-grid-column-is-layout-flow\">\n<figure class=\"wp-block-embed is-type-video is-provider-youtube wp-block-embed-youtube wp-embed-aspect-16-9 wp-has-aspect-ratio\"><div class=\"wp-block-embed__wrapper\">\n<iframe loading=\"lazy\" title=\"NewImages Festival 2022 - 5e \u00e9dition - La bande-annonce\" width=\"1200\" height=\"675\" src=\"https:\/\/www.youtube.com\/embed\/9JiEis27LEo?feature=oembed\" frameborder=\"0\" allow=\"accelerometer; autoplay; clipboard-write; encrypted-media; gyroscope; picture-in-picture; web-share\" referrerpolicy=\"strict-origin-when-cross-origin\" allowfullscreen><\/iframe>\n<\/div><figcaption class=\"wp-element-caption\"><em><strong>Trailer 2022<\/strong><\/em><\/figcaption><\/figure>\n\n\n\n<div style=\"height:40px\" aria-hidden=\"true\" class=\"wp-block-spacer\"><\/div>\n<\/div><\/div>\n<\/div><\/div>\n\n\n\n<div style=\"height:20px\" aria-hidden=\"true\" class=\"wp-block-spacer\"><\/div>\n\n\n\n<h2 class=\"ghostkit-custom-Z273rLb wp-block-heading\" id=\"key-figures\">Key figures<\/h2>\n\n\n\n<div style=\"height:20px\" aria-hidden=\"true\" class=\"wp-block-spacer\"><\/div>\n\n\n\n<div class=\"ghostkit-grid ghostkit-grid-gap-md\"><div class=\"ghostkit-grid-inner\">\n<div class=\"ghostkit-col ghostkit-col-lg-12 ghostkit-col-3\"><div class=\"ghostkit-col-content is-layout-flow wp-block-grid-column-is-layout-flow\"><div      class=\"push background-white\">\n    <h2 class=\"push-title\">6000<\/h2>        <div class=\"push-content\"><p>visitors in the heart of Paris during the 5 days of the festival.<\/p>\n<\/div>    <\/div>\n<\/div><\/div>\n\n\n\n<div class=\"ghostkit-col ghostkit-col-lg-12 ghostkit-col-3\"><div class=\"ghostkit-col-content is-layout-flow wp-block-grid-column-is-layout-flow\"><div      class=\"push background-white\">\n    <h2 class=\"push-title\">900<\/h2>        <div class=\"push-content\"><p>professionals accredited to the Pro Days (+30%).<\/p>\n<\/div>    <\/div>\n<\/div><\/div>\n\n\n\n<div class=\"ghostkit-col ghostkit-col-lg-12 ghostkit-col-3\"><div class=\"ghostkit-col-content is-layout-flow wp-block-grid-column-is-layout-flow\"><div      class=\"push background-white\">\n    <h2 class=\"push-title\">200<\/h2>        <div class=\"push-content\"><p>speakers at the Pro and Market Days<\/p>\n<\/div>    <\/div>\n<\/div><\/div>\n\n\n\n<div class=\"ghostkit-col ghostkit-col-3\"><div class=\"ghostkit-col-content is-layout-flow wp-block-grid-column-is-layout-flow\"><div      class=\"push background-white\">\n    <h2 class=\"push-title\">50<\/h2>        <div class=\"push-content\"><p>nationalities represented among the professionals.<\/p>\n<\/div>    <\/div>\n<\/div><\/div>\n<\/div><\/div>\n\n\n\n<div style=\"height:30px\" aria-hidden=\"true\" class=\"wp-block-spacer\"><\/div>\n\n\n\n<div class=\"ghostkit-grid ghostkit-grid-gap-md\"><div class=\"ghostkit-grid-inner\">\n<div class=\"ghostkit-col ghostkit-col-lg-12 ghostkit-col-3\"><div class=\"ghostkit-col-content is-layout-flow wp-block-grid-column-is-layout-flow\"><div      class=\"push background-white\">\n    <h2 class=\"push-title\">823<\/h2>        <div class=\"push-content\"><p>appointments organized within the framework of the market (+34%).<\/p>\n<\/div>    <\/div>\n<\/div><\/div>\n\n\n\n<div class=\"ghostkit-col ghostkit-col-lg-12 ghostkit-col-3\"><div class=\"ghostkit-col-content is-layout-flow wp-block-grid-column-is-layout-flow\"><div      class=\"push background-white\">\n    <h2 class=\"push-title\">141<\/h2>        <div class=\"push-content\"><p>project presented at the XR Market.<\/p>\n<\/div>    <\/div>\n<\/div><\/div>\n\n\n\n<div class=\"ghostkit-col ghostkit-col-lg-12 ghostkit-col-3\"><div class=\"ghostkit-col-content is-layout-flow wp-block-grid-column-is-layout-flow\"><div      class=\"push background-white\">\n    <h2 class=\"push-title\">92<\/h2>        <div class=\"push-content\"><p>Decision Makers invited to meet the producers (+100%).<\/p>\n<\/div>    <\/div>\n<\/div><\/div>\n\n\n\n<div class=\"ghostkit-col ghostkit-col-3\"><div class=\"ghostkit-col-content is-layout-flow wp-block-grid-column-is-layout-flow\"><div      class=\"push background-white\">\n    <h2 class=\"push-title\">41<\/h2>        <div class=\"push-content\"><p>nationalities represented at the XR Market.<\/p>\n<\/div>    <\/div>\n<\/div><\/div>\n<\/div><\/div>\n\n\n\n<h2 class=\"ghostkit-custom-3Rwsv wp-block-heading\" id=\"selection-programme-invite\u00b7es\">Selection, program, guests<\/h2>\n\n\n\n<div style=\"height:20px\" aria-hidden=\"true\" class=\"wp-block-spacer\"><\/div>\n\n\n\n<div style=\"height:50px\" aria-hidden=\"true\" class=\"wp-block-spacer\"><\/div>\n\n\n\n<div class=\"ghostkit-grid ghostkit-grid-gap-md\"><div class=\"ghostkit-grid-inner\">\n<div class=\"ghostkit-col ghostkit-col-lg-12 ghostkit-col-4\"><div class=\"ghostkit-col-content is-layout-flow wp-block-grid-column-is-layout-flow\"><div      class=\"push background-green\">\n    <h2 class=\"push-title\">Immersive experiences<\/h2>        <div class=\"push-content\"><p>More than thirty immersive experiences and installations, including several exclusivities, were presented.<\/p>\n<\/div>    <a href=\"https:\/\/newimages-hub.com\/en\/selections-2022\/\" target=\"_blank\" class=\"button push-button\">See more<\/a><\/div>\n<\/div><\/div>\n\n\n\n<div class=\"ghostkit-col ghostkit-col-lg-12 ghostkit-col-4\"><div class=\"ghostkit-col-content is-layout-flow wp-block-grid-column-is-layout-flow\"><div      class=\"push background-blue\">\n    <h2 class=\"push-title\">NewImages XR Market Projects<\/h2>        <div class=\"push-content\"><p>Discover all the projects selected for the XR Development Market and finalized at the XR Art Fair!<\/p>\n<\/div>    <a href=\"https:\/\/newimages-hub.com\/en\/selections-2022\/\" target=\"_blank\" class=\"button push-button\">See more<\/a><\/div>\n<\/div><\/div>\n\n\n\n<div class=\"ghostkit-col ghostkit-col-lg-12 ghostkit-col-4\"><div class=\"ghostkit-col-content is-layout-flow wp-block-grid-column-is-layout-flow\"><div      class=\"push background-orange\">\n    <h2 class=\"push-title\">On the program of the Industry Days<\/h2>        <div class=\"push-content\"><p>Take the pulse of the XR industry and understand the challenges of tomorrow in the presence of XR industry leaders.<\/p>\n<\/div>    <a href=\"https:\/\/newimages-hub.com\/en\/2022-industry-days-schedule\/\" target=\"_blank\" class=\"button push-button\">See more<\/a><\/div>\n<\/div><\/div>\n<\/div><\/div>\n\n\n\n<h2 class=\"ghostkit-custom-Z1N2zMx wp-block-heading\" id=\"le-jury-les-laureat\u00b7es\">Members of the jury \/ winning projects<\/h2>\n\n\n\n<div style=\"height:20px\" aria-hidden=\"true\" class=\"wp-block-spacer\"><\/div>\n\n\n\n<div style=\"height:60px\" aria-hidden=\"true\" class=\"wp-block-spacer\"><\/div>\n\n\n\n<p>The award ceremony took place in the presence of the jury members: Brazilian cinematographer and director <strong>Priscila Guedes<\/strong>, French writer and director <strong>Abel Kohen<\/strong>, French electronic music producer and DJ <strong>Tomas More a.k.a. December<\/strong> and French writer, director and casting director <strong>St\u00e9phane Foenkinos<\/strong>!<\/p>\n\n\n\n<p>From the 15 immersive experiences selected at the XR Competition, the jury chose to award the following prizes:<\/p>\n\n\n\n<div class=\"ghostkit-grid ghostkit-grid-gap-md\"><div class=\"ghostkit-grid-inner\">\n<div class=\"ghostkit-col ghostkit-col-md-12 ghostkit-col-6\"><div class=\"ghostkit-col-content is-layout-flow wp-block-grid-column-is-layout-flow\">\n<ul class=\"wp-block-list\">\n<li><strong>Unframed Hand Puppets, Paul Klee<\/strong>\u00a0by Martin Charri\u00e8re and Nathana\u00ebl Monney won the Grand Prize<\/li>\n\n\n\n<li><strong>On the morning you wake<\/strong>\u00a0by Mike Brett, Arnaud Colinart, Steve Jamison, and Pierre Zandrowicz won the Special Jury Prize<\/li>\n\n\n\n<li><strong>Kubo Walks the City<\/strong>\u00a0by Hayoun Kwon won the Special Jury Prize LBE<\/li>\n\n\n\n<li><strong>Red Tail (episode 1)<\/strong>\u00a0by Fish Wang won a special mention<\/li>\n\n\n\n<li><strong>L\u2019Arbre-Soleil<\/strong>\u00a0by Charlotte-Am\u00e9lie Veaux and Yann Garreau won the Unifrance Prize<\/li>\n<\/ul>\n<\/div><\/div>\n\n\n\n<div class=\"ghostkit-col ghostkit-col-md-12 ghostkit-col-6\"><div class=\"ghostkit-col-content is-layout-flow wp-block-grid-column-is-layout-flow\">\n<ul class=\"wp-block-list\">\n<li><strong>When silence talks<\/strong>\u00a0by Paulina Donoso won the XR Market Award<\/li>\n<\/ul>\n\n\n\n<ul class=\"wp-block-list\">\n<li><strong>To make you dream<\/strong>\u00a0by Alice Lepetit won the Quito UDLA Immersive Residency<\/li>\n<\/ul>\n\n\n\n<ul class=\"wp-block-list\">\n<li><strong>Mono no aware\u00a0<\/strong>by Boris Labb\u00e9 won the Residenza XR Farnese \u2013 Medici<\/li>\n<\/ul>\n\n\n\n<ul class=\"wp-block-list\">\n<li><strong>Shift: The Inner Journey<\/strong>\u00a0by Dorian Rigal and Leon Denise won the Taiwan XR Residency<\/li>\n<\/ul>\n<\/div><\/div>\n<\/div><\/div>\n\n\n\n<div style=\"height:40px\" aria-hidden=\"true\" class=\"wp-block-spacer\"><\/div>\n\n\n\n<div class=\"ghostkit-grid ghostkit-grid-gap-md\"><div class=\"ghostkit-grid-inner\">\n<div class=\"ghostkit-col ghostkit-col-md-12 ghostkit-col-lg-6 ghostkit-col-3 is-layout-flow wp-block-grid-column-is-layout-flow\"><div class=\"ghostkit-col-content\"><\/div><\/div>\n\n\n\n<div class=\"ghostkit-col ghostkit-col-md-12 ghostkit-col-lg-6 ghostkit-col-3\"><div class=\"ghostkit-col-content is-layout-flow wp-block-grid-column-is-layout-flow\">\n<div class=\"wp-block-buttons is-layout-flex wp-block-buttons-is-layout-flex\">\n<div class=\"wp-block-button\"><a class=\"wp-block-button__link wp-element-button\" href=\"https:\/\/newimages-hub.com\/wp-content\/uploads\/2022\/06\/35787-le_palmar_s_de_la_5e_dition_de_newimages_festival-1.pdf\" target=\"_blank\" rel=\"noreferrer noopener\">Presse release<\/a><\/div>\n<\/div>\n<\/div><\/div>\n\n\n\n<div class=\"ghostkit-col ghostkit-col-md-12 ghostkit-col-lg-6 ghostkit-col-3\"><div class=\"ghostkit-col-content is-layout-flow wp-block-grid-column-is-layout-flow\">\n<div class=\"wp-block-buttons is-layout-flex wp-block-buttons-is-layout-flex\">\n<div class=\"wp-block-button\"><a class=\"wp-block-button__link wp-element-button\" href=\"https:\/\/newimages-hub.com\/en\/live-newimages-festival-closing-awards-ceremony\/\" target=\"_blank\" rel=\"noreferrer noopener\">Watch the closing ceremony<\/a><\/div>\n<\/div>\n<\/div><\/div>\n\n\n\n<div class=\"ghostkit-col ghostkit-col-md-12 ghostkit-col-lg-6 ghostkit-col-3 is-layout-flow wp-block-grid-column-is-layout-flow\"><div class=\"ghostkit-col-content\"><\/div><\/div>\n<\/div><\/div>\n\n\n\n<div style=\"height:20px\" aria-hidden=\"true\" class=\"wp-block-spacer\"><\/div>\n","protected":false},"excerpt":{"rendered":"<p>Key figures Selection, program, guests Members of the jury \/ winning projects The award ceremony took place in the presence of the jury members: Brazilian cinematographer and director Priscila Guedes, French writer and director Abel Kohen, French electronic music producer and DJ Tomas More a.k.a. December and French writer, director and casting director St\u00e9phane Foenkinos! [&hellip;]<\/p>\n","protected":false},"author":1605,"featured_media":46579,"parent":32140,"menu_order":104,"comment_status":"closed","ping_status":"closed","template":"","meta":{"ghostkit_customizer_options":"","ghostkit_custom_css":"","ghostkit_custom_js_head":"","ghostkit_custom_js_foot":"","ghostkit_typography":"","footnotes":""},"class_list":["post-68642","page","type-page","status-publish","has-post-thumbnail","hentry"],"acf":[],"yoast_head":"<!-- This site is optimized with the Yoast SEO plugin v24.7 - https:\/\/yoast.com\/wordpress\/plugins\/seo\/ -->\n<title>Throwback to the 5th edition (2022) | NewImages Festival<\/title>\n<meta name=\"description\" content=\"Du 9 au 13 juin 2021, cette 4\u00e8me \u00e9dition \u2013 labellis\u00e9e par la Saison Africa2020 \u2013 a c\u00e9l\u00e9br\u00e9 la cr\u00e9ation immersive sous toutes ses formes !\" \/>\n<meta name=\"robots\" content=\"index, follow, max-snippet:-1, max-image-preview:large, max-video-preview:-1\" \/>\n<link rel=\"canonical\" href=\"https:\/\/newimages-hub.com\/en\/archives\/nif-edition-2022\/\" \/>\n<meta property=\"og:locale\" content=\"en_US\" \/>\n<meta property=\"og:type\" content=\"article\" \/>\n<meta property=\"og:title\" content=\"Throwback to the 5th edition (2022) | NewImages Festival\" \/>\n<meta property=\"og:description\" content=\"Du 9 au 13 juin 2021, cette 4\u00e8me \u00e9dition \u2013 labellis\u00e9e par la Saison Africa2020 \u2013 a c\u00e9l\u00e9br\u00e9 la cr\u00e9ation immersive sous toutes ses formes !\" \/>\n<meta property=\"og:url\" content=\"https:\/\/newimages-hub.com\/en\/archives\/nif-edition-2022\/\" \/>\n<meta property=\"og:site_name\" content=\"NewImages Festival\" \/>\n<meta property=\"article:publisher\" content=\"https:\/\/www.facebook.com\/Newimages.Festival\/\" \/>\n<meta property=\"article:modified_time\" content=\"2023-05-23T12:49:46+00:00\" \/>\n<meta property=\"og:image\" content=\"https:\/\/newimages-hub.com\/wp-content\/uploads\/2021\/01\/NIF21_Bannie\u2560\u00c7re_2400x1260_FR_201130.jpg\" \/>\n\t<meta property=\"og:image:width\" content=\"2400\" \/>\n\t<meta property=\"og:image:height\" content=\"1260\" \/>\n\t<meta property=\"og:image:type\" content=\"image\/jpeg\" \/>\n<meta name=\"twitter:card\" content=\"summary_large_image\" \/>\n<meta name=\"twitter:site\" content=\"@Newimages_Paris\" \/>\n<meta name=\"twitter:label1\" content=\"Est. reading time\" \/>\n\t<meta name=\"twitter:data1\" content=\"2 minutes\" \/>\n<script type=\"application\/ld+json\" class=\"yoast-schema-graph\">{\"@context\":\"https:\/\/schema.org\",\"@graph\":[{\"@type\":\"WebPage\",\"@id\":\"https:\/\/newimages-hub.com\/en\/archives\/nif-edition-2022\/\",\"url\":\"https:\/\/newimages-hub.com\/en\/archives\/nif-edition-2022\/\",\"name\":\"Throwback to the 5th edition (2022) | NewImages Festival\",\"isPartOf\":{\"@id\":\"https:\/\/newimages-hub.com\/en\/#website\"},\"primaryImageOfPage\":{\"@id\":\"https:\/\/newimages-hub.com\/en\/archives\/nif-edition-2022\/#primaryimage\"},\"image\":{\"@id\":\"https:\/\/newimages-hub.com\/en\/archives\/nif-edition-2022\/#primaryimage\"},\"thumbnailUrl\":\"https:\/\/newimages-hub.com\/wp-content\/uploads\/2021\/01\/NIF21_Bannie\u2560\u00c7re_2400x1260_FR_201130.jpg\",\"datePublished\":\"2023-05-23T09:59:55+00:00\",\"dateModified\":\"2023-05-23T12:49:46+00:00\",\"description\":\"Du 9 au 13 juin 2021, cette 4\u00e8me \u00e9dition \u2013 labellis\u00e9e par la Saison Africa2020 \u2013 a c\u00e9l\u00e9br\u00e9 la cr\u00e9ation immersive sous toutes ses formes !\",\"breadcrumb\":{\"@id\":\"https:\/\/newimages-hub.com\/en\/archives\/nif-edition-2022\/#breadcrumb\"},\"inLanguage\":\"en-US\",\"potentialAction\":[{\"@type\":\"ReadAction\",\"target\":[\"https:\/\/newimages-hub.com\/en\/archives\/nif-edition-2022\/\"]}]},{\"@type\":\"ImageObject\",\"inLanguage\":\"en-US\",\"@id\":\"https:\/\/newimages-hub.com\/en\/archives\/nif-edition-2022\/#primaryimage\",\"url\":\"https:\/\/newimages-hub.com\/wp-content\/uploads\/2021\/01\/NIF21_Bannie\u2560\u00c7re_2400x1260_FR_201130.jpg\",\"contentUrl\":\"https:\/\/newimages-hub.com\/wp-content\/uploads\/2021\/01\/NIF21_Bannie\u2560\u00c7re_2400x1260_FR_201130.jpg\",\"width\":2400,\"height\":1260,\"caption\":\"accreditation\"},{\"@type\":\"BreadcrumbList\",\"@id\":\"https:\/\/newimages-hub.com\/en\/archives\/nif-edition-2022\/#breadcrumb\",\"itemListElement\":[{\"@type\":\"ListItem\",\"position\":1,\"name\":\"Home\",\"item\":\"https:\/\/newimages-hub.com\/en\/\"},{\"@type\":\"ListItem\",\"position\":2,\"name\":\"Archives\",\"item\":\"https:\/\/newimages-hub.com\/en\/archives\/\"},{\"@type\":\"ListItem\",\"position\":3,\"name\":\"Throwback to the 5th edition (2022)\"}]},{\"@type\":\"WebSite\",\"@id\":\"https:\/\/newimages-hub.com\/en\/#website\",\"url\":\"https:\/\/newimages-hub.com\/en\/\",\"name\":\"NewImages Festival\",\"description\":\"Le festival de la cr\u00e9ation num\u00e9rique et des mondes virtuels\",\"publisher\":{\"@id\":\"https:\/\/newimages-hub.com\/en\/#organization\"},\"potentialAction\":[{\"@type\":\"SearchAction\",\"target\":{\"@type\":\"EntryPoint\",\"urlTemplate\":\"https:\/\/newimages-hub.com\/en\/?s={search_term_string}\"},\"query-input\":{\"@type\":\"PropertyValueSpecification\",\"valueRequired\":true,\"valueName\":\"search_term_string\"}}],\"inLanguage\":\"en-US\"},{\"@type\":\"Organization\",\"@id\":\"https:\/\/newimages-hub.com\/en\/#organization\",\"name\":\"NewImages Festival\",\"url\":\"https:\/\/newimages-hub.com\/en\/\",\"logo\":{\"@type\":\"ImageObject\",\"inLanguage\":\"en-US\",\"@id\":\"https:\/\/newimages-hub.com\/en\/#\/schema\/logo\/image\/\",\"url\":\"https:\/\/newimages-hub.com\/wp-content\/uploads\/2025\/12\/NI_LOGO_ROSE_RVB-2.png\",\"contentUrl\":\"https:\/\/newimages-hub.com\/wp-content\/uploads\/2025\/12\/NI_LOGO_ROSE_RVB-2.png\",\"width\":1181,\"height\":447,\"caption\":\"NewImages Festival\"},\"image\":{\"@id\":\"https:\/\/newimages-hub.com\/en\/#\/schema\/logo\/image\/\"},\"sameAs\":[\"https:\/\/www.facebook.com\/Newimages.Festival\/\",\"https:\/\/x.com\/Newimages_Paris\",\"http:\/\/newimages.festival\",\"https:\/\/fr.linkedin.com\/company\/newimagesart\/\"]}]}<\/script>\n<!-- \/ Yoast SEO plugin. -->","yoast_head_json":{"title":"Throwback to the 5th edition (2022) | NewImages Festival","description":"Du 9 au 13 juin 2021, cette 4\u00e8me \u00e9dition \u2013 labellis\u00e9e par la Saison Africa2020 \u2013 a c\u00e9l\u00e9br\u00e9 la cr\u00e9ation immersive sous toutes ses formes !","robots":{"index":"index","follow":"follow","max-snippet":"max-snippet:-1","max-image-preview":"max-image-preview:large","max-video-preview":"max-video-preview:-1"},"canonical":"https:\/\/newimages-hub.com\/en\/archives\/nif-edition-2022\/","og_locale":"en_US","og_type":"article","og_title":"Throwback to the 5th edition (2022) | NewImages Festival","og_description":"Du 9 au 13 juin 2021, cette 4\u00e8me \u00e9dition \u2013 labellis\u00e9e par la Saison Africa2020 \u2013 a c\u00e9l\u00e9br\u00e9 la cr\u00e9ation immersive sous toutes ses formes !","og_url":"https:\/\/newimages-hub.com\/en\/archives\/nif-edition-2022\/","og_site_name":"NewImages Festival","article_publisher":"https:\/\/www.facebook.com\/Newimages.Festival\/","article_modified_time":"2023-05-23T12:49:46+00:00","og_image":[{"width":2400,"height":1260,"url":"https:\/\/newimages-hub.com\/wp-content\/uploads\/2021\/01\/NIF21_Bannie\u2560\u00c7re_2400x1260_FR_201130.jpg","type":"image\/jpeg"}],"twitter_card":"summary_large_image","twitter_site":"@Newimages_Paris","twitter_misc":{"Est. reading time":"2 minutes"},"schema":{"@context":"https:\/\/schema.org","@graph":[{"@type":"WebPage","@id":"https:\/\/newimages-hub.com\/en\/archives\/nif-edition-2022\/","url":"https:\/\/newimages-hub.com\/en\/archives\/nif-edition-2022\/","name":"Throwback to the 5th edition (2022) | NewImages Festival","isPartOf":{"@id":"https:\/\/newimages-hub.com\/en\/#website"},"primaryImageOfPage":{"@id":"https:\/\/newimages-hub.com\/en\/archives\/nif-edition-2022\/#primaryimage"},"image":{"@id":"https:\/\/newimages-hub.com\/en\/archives\/nif-edition-2022\/#primaryimage"},"thumbnailUrl":"https:\/\/newimages-hub.com\/wp-content\/uploads\/2021\/01\/NIF21_Bannie\u2560\u00c7re_2400x1260_FR_201130.jpg","datePublished":"2023-05-23T09:59:55+00:00","dateModified":"2023-05-23T12:49:46+00:00","description":"Du 9 au 13 juin 2021, cette 4\u00e8me \u00e9dition \u2013 labellis\u00e9e par la Saison Africa2020 \u2013 a c\u00e9l\u00e9br\u00e9 la cr\u00e9ation immersive sous toutes ses formes !","breadcrumb":{"@id":"https:\/\/newimages-hub.com\/en\/archives\/nif-edition-2022\/#breadcrumb"},"inLanguage":"en-US","potentialAction":[{"@type":"ReadAction","target":["https:\/\/newimages-hub.com\/en\/archives\/nif-edition-2022\/"]}]},{"@type":"ImageObject","inLanguage":"en-US","@id":"https:\/\/newimages-hub.com\/en\/archives\/nif-edition-2022\/#primaryimage","url":"https:\/\/newimages-hub.com\/wp-content\/uploads\/2021\/01\/NIF21_Bannie\u2560\u00c7re_2400x1260_FR_201130.jpg","contentUrl":"https:\/\/newimages-hub.com\/wp-content\/uploads\/2021\/01\/NIF21_Bannie\u2560\u00c7re_2400x1260_FR_201130.jpg","width":2400,"height":1260,"caption":"accreditation"},{"@type":"BreadcrumbList","@id":"https:\/\/newimages-hub.com\/en\/archives\/nif-edition-2022\/#breadcrumb","itemListElement":[{"@type":"ListItem","position":1,"name":"Home","item":"https:\/\/newimages-hub.com\/en\/"},{"@type":"ListItem","position":2,"name":"Archives","item":"https:\/\/newimages-hub.com\/en\/archives\/"},{"@type":"ListItem","position":3,"name":"Throwback to the 5th edition (2022)"}]},{"@type":"WebSite","@id":"https:\/\/newimages-hub.com\/en\/#website","url":"https:\/\/newimages-hub.com\/en\/","name":"NewImages Festival","description":"Le festival de la cr\u00e9ation num\u00e9rique et des mondes virtuels","publisher":{"@id":"https:\/\/newimages-hub.com\/en\/#organization"},"potentialAction":[{"@type":"SearchAction","target":{"@type":"EntryPoint","urlTemplate":"https:\/\/newimages-hub.com\/en\/?s={search_term_string}"},"query-input":{"@type":"PropertyValueSpecification","valueRequired":true,"valueName":"search_term_string"}}],"inLanguage":"en-US"},{"@type":"Organization","@id":"https:\/\/newimages-hub.com\/en\/#organization","name":"NewImages Festival","url":"https:\/\/newimages-hub.com\/en\/","logo":{"@type":"ImageObject","inLanguage":"en-US","@id":"https:\/\/newimages-hub.com\/en\/#\/schema\/logo\/image\/","url":"https:\/\/newimages-hub.com\/wp-content\/uploads\/2025\/12\/NI_LOGO_ROSE_RVB-2.png","contentUrl":"https:\/\/newimages-hub.com\/wp-content\/uploads\/2025\/12\/NI_LOGO_ROSE_RVB-2.png","width":1181,"height":447,"caption":"NewImages Festival"},"image":{"@id":"https:\/\/newimages-hub.com\/en\/#\/schema\/logo\/image\/"},"sameAs":["https:\/\/www.facebook.com\/Newimages.Festival\/","https:\/\/x.com\/Newimages_Paris","http:\/\/newimages.festival","https:\/\/fr.linkedin.com\/company\/newimagesart\/"]}]}},"_links":{"self":[{"href":"https:\/\/newimages-hub.com\/en\/wp-json\/wp\/v2\/pages\/68642","targetHints":{"allow":["GET"]}}],"collection":[{"href":"https:\/\/newimages-hub.com\/en\/wp-json\/wp\/v2\/pages"}],"about":[{"href":"https:\/\/newimages-hub.com\/en\/wp-json\/wp\/v2\/types\/page"}],"author":[{"embeddable":true,"href":"https:\/\/newimages-hub.com\/en\/wp-json\/wp\/v2\/users\/1605"}],"replies":[{"embeddable":true,"href":"https:\/\/newimages-hub.com\/en\/wp-json\/wp\/v2\/comments?post=68642"}],"version-history":[{"count":23,"href":"https:\/\/newimages-hub.com\/en\/wp-json\/wp\/v2\/pages\/68642\/revisions"}],"predecessor-version":[{"id":68675,"href":"https:\/\/newimages-hub.com\/en\/wp-json\/wp\/v2\/pages\/68642\/revisions\/68675"}],"up":[{"embeddable":true,"href":"https:\/\/newimages-hub.com\/en\/wp-json\/wp\/v2\/pages\/32140"}],"wp:featuredmedia":[{"embeddable":true,"href":"https:\/\/newimages-hub.com\/en\/wp-json\/wp\/v2\/media\/46579"}],"wp:attachment":[{"href":"https:\/\/newimages-hub.com\/en\/wp-json\/wp\/v2\/media?parent=68642"}],"curies":[{"name":"wp","href":"https:\/\/api.w.org\/{rel}","templated":true}]}}