{"id":72823,"date":"2025-03-18T19:12:49","date_gmt":"2025-03-18T18:12:49","guid":{"rendered":"https:\/\/newimages-hub.com\/?page_id=72823"},"modified":"2025-04-01T17:54:09","modified_gmt":"2025-04-01T15:54:09","slug":"programmation-artistique-2025","status":"publish","type":"page","link":"https:\/\/newimages-hub.com\/en\/newimages-festival\/programmation-artistique-2025\/","title":{"rendered":"Artistic program 2025"},"content":{"rendered":"<h1     class=\"main-title \">Une programmation artistique internationale<\/h1>\n\n<div style=\"height:20px\" aria-hidden=\"true\" class=\"wp-block-spacer\"><\/div>\n<div      class=\"chapo \"><p>Chaque ann\u00e9e, NewImages Festival propose une programmation artistique s&#8217;articulant autour de deux sections : la <strong>XR Competition<\/strong> et la <strong>Hors-Comp\u00e9tition<\/strong>. Rendez-vous du 9 au 13 avril 2025 pour d\u00e9couvrir l&#8217;ensemble des \u0153uvres !<\/p>\n<p><strong>Retrouvez le programme complet du festival ci-dessous !<\/strong><\/p>\n<p>&nbsp;<\/p>\n<\/div>\n\n<h2 class=\"wp-block-heading\" id=\"XR-competition\"><br\/><strong><mark class=\"ghostkit-highlight\">XR Competition<\/mark><\/strong><\/h2>\n\n<p>Pendant 5 jours, la XR Competition pr\u00e9sente <strong>14 \u0153uvres<\/strong> immersives qui concourent pour l&#8217;attribution d&#8217;une dotation allant de 3 000 \u00e0 6 000\u20ac.<\/p>\n\n<p><strong>SELECTION XR COMPETITION 2025 <\/strong><\/p>\n\n<iframe src=\"https:\/\/app.swapcard.com\/widget\/event\/newimages-festival-2025\/exhibitors\/RXZlbnRWaWV3XzkyMDc4OA==?showActions=true\" style=\"border: none; margin: 0px; width: 100%; display: block; height: calc(100vh - 100px);\"><\/iframe>\n\n<h2 class=\"wp-block-heading\" id=\"hors-competition\"><strong><mark class=\"ghostkit-highlight\">Hors-Comp\u00e9tition<\/mark><\/strong><\/h2>\n\n<p>En 2025, la th\u00e9matique de l&#8217;<strong>Alt\u00e9rit\u00e9<\/strong> est \u00e0 l\u2019honneur. La s\u00e9lection proposera <strong>12 \u0153uvres<\/strong> \u00e0 la riche diversit\u00e9 de formats.<\/p>\n\n<p><strong>SELECTION HORS-COMPETITION 2025<\/strong><\/p>\n\n<iframe src=\"https:\/\/app.swapcard.com\/widget\/event\/newimages-festival-2025\/exhibitors\/RXZlbnRWaWV3XzEwNDg1ODk=?showActions=true\" style=\"border: none; margin: 0px; width: 100%; display: block; height: calc(100vh - 100px);\"><\/iframe>\n\n<h2 class=\"wp-block-heading\" id=\"rencontres-avec-le-grand-public\"><mark class=\"ghostkit-highlight\"><strong>Rencontres avec le grand public<\/strong><\/mark><\/h2>\n\n<p>Entre <strong>exposition en acc\u00e8s libre<\/strong> sous la Canop\u00e9e du Forum des Halles, <strong>exp\u00e9riences immersives en salle<\/strong> et <strong>conf\u00e9rences<\/strong> au Forum des images, NewImages Festival invite cette ann\u00e9e du <strong>9 au 13 avril<\/strong> \u00e0 explorer des \u0153uvres qui interrogent notre perception \u00e0 travers la r\u00e9alit\u00e9 virtuelle, la r\u00e9alit\u00e9 augment\u00e9e, la r\u00e9alit\u00e9 mixte, les installations de spectacles interactifs et les jeux vid\u00e9o immersifs.<\/p>\n\n<h2 class=\"wp-block-heading\" id=\"exposition-immersive-acces-libre-sous-la-canopee\"><strong>Exposition immersive &#8211; Acc\u00e8s libre sous la Canop\u00e9e<\/strong><\/h2>\n\n<p>Venez d\u00e9couvrir <strong>gratuitement<\/strong> une s\u00e9lection d\u2019\u0153uvres issues de la XR Competition et de la Hors-comp\u00e9tition, r\u00e9unies autour du th\u00e8me de l\u2019alt\u00e9rit\u00e9. Que ce soit \u00e0 travers des mondes virtuels, des installations artistiques ou des exp\u00e9riences interactives, ces cr\u00e9ations repoussent les fronti\u00e8res de la narration et de la perception.<\/p>\n\n<p><strong>Infos pratiques :<\/strong><\/p>\n\n<p><strong>Dates :<\/strong> de 18h \u00e0 20h du mercredi 9 au vendredi 11 avril et de 11h \u00e0 19h le samedi 12 et dimanche 13 avril.<br\/><strong>Lieu :<\/strong> Forum des images, Westfield Forum des Halles, 2 rue du Cin\u00e9ma.<\/p>\n\n<h2 class=\"wp-block-heading\" id=\"experiences-immersives-au-forum-des-images\"><strong>Exp\u00e9riences immersives au Forum des images <\/strong><\/h2>\n\n<p>Pour aller encore plus loin, <strong>deux exp\u00e9riences immersives uniques<\/strong> seront propos\u00e9es en salle :<\/p>\n\n<p><strong><mark class=\"ghostkit-highlight\"><strong>Territoires Immersifs \u2013 VR en salle de cin\u00e9ma<\/strong><\/mark><\/strong><\/p>\n\n<p>Plongez dans une exp\u00e9rience collective in\u00e9dite o\u00f9 la VR rencontre le grand \u00e9cran. Cette programmation de films en r\u00e9alit\u00e9 virtuelle, accompagn\u00e9e d\u2019un son immersif, interroge la notion d\u2019alt\u00e9rit\u00e9 sous diff\u00e9rents prismes et sera suivie d\u2019un temps d\u2019\u00e9change avec le public.<\/p>\n\n<p><strong>Infos pratiques :<\/strong><\/p>\n\n<p><strong>Dates : <\/strong>mercredi 9 avril \u00e0 19h \/ vendredi 11 avril \u00e0 19h \/ samedi 12 avril \u00e0 14h et \u00e0 15h30.<br\/><strong>Lieu :<\/strong> Forum des images, Westfield Forum des Halles, 2 rue du Cin\u00e9ma.<br\/><strong>Tarif unique :<\/strong> 4 \u20ac (r\u00e9servation recommand\u00e9e).<\/p>\n\n<p><strong><mark class=\"ghostkit-highlight\"><strong>Les Naufrag\u00e9s \u2013 Performance immersive<\/strong> <\/mark><\/strong><\/p>\n\n<p>Inspir\u00e9e des mythes du th\u00e9\u00e2tre japonais et de l\u2019univers de Miyazaki, cette exp\u00e9rience sonore et lumineuse collective vous invite \u00e0 explorer les personnages qui vous habitent. Une cr\u00e9ation sensible et po\u00e9tique qui m\u00eale narration et immersion pour un voyage unique.<\/p>\n\n<p><strong>Infos pratiques :<\/strong><\/p>\n\n<p><strong>Dates <\/strong>: jeudi 10 avril \u00e0 18h et \u00e0 19h30 \/ samedi 12 avril \u00e0 18h et \u00e0 19h30 \/ dimanche 13 avril \u00e0 14h et 15h30<br\/><strong>Lieu :<\/strong> Forum des images, Westfield Forum des Halles, 2 rue du Cin\u00e9ma.<br\/><strong>Tarif unique :<\/strong> 4 \u20ac (r\u00e9servation recommand\u00e9e)<\/p>\n\n<h2 class=\"wp-block-heading\" id=\"deux-conferences-incontournables-a-newimages-festival-2025\"><strong>Deux conf\u00e9rences incontournables \u00e0 NewImages Festival 2025 <\/strong><\/h2>\n\n<p>En plus de ses exp\u00e9riences immersives et de son exposition en acc\u00e8s libre, NewImages Festival 2025 propose <strong>deux grandes conf\u00e9rences qui questionnent l\u2019impact des technologies sur nos soci\u00e9t\u00e9s<\/strong>. Artistes, chercheur\u00b7ses, penseur\u00b7ses et professionnel\u00b7les du secteur se r\u00e9unissent pour analyser les enjeux cruciaux de l\u2019intelligence artificielle et des industries immersives.<\/p>\n\n<p><strong><mark class=\"ghostkit-highlight\">Du code \u00e0 la conscience : comprendre l\u2019IA, un enjeu de r\u00e9sistance<\/mark><\/strong><\/p>\n\n<p>Les IA se multiplient et se perfectionnent, mais comprenons-nous r\u00e9ellement comment elles fonctionnent et qui les contr\u00f4le ? Dans un monde o\u00f9 une poign\u00e9e d\u2019acteurs d\u00e9tient les cl\u00e9s de ces technologies, il devient urgent de questionner leur d\u00e9veloppement. Venez assister \u00e0 une discussion ouverte avec des artistes, des scientifiques, des intellectuel\u00b7les et\u2026 une intelligence artificielle.<\/p>\n\n<p><strong>Infos pratiques :<\/strong><\/p>\n\n<p><strong>Dates <\/strong>: samedi 12 avril \u00e0 17h.<br\/><strong>Lieu :<\/strong> Forum des images, Westfield Forum des Halles, 2 rue du Cin\u00e9ma.<br\/><strong>Tarif unique :<\/strong> 4 \u20ac (r\u00e9servation recommand\u00e9e).<\/p>\n\n<div class=\"wp-block-buttons is-layout-flex wp-block-buttons-is-layout-flex\">\n<div class=\"wp-block-button\"><a class=\"wp-block-button__link wp-element-button\" href=\"https:\/\/www.forumdesimages.fr\/du-code-la-conscience-comprendre-lia-un-enjeu-de-resistance\">R<strong>\u00c9<\/strong>SERVER VOTRE PLACE<\/a><\/div>\n<\/div>\n\n<p><strong>I<\/strong><\/p>\n\n<p><strong><mark class=\"ghostkit-highlight\">\u00c9tats, milliardaires, soci\u00e9t\u00e9s : qui investit dans l\u2019immersif, l\u2019IA et les r\u00e9seaux sociaux ?<\/mark><\/strong><\/p>\n\n<p>Les grandes entreprises, les \u00c9tats et les milliardaires injectent des sommes colossales dans les r\u00e9seaux sociaux, l\u2019intelligence artificielle et les exp\u00e9riences immersives. Mais pourquoi ces nouvelles formes de m\u00e9dias et de narration suscitent-elles un tel int\u00e9r\u00eat ? Quels en sont les enjeux \u00e9conomiques, culturels et politiques ? D\u00e9cryptage lors d\u2019un \u00e9change passionnant avec des expert\u00b7es du secteur.<\/p>\n\n<p><strong>Infos pratiques :<\/strong><\/p>\n\n<p><strong>Dates :<\/strong> dimanche 13 avril \u00e0 17h.<br\/><strong>Lieu :<\/strong> Forum des images, Westfield Forum des Halles, 2 rue du Cin\u00e9ma.<br\/><strong>Tarif unique <\/strong>: 4 \u20ac (r\u00e9servation recommand\u00e9e).<\/p>\n\n<div class=\"wp-block-buttons is-layout-flex wp-block-buttons-is-layout-flex\">\n<div class=\"wp-block-button\"><a class=\"wp-block-button__link wp-element-button\" href=\"https:\/\/www.forumdesimages.fr\/etats-milliardaires-societes-qui-investit-dans-limmersif-la-ia-et-les-reseaux-sociaux\">R<strong>\u00c9<\/strong>SERVER VOTRE PLACE<\/a><\/div>\n<\/div>\n\n<h2 class=\"wp-block-heading\" id=\"vous-n-etes-pas-encore-accredite-es\"><strong>Vous n&#8217;\u00eates pas encore accr\u00e9dit\u00e9\u00b7es ?<\/strong><\/h2>\n\n<p>Que vous soyez curieux\u00b7se de d\u00e9couvrir de nouvelles formes de storytelling ou passionn\u00e9\u00b7e par les technologies immersives, NewImages Festival 2025 vous propose une programmation riche et accessible pour explorer le futur de la cr\u00e9ation immersive. <strong>Venez vivre des exp\u00e9riences hors du commun !\u00a0<\/strong><\/p>\n\n<div class=\"wp-block-buttons is-layout-flex wp-block-buttons-is-layout-flex\">\n<div class=\"wp-block-button\"><a class=\"wp-block-button__link wp-element-button\" href=\"https:\/\/eu.avolio.swapcard.com\/newimagesfestival2025\/index\/registrations\/Start\">Accr\u00e9ditez-vous d\u00e8s maintenant !<\/a><\/div>\n<\/div>\n\n<div style=\"height:50px\" aria-hidden=\"true\" class=\"wp-block-spacer\"><\/div>\n\n<p><strong><mark class=\"ghostkit-highlight\">Suivez toutes les actualit\u00e9s NewImages en vous inscrivant \u00e0 notre <a href=\"https:\/\/go.forumdesimages.fr\/l\/931723\/2021-12-22\/7q9q\">newsletter pro<\/a> !<\/mark><\/strong><\/p>\n\n<div style=\"height:139px\" aria-hidden=\"true\" class=\"wp-block-spacer\"><\/div>\n\n<div class=\"ghostkit-grid ghostkit-grid-gap-md\"><div class=\"ghostkit-grid-inner\">\n<div class=\"ghostkit-col ghostkit-col-lg-12 ghostkit-col-1 is-layout-flow wp-block-grid-column-is-layout-flow\"><div class=\"ghostkit-col-content\"><\/div><\/div>\n\n\n\n<div class=\"ghostkit-col ghostkit-col-lg-12 ghostkit-col-5\"><div class=\"ghostkit-col-content is-layout-flow wp-block-grid-column-is-layout-flow\">\n<p>Produit et organis\u00e9 par <strong><a href=\"https:\/\/www.forumdesimages.fr\/\">Le Forum des images<\/a><\/strong> (institution culturelle subventionn\u00e9e par la <strong>Ville de Paris<\/strong>), NewImages Festival est n\u00e9 en janvier 2018 de l\u2019association entre le <strong>Paris Virtual Film Festival<\/strong> (juin 2016) et <strong>I Love Transm\u00e9dia <\/strong>(2011). <\/p>\n<\/div><\/div>\n\n\n\n<div class=\"ghostkit-col ghostkit-col-lg-12 ghostkit-col-4\"><div class=\"ghostkit-col-content is-layout-flow wp-block-grid-column-is-layout-flow\"><div class=\"wp-block-image is-resized\">\n<figure class=\"aligncenter size-medium\"><img loading=\"lazy\" decoding=\"async\" width=\"300\" height=\"141\" src=\"https:\/\/newimages-hub.com\/wp-content\/uploads\/2019\/03\/FDI_logo_CMNJ_rouge-1-300x141.png\" alt=\"\" class=\"wp-image-2595\" srcset=\"https:\/\/newimages-hub.com\/wp-content\/uploads\/2019\/03\/FDI_logo_CMNJ_rouge-1-300x141.png 300w, https:\/\/newimages-hub.com\/wp-content\/uploads\/2019\/03\/FDI_logo_CMNJ_rouge-1-768x360.png 768w, https:\/\/newimages-hub.com\/wp-content\/uploads\/2019\/03\/FDI_logo_CMNJ_rouge-1.png 827w\" sizes=\"auto, (max-width: 300px) 100vw, 300px\" \/><\/figure><\/div><\/div><\/div>\n\n\n\n<div class=\"ghostkit-col ghostkit-col-2 is-layout-flow wp-block-grid-column-is-layout-flow\"><div class=\"ghostkit-col-content\"><\/div><\/div>\n<\/div><\/div>\n\n<p><\/p>\n","protected":false},"excerpt":{"rendered":"<p>XR Competition Pendant 5 jours, la XR Competition pr\u00e9sente 14 \u0153uvres immersives qui concourent pour l&#8217;attribution d&#8217;une dotation allant de 3 000 \u00e0 6 000\u20ac. SELECTION XR COMPETITION 2025 Hors-Comp\u00e9tition En 2025, la th\u00e9matique de l&#8217;Alt\u00e9rit\u00e9 est \u00e0 l\u2019honneur. La s\u00e9lection proposera 12 \u0153uvres \u00e0 la riche diversit\u00e9 de formats. SELECTION HORS-COMPETITION 2025 Rencontres avec [&hellip;]<\/p>\n","protected":false},"author":1644,"featured_media":72782,"parent":67322,"menu_order":108,"comment_status":"closed","ping_status":"closed","template":"","meta":{"ghostkit_customizer_options":"","ghostkit_custom_css":"","ghostkit_custom_js_head":"","ghostkit_custom_js_foot":"","ghostkit_typography":"","footnotes":""},"class_list":["post-72823","page","type-page","status-publish","has-post-thumbnail","hentry"],"acf":[],"yoast_head":"<!-- This site is optimized with the Yoast SEO plugin v24.7 - https:\/\/yoast.com\/wordpress\/plugins\/seo\/ -->\n<title>Artistic program 2025 | NewImages Festival<\/title>\n<meta name=\"description\" content=\"D\u00e9couvrez la programmation de la 8\u00e8me \u00e9dition de NewImages Festival. Rendez-vous du 9 au 13 avril 2025 pour d\u00e9couvrir l&#039;ensemble des \u0153uvres !\" \/>\n<meta name=\"robots\" content=\"index, follow, max-snippet:-1, max-image-preview:large, max-video-preview:-1\" \/>\n<link rel=\"canonical\" href=\"https:\/\/newimages-hub.com\/en\/newimages-festival\/programmation-artistique-2025\/\" \/>\n<meta property=\"og:locale\" content=\"en_US\" \/>\n<meta property=\"og:type\" content=\"article\" \/>\n<meta property=\"og:title\" content=\"Artistic program 2025 | NewImages Festival\" \/>\n<meta property=\"og:description\" content=\"D\u00e9couvrez la programmation de la 8\u00e8me \u00e9dition de NewImages Festival. Rendez-vous du 9 au 13 avril 2025 pour d\u00e9couvrir l&#039;ensemble des \u0153uvres !\" \/>\n<meta property=\"og:url\" content=\"https:\/\/newimages-hub.com\/en\/newimages-festival\/programmation-artistique-2025\/\" \/>\n<meta property=\"og:site_name\" content=\"NewImages Festival\" \/>\n<meta property=\"article:publisher\" content=\"https:\/\/www.facebook.com\/Newimages.Festival\/\" \/>\n<meta property=\"article:modified_time\" content=\"2025-04-01T15:54:09+00:00\" \/>\n<meta property=\"og:image\" content=\"https:\/\/newimages-hub.com\/wp-content\/uploads\/2025\/03\/nif25-banniere-2400x440EN-1024x538.png\" \/>\n\t<meta property=\"og:image:width\" content=\"1024\" \/>\n\t<meta property=\"og:image:height\" content=\"538\" \/>\n\t<meta property=\"og:image:type\" content=\"image\/png\" \/>\n<meta name=\"twitter:card\" content=\"summary_large_image\" \/>\n<meta name=\"twitter:site\" content=\"@Newimages_Paris\" \/>\n<meta name=\"twitter:label1\" content=\"Est. reading time\" \/>\n\t<meta name=\"twitter:data1\" content=\"5 minutes\" \/>\n<script type=\"application\/ld+json\" class=\"yoast-schema-graph\">{\"@context\":\"https:\/\/schema.org\",\"@graph\":[{\"@type\":\"WebPage\",\"@id\":\"https:\/\/newimages-hub.com\/en\/newimages-festival\/programmation-artistique-2025\/\",\"url\":\"https:\/\/newimages-hub.com\/en\/newimages-festival\/programmation-artistique-2025\/\",\"name\":\"Artistic program 2025 | NewImages Festival\",\"isPartOf\":{\"@id\":\"https:\/\/newimages-hub.com\/en\/#website\"},\"primaryImageOfPage\":{\"@id\":\"https:\/\/newimages-hub.com\/en\/newimages-festival\/programmation-artistique-2025\/#primaryimage\"},\"image\":{\"@id\":\"https:\/\/newimages-hub.com\/en\/newimages-festival\/programmation-artistique-2025\/#primaryimage\"},\"thumbnailUrl\":\"https:\/\/newimages-hub.com\/wp-content\/uploads\/2025\/03\/nif25-banniere-2400x440EN.png\",\"datePublished\":\"2025-03-18T18:12:49+00:00\",\"dateModified\":\"2025-04-01T15:54:09+00:00\",\"description\":\"D\u00e9couvrez la programmation de la 8\u00e8me \u00e9dition de NewImages Festival. Rendez-vous du 9 au 13 avril 2025 pour d\u00e9couvrir l'ensemble des \u0153uvres !\",\"breadcrumb\":{\"@id\":\"https:\/\/newimages-hub.com\/en\/newimages-festival\/programmation-artistique-2025\/#breadcrumb\"},\"inLanguage\":\"en-US\",\"potentialAction\":[{\"@type\":\"ReadAction\",\"target\":[\"https:\/\/newimages-hub.com\/en\/newimages-festival\/programmation-artistique-2025\/\"]}]},{\"@type\":\"ImageObject\",\"inLanguage\":\"en-US\",\"@id\":\"https:\/\/newimages-hub.com\/en\/newimages-festival\/programmation-artistique-2025\/#primaryimage\",\"url\":\"https:\/\/newimages-hub.com\/wp-content\/uploads\/2025\/03\/nif25-banniere-2400x440EN.png\",\"contentUrl\":\"https:\/\/newimages-hub.com\/wp-content\/uploads\/2025\/03\/nif25-banniere-2400x440EN.png\",\"width\":2400,\"height\":1260},{\"@type\":\"BreadcrumbList\",\"@id\":\"https:\/\/newimages-hub.com\/en\/newimages-festival\/programmation-artistique-2025\/#breadcrumb\",\"itemListElement\":[{\"@type\":\"ListItem\",\"position\":1,\"name\":\"Home\",\"item\":\"https:\/\/newimages-hub.com\/en\/\"},{\"@type\":\"ListItem\",\"position\":2,\"name\":\"NewImages Festival\",\"item\":\"https:\/\/newimages-hub.com\/en\/newimages-festival\/\"},{\"@type\":\"ListItem\",\"position\":3,\"name\":\"Artistic program 2025\"}]},{\"@type\":\"WebSite\",\"@id\":\"https:\/\/newimages-hub.com\/en\/#website\",\"url\":\"https:\/\/newimages-hub.com\/en\/\",\"name\":\"NewImages Festival\",\"description\":\"Le festival de la cr\u00e9ation num\u00e9rique et des mondes virtuels\",\"publisher\":{\"@id\":\"https:\/\/newimages-hub.com\/en\/#organization\"},\"potentialAction\":[{\"@type\":\"SearchAction\",\"target\":{\"@type\":\"EntryPoint\",\"urlTemplate\":\"https:\/\/newimages-hub.com\/en\/?s={search_term_string}\"},\"query-input\":{\"@type\":\"PropertyValueSpecification\",\"valueRequired\":true,\"valueName\":\"search_term_string\"}}],\"inLanguage\":\"en-US\"},{\"@type\":\"Organization\",\"@id\":\"https:\/\/newimages-hub.com\/en\/#organization\",\"name\":\"NewImages Festival\",\"url\":\"https:\/\/newimages-hub.com\/en\/\",\"logo\":{\"@type\":\"ImageObject\",\"inLanguage\":\"en-US\",\"@id\":\"https:\/\/newimages-hub.com\/en\/#\/schema\/logo\/image\/\",\"url\":\"https:\/\/newimages-hub.com\/wp-content\/uploads\/2025\/12\/NI_LOGO_ROSE_RVB-2.png\",\"contentUrl\":\"https:\/\/newimages-hub.com\/wp-content\/uploads\/2025\/12\/NI_LOGO_ROSE_RVB-2.png\",\"width\":1181,\"height\":447,\"caption\":\"NewImages Festival\"},\"image\":{\"@id\":\"https:\/\/newimages-hub.com\/en\/#\/schema\/logo\/image\/\"},\"sameAs\":[\"https:\/\/www.facebook.com\/Newimages.Festival\/\",\"https:\/\/x.com\/Newimages_Paris\",\"http:\/\/newimages.festival\",\"https:\/\/fr.linkedin.com\/company\/newimagesart\/\"]}]}<\/script>\n<!-- \/ Yoast SEO plugin. -->","yoast_head_json":{"title":"Artistic program 2025 | NewImages Festival","description":"D\u00e9couvrez la programmation de la 8\u00e8me \u00e9dition de NewImages Festival. Rendez-vous du 9 au 13 avril 2025 pour d\u00e9couvrir l'ensemble des \u0153uvres !","robots":{"index":"index","follow":"follow","max-snippet":"max-snippet:-1","max-image-preview":"max-image-preview:large","max-video-preview":"max-video-preview:-1"},"canonical":"https:\/\/newimages-hub.com\/en\/newimages-festival\/programmation-artistique-2025\/","og_locale":"en_US","og_type":"article","og_title":"Artistic program 2025 | NewImages Festival","og_description":"D\u00e9couvrez la programmation de la 8\u00e8me \u00e9dition de NewImages Festival. Rendez-vous du 9 au 13 avril 2025 pour d\u00e9couvrir l'ensemble des \u0153uvres !","og_url":"https:\/\/newimages-hub.com\/en\/newimages-festival\/programmation-artistique-2025\/","og_site_name":"NewImages Festival","article_publisher":"https:\/\/www.facebook.com\/Newimages.Festival\/","article_modified_time":"2025-04-01T15:54:09+00:00","og_image":[{"width":1024,"height":538,"url":"https:\/\/newimages-hub.com\/wp-content\/uploads\/2025\/03\/nif25-banniere-2400x440EN-1024x538.png","type":"image\/png"}],"twitter_card":"summary_large_image","twitter_site":"@Newimages_Paris","twitter_misc":{"Est. reading time":"5 minutes"},"schema":{"@context":"https:\/\/schema.org","@graph":[{"@type":"WebPage","@id":"https:\/\/newimages-hub.com\/en\/newimages-festival\/programmation-artistique-2025\/","url":"https:\/\/newimages-hub.com\/en\/newimages-festival\/programmation-artistique-2025\/","name":"Artistic program 2025 | NewImages Festival","isPartOf":{"@id":"https:\/\/newimages-hub.com\/en\/#website"},"primaryImageOfPage":{"@id":"https:\/\/newimages-hub.com\/en\/newimages-festival\/programmation-artistique-2025\/#primaryimage"},"image":{"@id":"https:\/\/newimages-hub.com\/en\/newimages-festival\/programmation-artistique-2025\/#primaryimage"},"thumbnailUrl":"https:\/\/newimages-hub.com\/wp-content\/uploads\/2025\/03\/nif25-banniere-2400x440EN.png","datePublished":"2025-03-18T18:12:49+00:00","dateModified":"2025-04-01T15:54:09+00:00","description":"D\u00e9couvrez la programmation de la 8\u00e8me \u00e9dition de NewImages Festival. Rendez-vous du 9 au 13 avril 2025 pour d\u00e9couvrir l'ensemble des \u0153uvres !","breadcrumb":{"@id":"https:\/\/newimages-hub.com\/en\/newimages-festival\/programmation-artistique-2025\/#breadcrumb"},"inLanguage":"en-US","potentialAction":[{"@type":"ReadAction","target":["https:\/\/newimages-hub.com\/en\/newimages-festival\/programmation-artistique-2025\/"]}]},{"@type":"ImageObject","inLanguage":"en-US","@id":"https:\/\/newimages-hub.com\/en\/newimages-festival\/programmation-artistique-2025\/#primaryimage","url":"https:\/\/newimages-hub.com\/wp-content\/uploads\/2025\/03\/nif25-banniere-2400x440EN.png","contentUrl":"https:\/\/newimages-hub.com\/wp-content\/uploads\/2025\/03\/nif25-banniere-2400x440EN.png","width":2400,"height":1260},{"@type":"BreadcrumbList","@id":"https:\/\/newimages-hub.com\/en\/newimages-festival\/programmation-artistique-2025\/#breadcrumb","itemListElement":[{"@type":"ListItem","position":1,"name":"Home","item":"https:\/\/newimages-hub.com\/en\/"},{"@type":"ListItem","position":2,"name":"NewImages Festival","item":"https:\/\/newimages-hub.com\/en\/newimages-festival\/"},{"@type":"ListItem","position":3,"name":"Artistic program 2025"}]},{"@type":"WebSite","@id":"https:\/\/newimages-hub.com\/en\/#website","url":"https:\/\/newimages-hub.com\/en\/","name":"NewImages Festival","description":"Le festival de la cr\u00e9ation num\u00e9rique et des mondes virtuels","publisher":{"@id":"https:\/\/newimages-hub.com\/en\/#organization"},"potentialAction":[{"@type":"SearchAction","target":{"@type":"EntryPoint","urlTemplate":"https:\/\/newimages-hub.com\/en\/?s={search_term_string}"},"query-input":{"@type":"PropertyValueSpecification","valueRequired":true,"valueName":"search_term_string"}}],"inLanguage":"en-US"},{"@type":"Organization","@id":"https:\/\/newimages-hub.com\/en\/#organization","name":"NewImages Festival","url":"https:\/\/newimages-hub.com\/en\/","logo":{"@type":"ImageObject","inLanguage":"en-US","@id":"https:\/\/newimages-hub.com\/en\/#\/schema\/logo\/image\/","url":"https:\/\/newimages-hub.com\/wp-content\/uploads\/2025\/12\/NI_LOGO_ROSE_RVB-2.png","contentUrl":"https:\/\/newimages-hub.com\/wp-content\/uploads\/2025\/12\/NI_LOGO_ROSE_RVB-2.png","width":1181,"height":447,"caption":"NewImages Festival"},"image":{"@id":"https:\/\/newimages-hub.com\/en\/#\/schema\/logo\/image\/"},"sameAs":["https:\/\/www.facebook.com\/Newimages.Festival\/","https:\/\/x.com\/Newimages_Paris","http:\/\/newimages.festival","https:\/\/fr.linkedin.com\/company\/newimagesart\/"]}]}},"_links":{"self":[{"href":"https:\/\/newimages-hub.com\/en\/wp-json\/wp\/v2\/pages\/72823","targetHints":{"allow":["GET"]}}],"collection":[{"href":"https:\/\/newimages-hub.com\/en\/wp-json\/wp\/v2\/pages"}],"about":[{"href":"https:\/\/newimages-hub.com\/en\/wp-json\/wp\/v2\/types\/page"}],"author":[{"embeddable":true,"href":"https:\/\/newimages-hub.com\/en\/wp-json\/wp\/v2\/users\/1644"}],"replies":[{"embeddable":true,"href":"https:\/\/newimages-hub.com\/en\/wp-json\/wp\/v2\/comments?post=72823"}],"version-history":[{"count":15,"href":"https:\/\/newimages-hub.com\/en\/wp-json\/wp\/v2\/pages\/72823\/revisions"}],"predecessor-version":[{"id":73024,"href":"https:\/\/newimages-hub.com\/en\/wp-json\/wp\/v2\/pages\/72823\/revisions\/73024"}],"up":[{"embeddable":true,"href":"https:\/\/newimages-hub.com\/en\/wp-json\/wp\/v2\/pages\/67322"}],"wp:featuredmedia":[{"embeddable":true,"href":"https:\/\/newimages-hub.com\/en\/wp-json\/wp\/v2\/media\/72782"}],"wp:attachment":[{"href":"https:\/\/newimages-hub.com\/en\/wp-json\/wp\/v2\/media?parent=72823"}],"curies":[{"name":"wp","href":"https:\/\/api.w.org\/{rel}","templated":true}]}}